{"id":13614,"date":"2025-12-18T11:40:17","date_gmt":"2025-12-18T11:40:17","guid":{"rendered":"https:\/\/sabanadelamartours.com\/?post_type=product&#038;p=13614"},"modified":"2026-02-11T11:02:57","modified_gmt":"2026-02-11T11:02:57","slug":"excursion-ville-coloniale-phare-et-parc-des-3-yeux","status":"publish","type":"product","link":"https:\/\/sabanadelamartours.com\/fr\/tournee\/excursion-ville-coloniale-phare-et-parc-des-3-yeux\/","title":{"rendered":"Excursion : La ville coloniale, le phare de Col\u00f3n et le parc des 3 yeux"},"content":{"rendered":"<p>Au cours de cette exp\u00e9rience, nous parcourrons en d\u00e9tail tous les points embl\u00e9matiques de la zone touristique de Saint-Domingue, en fournissant des informations d\u00e9taill\u00e9es et en prenant le temps n\u00e9cessaire pour le faire.<\/p>\n<p>PARADE DANS LE PARC COLON :<\/p>\n<p>Nous commencerons notre voyage par le parc Col\u00f3n, qui est l'\u00e9picentre de la ville coloniale et sert d'espace central de loisirs. Vous y trouverez une riche concentration de monuments remarquables, tels que la cath\u00e9drale Primada de Am\u00e9rica, le premier conseil municipal de Saint-Domingue, la pittoresque rue El Conde, des restaurants c\u00e9l\u00e8bres, des boutiques et bien d'autres attractions. Au c\u0153ur de ce parc se trouve la statue de Christophe Colomb, \u00e9rig\u00e9e en 1887 par le talentueux sculpteur fran\u00e7ais Ernesto Gilbert.<\/p>\n<p>D\u00e9fil\u00e9 dans la cath\u00e9drale Primada de Am\u00e9rica :<\/p>\n<p>Cette cath\u00e9drale et basilique mineure, situ\u00e9e dans la ville coloniale de Saint-Domingue, en R\u00e9publique dominicaine, est consacr\u00e9e \u00e0 Santa Mar\u00eda de la Encarnaci\u00f3n, \u00e9galement connue sous le nom d'Annonciation. Officiellement, elle porte le nom de Santa Church Cathedral Metropolitan Basilica of Our Lady Santa Mar\u00eda de la Encarnaci\u00f3n ou Annunciation. Elle est situ\u00e9e \u00e0 l'intersection des rues Meri\u00f1o et Isabela la Cat\u00f3lica, pr\u00e8s du parc Col\u00f3n. Son entr\u00e9e principale est orient\u00e9e vers l'ouest, en face de la rue Meri\u00f1o, pr\u00e8s de l'angle avec la rue Nouel.<\/p>\n<p>Parada in Panteon Nacional :<\/p>\n<p>Le Panth\u00e9on national est un lieu d\u00e9di\u00e9 \u00e0 \u00eatre un mausol\u00e9e o\u00f9 sont conserv\u00e9es les d\u00e9pouilles mortelles des figures marquantes de l'histoire de la R\u00e9publique dominicaine. Cette enceinte compte environ 36 espaces vides destin\u00e9s \u00e0 accueillir les d\u00e9pouilles des futurs h\u00e9ros nationaux. En outre, il comprend un espace sans plaque sp\u00e9cifique en l'honneur du soldat inconnu.<\/p>\n<p>Arr\u00eat au mus\u00e9e des maisons royales :<\/p>\n<p>Le mus\u00e9e des maisons royales, anciennement connu sous le nom de palais royaux \u00e0 l'\u00e9poque de la capitainerie g\u00e9n\u00e9rale et de la province, est install\u00e9 dans deux palais datant du XVIe si\u00e8cle. Il a \u00e9t\u00e9 construit sur ordre de la Couronne de Castille, sous le r\u00e8gne de Fernando II d'Aragon.<\/p>\n<p>Arr\u00eat \u00e0 Alcazar de Colon :<\/p>\n<p>L'Alc\u00e1zar de Col\u00f3n a \u00e9t\u00e9 construit entre 1511 et 1514, en s'inspirant d'un ch\u00e2teau existant \u00e0 Mancera de Abajo, Salamanque (Espagne), dont il reste des ruines.<\/p>\n<p>Arr\u00eat au phare pour le colon :<\/p>\n<p>Ce monument a la forme d'une croix, qui symbolise la christianisation des Am\u00e9riques, et a des dimensions approximatives de 800 m\u00e8tres de long sur 36,5 m\u00e8tres de haut. On a affirm\u00e9 qu'\u00e0 cet endroit se trouvaient les restes de l'amiral Christophe Colomb, bien qu'une analyse g\u00e9n\u00e9tique ait montr\u00e9 que cette affirmation \u00e9tait erron\u00e9e, les restes de Christophe Colomb se trouvant dans la cath\u00e9drale de S\u00e9ville.<\/p>\n<p>Arr\u00eat dans le parc national de Los Tres Eyes :<\/p>\n<div class=\"toggle-content__content toggle-content__content--expanded toggle-content__content--packable\" data-v-59485d64=\"\">\n<div data-test-id=\"activity-full-description-text\" data-v-5835c99c=\"\">Ce parc national abrite l'un des secrets naturels les mieux pr\u00e9serv\u00e9s de la ville, qui comprend quatre lacs diff\u00e9rents : Le lac de soufre, le r\u00e9frig\u00e9rateur, les dames et les salaramagullones.<\/div>\n<\/div>\n<div class=\"toggle-content__label-placeholder\" data-v-59485d64=\"\"><\/div>","protected":false},"excerpt":{"rendered":"<div data-track=\"overview\" data-v-83a2b402=\"\">\n<section id=\"activity-overview\" class=\"activity-overview\" data-component=\"overview\" data-v-83a2b402=\"\" data-v-f3236c42=\"\">\n<p class=\"activity-overview__content\" data-test-id=\"activity-overview-content\" data-v-f3236c42=\"\">Entrez dans la richesse culturelle et historique de Saint-Domingue avec cette visite d'une demi-journ\u00e9e de la capitale. Accompagnez votre guide pendant que vous explorez les monuments les plus importants de la ville coloniale.<\/p>\n<\/section>\n<\/div>\n<div data-track=\"key-details\" data-v-83a2b402=\"\"><\/div>","protected":false},"featured_media":13895,"template":"","meta":[],"product_brand":[],"product_cat":[97],"product_tag":[101,102],"class_list":{"0":"post-13614","1":"product","2":"type-product","3":"status-publish","4":"has-post-thumbnail","6":"product_cat-dominican-republic","7":"product_tag-excursion","8":"product_tag-tour","10":"first","11":"instock","12":"shipping-taxable","13":"product-type-external"},"_links":{"self":[{"href":"https:\/\/sabanadelamartours.com\/fr\/wp-json\/wp\/v2\/product\/13614","targetHints":{"allow":["GET"]}}],"collection":[{"href":"https:\/\/sabanadelamartours.com\/fr\/wp-json\/wp\/v2\/product"}],"about":[{"href":"https:\/\/sabanadelamartours.com\/fr\/wp-json\/wp\/v2\/types\/product"}],"version-history":[{"count":2,"href":"https:\/\/sabanadelamartours.com\/fr\/wp-json\/wp\/v2\/product\/13614\/revisions"}],"predecessor-version":[{"id":18975,"href":"https:\/\/sabanadelamartours.com\/fr\/wp-json\/wp\/v2\/product\/13614\/revisions\/18975"}],"wp:featuredmedia":[{"embeddable":true,"href":"https:\/\/sabanadelamartours.com\/fr\/wp-json\/wp\/v2\/media\/13895"}],"wp:attachment":[{"href":"https:\/\/sabanadelamartours.com\/fr\/wp-json\/wp\/v2\/media?parent=13614"}],"wp:term":[{"taxonomy":"product_brand","embeddable":true,"href":"https:\/\/sabanadelamartours.com\/fr\/wp-json\/wp\/v2\/product_brand?post=13614"},{"taxonomy":"product_cat","embeddable":true,"href":"https:\/\/sabanadelamartours.com\/fr\/wp-json\/wp\/v2\/product_cat?post=13614"},{"taxonomy":"product_tag","embeddable":true,"href":"https:\/\/sabanadelamartours.com\/fr\/wp-json\/wp\/v2\/product_tag?post=13614"}],"curies":[{"name":"wp","href":"https:\/\/api.w.org\/{rel}","templated":true}]}}