{"id":13624,"date":"2025-12-18T11:40:43","date_gmt":"2025-12-18T11:40:43","guid":{"rendered":"https:\/\/sabanadelamartours.com\/?post_type=product&#038;p=13624"},"modified":"2026-01-07T12:00:39","modified_gmt":"2026-01-07T12:00:39","slug":"samana-cayo-levantado-isla-bacardi-y-la-magnifica-cascada","status":"publish","type":"product","link":"https:\/\/sabanadelamartours.com\/fr\/tournee\/samana-cayo-levantado-isla-bacardi-y-la-magnifica-cascada\/","title":{"rendered":"Saman\u00e1 : Cayo Levantado, Isla Bacard\u00ed et la Magnifique Cascada"},"content":{"rendered":"<p>D\u00e9couvrez la merveilleuse p\u00e9ninsule de Saman\u00e1 lors d'une excursion d'une journ\u00e9e passionnante au d\u00e9part de Punta Cana. Immergez-vous dans la beaut\u00e9 naturelle de la r\u00e9gion tout en explorant ses principales attractions.<\/p>\n<p>Nous commen\u00e7ons par un service de ramassage pratique \u00e0 Punta Cana, Bayahibe ou B\u00e1varo, suivi d'un voyage pittoresque dans la r\u00e9gion des Miches, en passant par de charmantes villes dominicaines. \u00c0 l'arriv\u00e9e \u00e0 la ville de La Ca\u00f1ita, nous embarquons sur un bateau en direction de la p\u00e9ninsule de Saman\u00e1.<\/p>\n<p>Une fois sur place, nous nous enfon\u00e7ons dans la jungle montagneuse luxuriante \u00e0 bord d'un passionnant safari en camion. Profitez d'une paisible promenade \u00e0 cheval jusqu'\u00e0 l'impressionnante cascade d'El L\u00edmon, o\u00f9 vous pourrez vous rafra\u00eechir en plongeant sous ses flots, entour\u00e9 d'une nature des plus exotiques.<\/p>\n<p>Ensuite, nous retournons au quai pour d\u00e9guster un d\u00e9licieux d\u00e9jeuner de cuisine dominicaine authentique.<\/p>\n<p>L'aventure se poursuit par une croisi\u00e8re relaxante en catamaran jusqu'\u00e0 Cayo Levanto. Profitez de 90 minutes de repos sur ses plages de sable blanc et ses eaux cristallines.<\/p>\n<div class=\"toggle-content__content toggle-content__content--expanded toggle-content__content--packable\" data-v-59485d64=\"\">\n<div data-test-id=\"activity-full-description-text\" data-v-5835c99c=\"\">Enfin, nous retournons \u00e0 La Ca\u00f1ita pour prendre le bus qui vous ram\u00e8nera \u00e0 votre h\u00e9bergement, le c\u0153ur plein de souvenirs d'une journ\u00e9e inoubliable sur l'impressionnante p\u00e9ninsule de Saman\u00e1.<\/div>\n<\/div>\n<div class=\"toggle-content__label-placeholder\" data-v-59485d64=\"\"><\/div>","protected":false},"excerpt":{"rendered":"<div data-track=\"overview\" data-v-83a2b402=\"\">\n<section id=\"activity-overview\" class=\"activity-overview\" data-component=\"overview\" data-v-83a2b402=\"\" data-v-f3236c42=\"\">\n<p class=\"activity-overview__content\" data-test-id=\"activity-overview-content\" data-v-f3236c42=\"\">D\u00e9couvrez la magie de Saman\u00e1 : Explorez le paradis de Cayo Levantado, d\u00e9couvrez les secrets de l'\u00eele Bacardi et \u00e9merveillez-vous devant la spectaculaire chute d'eau.<\/p>\n<\/section>\n<\/div>\n<div data-track=\"key-details\" data-v-83a2b402=\"\"><\/div>","protected":false},"featured_media":13915,"template":"","meta":[],"product_brand":[],"product_cat":[97],"product_tag":[101,102],"class_list":{"0":"post-13624","1":"product","2":"type-product","3":"status-publish","4":"has-post-thumbnail","6":"product_cat-dominican-republic","7":"product_tag-excursion","8":"product_tag-tour","10":"first","11":"instock","12":"shipping-taxable","13":"product-type-external"},"_links":{"self":[{"href":"https:\/\/sabanadelamartours.com\/fr\/wp-json\/wp\/v2\/product\/13624","targetHints":{"allow":["GET"]}}],"collection":[{"href":"https:\/\/sabanadelamartours.com\/fr\/wp-json\/wp\/v2\/product"}],"about":[{"href":"https:\/\/sabanadelamartours.com\/fr\/wp-json\/wp\/v2\/types\/product"}],"version-history":[{"count":1,"href":"https:\/\/sabanadelamartours.com\/fr\/wp-json\/wp\/v2\/product\/13624\/revisions"}],"predecessor-version":[{"id":18610,"href":"https:\/\/sabanadelamartours.com\/fr\/wp-json\/wp\/v2\/product\/13624\/revisions\/18610"}],"wp:featuredmedia":[{"embeddable":true,"href":"https:\/\/sabanadelamartours.com\/fr\/wp-json\/wp\/v2\/media\/13915"}],"wp:attachment":[{"href":"https:\/\/sabanadelamartours.com\/fr\/wp-json\/wp\/v2\/media?parent=13624"}],"wp:term":[{"taxonomy":"product_brand","embeddable":true,"href":"https:\/\/sabanadelamartours.com\/fr\/wp-json\/wp\/v2\/product_brand?post=13624"},{"taxonomy":"product_cat","embeddable":true,"href":"https:\/\/sabanadelamartours.com\/fr\/wp-json\/wp\/v2\/product_cat?post=13624"},{"taxonomy":"product_tag","embeddable":true,"href":"https:\/\/sabanadelamartours.com\/fr\/wp-json\/wp\/v2\/product_tag?post=13624"}],"curies":[{"name":"wp","href":"https:\/\/api.w.org\/{rel}","templated":true}]}}