{"id":13857,"date":"2025-12-18T11:51:05","date_gmt":"2025-12-18T11:51:05","guid":{"rendered":"https:\/\/sabanadelamartours.com\/?post_type=product&#038;p=13857"},"modified":"2026-01-06T14:27:00","modified_gmt":"2026-01-06T14:27:00","slug":"-250","status":"publish","type":"product","link":"https:\/\/sabanadelamartours.com\/fr\/tournee\/-250\/","title":{"rendered":"Apprendre \u00e0 danser la Bachata comme un pro \u00e0 Punta Cana"},"content":{"rendered":"<p>You can\u2019t visit the Dominican Republic and not learn to dance Bachata. Bachata music is a huge part the Dominican culture and has since been adopted abroad.<\/p>\n<p>In this experience, you\u2019ll learn to dance Bachata like a pro under one hour. You\u2019ll be taught by a native Dominican who dances for a living and professionally.<\/p>\n<p>Breakdown of the experience:<\/p>\n<p>-Meet &amp; Greet<\/p>\n<p>-Short demonstration of the dance<\/p>\n<p>-Solo: learning the basic steps<\/p>\n<p>Break<\/p>\n<p>-Duo: learning to dance with a partner<\/p>\n<p>-Duo: practice with different partners<\/p>\n<p>-Tips and feedback from our instructor<\/p>\n<p>This unique experience is great for singles, couples, families and groups of friends.<\/p>\n<p>Are you ready to impress your partner, friends or family with your newly acquired dance moves?<\/p>\n<p>See you on the other side \ud83d\ude42 Transportation available upon request ($).<\/p>\n<div class=\"toggle-content__content toggle-content__content--expanded toggle-content__content--packable\" data-v-59485d64=\"\">\n<div data-test-id=\"activity-full-description-text\" data-v-5835c99c=\"\">***PS: The classes on Wednesdays are at the Punta Danza studio. A piece of ID will be required upon reservation to be allowed in at the security gate.<\/div>\n<\/div>\n<div class=\"toggle-content__label-placeholder\" data-v-59485d64=\"\"><\/div>","protected":false},"excerpt":{"rendered":"<div data-track=\"overview\" data-v-83a2b402=\"\">\n<section id=\"activity-overview\" class=\"activity-overview\" data-component=\"overview\" data-v-83a2b402=\"\" data-v-f3236c42=\"\">\n<p class=\"activity-overview__content\" data-test-id=\"activity-overview-content\" data-v-f3236c42=\"\">La RD est le berceau de la musique Bachata et vous pouvez apprendre \u00e0 danser comme un pro en seulement une heure avec un danseur professionnel natif de la R\u00e9publique dominicaine. Pr\u00eat \u00e0 impressionner vos proches avec vos nouveaux mouvements de danse ?<\/p>\n<\/section>\n<\/div>\n<div data-track=\"key-details\" data-v-83a2b402=\"\"><\/div>","protected":false},"featured_media":12905,"template":"","meta":[],"product_brand":[],"product_cat":[97],"product_tag":[101,102],"class_list":{"0":"post-13857","1":"product","2":"type-product","3":"status-publish","4":"has-post-thumbnail","6":"product_cat-dominican-republic","7":"product_tag-excursion","8":"product_tag-tour","10":"first","11":"instock","12":"shipping-taxable","13":"product-type-external"},"_links":{"self":[{"href":"https:\/\/sabanadelamartours.com\/fr\/wp-json\/wp\/v2\/product\/13857","targetHints":{"allow":["GET"]}}],"collection":[{"href":"https:\/\/sabanadelamartours.com\/fr\/wp-json\/wp\/v2\/product"}],"about":[{"href":"https:\/\/sabanadelamartours.com\/fr\/wp-json\/wp\/v2\/types\/product"}],"version-history":[{"count":1,"href":"https:\/\/sabanadelamartours.com\/fr\/wp-json\/wp\/v2\/product\/13857\/revisions"}],"predecessor-version":[{"id":18559,"href":"https:\/\/sabanadelamartours.com\/fr\/wp-json\/wp\/v2\/product\/13857\/revisions\/18559"}],"wp:featuredmedia":[{"embeddable":true,"href":"https:\/\/sabanadelamartours.com\/fr\/wp-json\/wp\/v2\/media\/12905"}],"wp:attachment":[{"href":"https:\/\/sabanadelamartours.com\/fr\/wp-json\/wp\/v2\/media?parent=13857"}],"wp:term":[{"taxonomy":"product_brand","embeddable":true,"href":"https:\/\/sabanadelamartours.com\/fr\/wp-json\/wp\/v2\/product_brand?post=13857"},{"taxonomy":"product_cat","embeddable":true,"href":"https:\/\/sabanadelamartours.com\/fr\/wp-json\/wp\/v2\/product_cat?post=13857"},{"taxonomy":"product_tag","embeddable":true,"href":"https:\/\/sabanadelamartours.com\/fr\/wp-json\/wp\/v2\/product_tag?post=13857"}],"curies":[{"name":"wp","href":"https:\/\/api.w.org\/{rel}","templated":true}]}}