{"id":13936,"date":"2025-12-18T11:55:34","date_gmt":"2025-12-18T11:55:34","guid":{"rendered":"https:\/\/sabanadelamartours.com\/?post_type=product&#038;p=13936"},"modified":"2026-02-11T11:20:07","modified_gmt":"2026-02-11T11:20:07","slug":"transfert-prive-du-sdq-au-radisson-blu","status":"publish","type":"product","link":"https:\/\/sabanadelamartours.com\/fr\/tournee\/transfert-prive-du-sdq-au-radisson-blu\/","title":{"rendered":"Transfert priv\u00e9 de SDQ \u00e0 Radisson Blu"},"content":{"rendered":"<p>Punta Cana Transfer is a leader in providing private transportation all over Punta Cana. As a company, we have over four years of experience and over 1000 5-star reviews on TripAdvisor. Enjoy the ease that comes with being attended by your customer service representative before, during, and after your trip. No tickets, waiting for emails, or long queues; all communication is immediate and over SMS. Your driver will be waiting with a sign upon arrival and will take you straight to your resort with no unwanted stops or surprises. Book your ride and go straight from the Santo Domingo Airport to Radisson Blu from Radisson Blu to the Santo Domingo Airport to catch your flight.<\/p>","protected":false},"excerpt":{"rendered":"<div data-track=\"overview\" data-v-83a2b402=\"\">\n<section id=\"activity-overview\" class=\"activity-overview\" data-component=\"overview\" data-v-83a2b402=\"\" data-v-f3236c42=\"\">\n<p class=\"activity-overview__content\" data-test-id=\"activity-overview-content\" data-v-f3236c42=\"\">Le transport sans souci, r\u00e9servez maintenant et votre chauffeur sera \u00e0 l'heure convenue dans le hall d'entr\u00e9e avec un panneau avec votre nom afin que vous puissiez rapidement identifier votre transport et partir pour l'a\u00e9roport.<\/p>\n<\/section>\n<\/div>\n<div data-track=\"key-details\" data-v-83a2b402=\"\"><\/div>","protected":false},"featured_media":14160,"template":"","meta":[],"product_brand":[],"product_cat":[97],"product_tag":[101,102],"class_list":{"0":"post-13936","1":"product","2":"type-product","3":"status-publish","4":"has-post-thumbnail","6":"product_cat-dominican-republic","7":"product_tag-excursion","8":"product_tag-tour","10":"first","11":"instock","12":"sale","13":"shipping-taxable","14":"product-type-external"},"_links":{"self":[{"href":"https:\/\/sabanadelamartours.com\/fr\/wp-json\/wp\/v2\/product\/13936","targetHints":{"allow":["GET"]}}],"collection":[{"href":"https:\/\/sabanadelamartours.com\/fr\/wp-json\/wp\/v2\/product"}],"about":[{"href":"https:\/\/sabanadelamartours.com\/fr\/wp-json\/wp\/v2\/types\/product"}],"version-history":[{"count":1,"href":"https:\/\/sabanadelamartours.com\/fr\/wp-json\/wp\/v2\/product\/13936\/revisions"}],"predecessor-version":[{"id":18996,"href":"https:\/\/sabanadelamartours.com\/fr\/wp-json\/wp\/v2\/product\/13936\/revisions\/18996"}],"wp:featuredmedia":[{"embeddable":true,"href":"https:\/\/sabanadelamartours.com\/fr\/wp-json\/wp\/v2\/media\/14160"}],"wp:attachment":[{"href":"https:\/\/sabanadelamartours.com\/fr\/wp-json\/wp\/v2\/media?parent=13936"}],"wp:term":[{"taxonomy":"product_brand","embeddable":true,"href":"https:\/\/sabanadelamartours.com\/fr\/wp-json\/wp\/v2\/product_brand?post=13936"},{"taxonomy":"product_cat","embeddable":true,"href":"https:\/\/sabanadelamartours.com\/fr\/wp-json\/wp\/v2\/product_cat?post=13936"},{"taxonomy":"product_tag","embeddable":true,"href":"https:\/\/sabanadelamartours.com\/fr\/wp-json\/wp\/v2\/product_tag?post=13936"}],"curies":[{"name":"wp","href":"https:\/\/api.w.org\/{rel}","templated":true}]}}