{"id":13980,"date":"2025-12-18T11:57:14","date_gmt":"2025-12-18T11:57:14","guid":{"rendered":"https:\/\/sabanadelamartours.com\/?post_type=product&#038;p=13980"},"modified":"2026-02-11T11:22:41","modified_gmt":"2026-02-11T11:22:41","slug":"santo-domingo-la-plus-ancienne-ville-damerique-excursion-dune-journee-tout-compris","status":"publish","type":"product","link":"https:\/\/sabanadelamartours.com\/fr\/tournee\/santo-domingo-la-plus-ancienne-ville-damerique-excursion-dune-journee-tout-compris\/","title":{"rendered":"Santo Domingo - La plus ancienne ville d'Am\u00e9rique Excursion d'une journ\u00e9e tout compris"},"content":{"rendered":"<p>Santo Domingo de Guzm\u00e1n, ou plus simplement Santo Domingo, est non seulement la capitale et la plus grande ville de la R\u00e9publique dominicaine, mais aussi la plus ancienne ville des Am\u00e9riques.<\/p>\n<p>Fond\u00e9e par les Espagnols il y a plus de 500 ans, Saint-Domingue abrite la premi\u00e8re universit\u00e9, la premi\u00e8re cath\u00e9drale, le premier ch\u00e2teau, le premier monast\u00e8re et la premi\u00e8re forteresse du Nouveau Monde. La zone coloniale de la ville a \u00e9t\u00e9 d\u00e9clar\u00e9e site du patrimoine mondial par l'UNESCO.<\/p>\n<p>Rejoignez-nous pour une journ\u00e9e compl\u00e8te (10 heures) de d\u00e9couverte historique et culturelle de la vibrante capitale de Saint-Domingue. Situ\u00e9e \u00e0 environ 200 km des plages de sable blanc de Punta Cana (3 heures de route), cette visite touristique de Saint-Domingue est un must pour tous ceux qui visitent la R\u00e9publique dominicaine. C'est une excursion parfaite pour les familles avec enfants, les couples, les amis et les voyageurs solitaires.<\/p>\n<p>Cette excursion avec un guide exp\u00e9riment\u00e9 comprendra les principales attractions de la ville. Voici les lieux et monuments que nous visiterons avant le d\u00e9jeuner.<\/p>\n<p>-Parc national de Tres Ojos (Trois yeux) : Syst\u00e8me de grottes calcaires \u00e0 ciel ouvert avec une s\u00e9rie de lacs cristallins connus sous le nom de \u201cyeux\u201d.\u201d<\/p>\n<p>-Phare de Colomb : Monument-mus\u00e9e colossal en hommage \u00e0 Christophe Colomb, d\u00e9couvreur du Nouveau Monde.<\/p>\n<p>-Zone coloniale : Les quartiers les plus historiques et culturels de Saint-Domingue.<\/p>\n<p>Apr\u00e8s le d\u00e9jeuner, nous poursuivrons la visite de ces monuments :<\/p>\n<p>Alcazar de Colon ou palais vice-royal de Don Diego Colon<\/p>\n<p>-Cath\u00e9drale de Santa Maria<\/p>\n<p>-Mus\u00e9e de l'ambre<\/p>\n<p>-Mus\u00e9e du rhum<\/p>\n<p>-Mus\u00e9e des maisons royales<\/p>\n<p>Tout au long de la journ\u00e9e, vous aurez d'innombrables occasions de prendre des photos et des vid\u00e9os.<\/p>\n<p>Votre visite guid\u00e9e comprend les droits d'entr\u00e9e, un d\u00e9licieux d\u00e9jeuner dominicain et un transport aller-retour depuis votre h\u00f4tel\/station baln\u00e9aire dans un bus climatis\u00e9 pour une exp\u00e9rience sans stress.<\/p>\n<p>Pour les Airbnbs, nous avons plusieurs lieux de ramassage.<\/p>\n<p>Le d\u00e9part de Punta Cana se fait \u00e0 7h00 (t\u00f4t le matin).<\/p>","protected":false},"excerpt":{"rendered":"<div data-track=\"overview\" data-v-83a2b402=\"\">\n<section id=\"activity-overview\" class=\"activity-overview\" data-component=\"overview\" data-v-83a2b402=\"\" data-v-f3236c42=\"\">\n<p class=\"activity-overview__content\" data-test-id=\"activity-overview-content\" data-v-f3236c42=\"\">Cette visite d'une journ\u00e9e \u00e0 Saint-Domingue, la capitale et la plus ancienne ville des Am\u00e9riques, offre une riche exp\u00e9rience historique et culturelle. Elle comprend les droits d'entr\u00e9e, un d\u00e9licieux d\u00e9jeuner dominicain et le transport.<\/p>\n<\/section>\n<\/div>\n<div data-track=\"key-details\" data-v-83a2b402=\"\"><\/div>","protected":false},"featured_media":14186,"template":"","meta":[],"product_brand":[],"product_cat":[97],"product_tag":[101,102],"class_list":{"0":"post-13980","1":"product","2":"type-product","3":"status-publish","4":"has-post-thumbnail","6":"product_cat-dominican-republic","7":"product_tag-excursion","8":"product_tag-tour","10":"first","11":"instock","12":"shipping-taxable","13":"product-type-external"},"_links":{"self":[{"href":"https:\/\/sabanadelamartours.com\/fr\/wp-json\/wp\/v2\/product\/13980","targetHints":{"allow":["GET"]}}],"collection":[{"href":"https:\/\/sabanadelamartours.com\/fr\/wp-json\/wp\/v2\/product"}],"about":[{"href":"https:\/\/sabanadelamartours.com\/fr\/wp-json\/wp\/v2\/types\/product"}],"version-history":[{"count":1,"href":"https:\/\/sabanadelamartours.com\/fr\/wp-json\/wp\/v2\/product\/13980\/revisions"}],"predecessor-version":[{"id":18999,"href":"https:\/\/sabanadelamartours.com\/fr\/wp-json\/wp\/v2\/product\/13980\/revisions\/18999"}],"wp:featuredmedia":[{"embeddable":true,"href":"https:\/\/sabanadelamartours.com\/fr\/wp-json\/wp\/v2\/media\/14186"}],"wp:attachment":[{"href":"https:\/\/sabanadelamartours.com\/fr\/wp-json\/wp\/v2\/media?parent=13980"}],"wp:term":[{"taxonomy":"product_brand","embeddable":true,"href":"https:\/\/sabanadelamartours.com\/fr\/wp-json\/wp\/v2\/product_brand?post=13980"},{"taxonomy":"product_cat","embeddable":true,"href":"https:\/\/sabanadelamartours.com\/fr\/wp-json\/wp\/v2\/product_cat?post=13980"},{"taxonomy":"product_tag","embeddable":true,"href":"https:\/\/sabanadelamartours.com\/fr\/wp-json\/wp\/v2\/product_tag?post=13980"}],"curies":[{"name":"wp","href":"https:\/\/api.w.org\/{rel}","templated":true}]}}