{"id":14029,"date":"2025-12-18T11:59:08","date_gmt":"2025-12-18T11:59:08","guid":{"rendered":"https:\/\/sabanadelamartours.com\/?post_type=product&#038;p=14029"},"modified":"2026-02-11T11:25:19","modified_gmt":"2026-02-11T11:25:19","slug":"-257","status":"publish","type":"product","link":"https:\/\/sabanadelamartours.com\/fr\/tournee\/-257\/","title":{"rendered":"Excursion d'une journ\u00e9e sur l'\u00eele de Saona en bateau \u00e0 moteur"},"content":{"rendered":"<p>Excursion d'une journ\u00e9e sur l'\u00eele de Saona en bateau \u00e0 moteur<\/p>\n<p>Isla Saona est une oasis de 42 kilom\u00e8tres carr\u00e9s situ\u00e9e au large de la c\u00f4te sud de la R\u00e9publique dominicaine. Appel\u00e9e \u00e0 l'origine \u201cAdamanay\u201d par les Indiens Taino, l'\u00eele a \u00e9t\u00e9 rebaptis\u00e9e par Christophe Colomb lors de son deuxi\u00e8me voyage aux Am\u00e9riques en 1494. Le nom, \u201cSaona\u201d, comm\u00e9more son ami Michele da Cuneo, originaire de Savone, en Italie.<\/p>\n<p>C'est l'une des plages les plus c\u00e9l\u00e8bres du pays, connue pour son sable blanc, ses eaux turquoises et ses palmiers tropicaux. Nous vous emm\u00e8nerons sur l'\u00eele en bateau rapide, avec un arr\u00eat \u00e0 une piscine naturelle aux eaux transparentes au milieu de la mer. Lorsque nous nous retrouverons sur l'\u00eele de Saona, vous aurez de nombreuses possibilit\u00e9s : nager dans les eaux calmes, visiter le bar ouvert, faire une sieste dans un hamac sur la plage, jouer au volley-ball, savourer un d\u00e9licieux d\u00e9jeuner typique ou marcher le long de la c\u00f4te. Il est fort probable que vous fassiez tout !<\/p>\n<p>Visite de l'\u00eele de Saona en bateau \u00e0 moteur, province de La Altagracia, R\u00e9publique dominicaine<\/p>\n<p>D\u00e9tendez-vous dans un environnement dominicain unique avec cette excursion \u00e0 Isla Saona au d\u00e9part de Punta Cana. Des plages aux eaux cristallines et \u00e0 la v\u00e9g\u00e9tation sauvage vous attendent pour que vous puissiez profiter d'une journ\u00e9e tr\u00e8s sp\u00e9ciale.<\/p>\n<p>La Piscina Natural, 56000, Rep\u00fablica Dominicana<\/p>\n<div class=\"toggle-content__content toggle-content__content--expanded toggle-content__content--packable\" data-v-59485d64=\"\">\n<div data-test-id=\"activity-full-description-text\" data-v-5835c99c=\"\">Un arr\u00eat est fait \u00e0 la piscine naturelle de Playa Palmilla, \u00e0 environ 200 ou 300 m\u00e8tres de la ligne de plage, avec de l'eau \u00e0 hauteur des genoux ou de la taille, pour profiter d'un paysage et d'un climat parfaits. Les baigneurs doivent parcourir environ 800 m\u00e8tres parall\u00e8lement \u00e0 la plage, entre le sable blanc et l'immense terrasse corallienne qui s\u00e9pare la piscine naturelle de la mer, et qui rend possible cette merveille g\u00e9ologique de Saona Island Tour by Speedboat.<\/div>\n<\/div>\n<div class=\"toggle-content__label-placeholder\" data-v-59485d64=\"\"><\/div>","protected":false},"excerpt":{"rendered":"<div data-track=\"overview\" data-v-83a2b402=\"\">\n<section id=\"activity-overview\" class=\"activity-overview\" data-component=\"overview\" data-v-83a2b402=\"\" data-v-f3236c42=\"\">\n<p class=\"activity-overview__content\" data-test-id=\"activity-overview-content\" data-v-f3236c42=\"\">Isla Saona est une oasis de 42 kilom\u00e8tres carr\u00e9s au large de la c\u00f4te sud de la R\u00e9publique dominicaine.<\/p>\n<\/section>\n<\/div>\n<div data-track=\"key-details\" data-v-83a2b402=\"\"><\/div>","protected":false},"featured_media":14212,"template":"","meta":[],"product_brand":[],"product_cat":[97,98],"product_tag":[101,102],"class_list":{"0":"post-14029","1":"product","2":"type-product","3":"status-publish","4":"has-post-thumbnail","6":"product_cat-dominican-republic","7":"product_cat-saona-island","8":"product_tag-excursion","9":"product_tag-tour","11":"first","12":"instock","13":"sale","14":"shipping-taxable","15":"product-type-external"},"_links":{"self":[{"href":"https:\/\/sabanadelamartours.com\/fr\/wp-json\/wp\/v2\/product\/14029","targetHints":{"allow":["GET"]}}],"collection":[{"href":"https:\/\/sabanadelamartours.com\/fr\/wp-json\/wp\/v2\/product"}],"about":[{"href":"https:\/\/sabanadelamartours.com\/fr\/wp-json\/wp\/v2\/types\/product"}],"version-history":[{"count":2,"href":"https:\/\/sabanadelamartours.com\/fr\/wp-json\/wp\/v2\/product\/14029\/revisions"}],"predecessor-version":[{"id":19003,"href":"https:\/\/sabanadelamartours.com\/fr\/wp-json\/wp\/v2\/product\/14029\/revisions\/19003"}],"wp:featuredmedia":[{"embeddable":true,"href":"https:\/\/sabanadelamartours.com\/fr\/wp-json\/wp\/v2\/media\/14212"}],"wp:attachment":[{"href":"https:\/\/sabanadelamartours.com\/fr\/wp-json\/wp\/v2\/media?parent=14029"}],"wp:term":[{"taxonomy":"product_brand","embeddable":true,"href":"https:\/\/sabanadelamartours.com\/fr\/wp-json\/wp\/v2\/product_brand?post=14029"},{"taxonomy":"product_cat","embeddable":true,"href":"https:\/\/sabanadelamartours.com\/fr\/wp-json\/wp\/v2\/product_cat?post=14029"},{"taxonomy":"product_tag","embeddable":true,"href":"https:\/\/sabanadelamartours.com\/fr\/wp-json\/wp\/v2\/product_tag?post=14029"}],"curies":[{"name":"wp","href":"https:\/\/api.w.org\/{rel}","templated":true}]}}