{"id":14058,"date":"2025-12-18T12:00:16","date_gmt":"2025-12-18T12:00:16","guid":{"rendered":"https:\/\/sabanadelamartours.com\/?post_type=product&#038;p=14058"},"modified":"2026-01-07T12:30:49","modified_gmt":"2026-01-07T12:30:49","slug":"-261","status":"publish","type":"product","link":"https:\/\/sabanadelamartours.com\/fr\/tournee\/-261\/","title":{"rendered":"Nager dans les Cenotes Ojos Ind\u00edgenas"},"content":{"rendered":"<p><span style=\"font-size: 12pt;\">Plongez dans la nature et d\u00e9couvrez la durabilit\u00e9 lors de notre visite guid\u00e9e o\u00f9 vous d\u00e9couvrirez nos projets \u00e9cologiques qui pr\u00e9sentent les efforts de protection et de restauration des ressources naturelles, l'apiculture, la conservation de la buse de Ridgway end\u00e9mique et de l'iguane rhinoc\u00e9ros. Notre Semi vous accueillera chaleureusement dans la r\u00e9serve \u00e9cologique Ojos Ind\u00edgenas o\u00f9 vous marcherez le long des sentiers et vous en apprendrez un peu plus sur notre flore et notre faune. Enfin, vous prendrez un bain revigorant dans la lagune Inriri.<\/span><\/p>","protected":false},"excerpt":{"rendered":"<div data-track=\"overview\" data-v-83a2b402=\"\">\n<section id=\"activity-overview\" class=\"activity-overview\" data-component=\"overview\" data-v-83a2b402=\"\" data-v-f3236c42=\"\">\n<p class=\"activity-overview__content\" data-test-id=\"activity-overview-content\" data-v-f3236c42=\"\">Plongez dans la nature et d\u00e9couvrez le d\u00e9veloppement durable lors de notre visite guid\u00e9e. Vous y d\u00e9couvrirez nos projets \u00e9cologiques qui pr\u00e9sentent les efforts d\u00e9ploy\u00e9s pour prot\u00e9ger et restaurer les ressources naturelles.<\/p>\n<\/section>\n<\/div>\n<div data-track=\"key-details\" data-v-83a2b402=\"\"><\/div>","protected":false},"featured_media":14261,"template":"","meta":[],"product_brand":[],"product_cat":[97],"product_tag":[101,102],"class_list":{"0":"post-14058","1":"product","2":"type-product","3":"status-publish","4":"has-post-thumbnail","6":"product_cat-dominican-republic","7":"product_tag-excursion","8":"product_tag-tour","10":"first","11":"instock","12":"shipping-taxable","13":"product-type-external"},"_links":{"self":[{"href":"https:\/\/sabanadelamartours.com\/fr\/wp-json\/wp\/v2\/product\/14058","targetHints":{"allow":["GET"]}}],"collection":[{"href":"https:\/\/sabanadelamartours.com\/fr\/wp-json\/wp\/v2\/product"}],"about":[{"href":"https:\/\/sabanadelamartours.com\/fr\/wp-json\/wp\/v2\/types\/product"}],"version-history":[{"count":1,"href":"https:\/\/sabanadelamartours.com\/fr\/wp-json\/wp\/v2\/product\/14058\/revisions"}],"predecessor-version":[{"id":18627,"href":"https:\/\/sabanadelamartours.com\/fr\/wp-json\/wp\/v2\/product\/14058\/revisions\/18627"}],"wp:featuredmedia":[{"embeddable":true,"href":"https:\/\/sabanadelamartours.com\/fr\/wp-json\/wp\/v2\/media\/14261"}],"wp:attachment":[{"href":"https:\/\/sabanadelamartours.com\/fr\/wp-json\/wp\/v2\/media?parent=14058"}],"wp:term":[{"taxonomy":"product_brand","embeddable":true,"href":"https:\/\/sabanadelamartours.com\/fr\/wp-json\/wp\/v2\/product_brand?post=14058"},{"taxonomy":"product_cat","embeddable":true,"href":"https:\/\/sabanadelamartours.com\/fr\/wp-json\/wp\/v2\/product_cat?post=14058"},{"taxonomy":"product_tag","embeddable":true,"href":"https:\/\/sabanadelamartours.com\/fr\/wp-json\/wp\/v2\/product_tag?post=14058"}],"curies":[{"name":"wp","href":"https:\/\/api.w.org\/{rel}","templated":true}]}}