{"id":14059,"date":"2025-12-18T12:00:16","date_gmt":"2025-12-18T12:00:16","guid":{"rendered":"https:\/\/sabanadelamartours.com\/?post_type=product&#038;p=14059"},"modified":"2026-02-11T11:27:21","modified_gmt":"2026-02-11T11:27:21","slug":"punta-cana-atv-buggies-adventure-from-santo-domingo-tour","status":"publish","type":"product","link":"https:\/\/sabanadelamartours.com\/fr\/tournee\/punta-cana-atv-buggies-adventure-from-santo-domingo-tour\/","title":{"rendered":"Punta Cana ATV Buggies Adventure from Santo Domingo Tour"},"content":{"rendered":"<p>The ATV Adventure in Punta Cana from Santo Domingo is an excellent way to explore the Dominican countryside and enjoy the thrill of driving an ATV. The tour begins in Santo Domingo and heads to the Macao area of Punta Cana.<\/p>\n<p>After you hop in the buggy, you start the tour by discovering spectacular places and feeling the fresh breeze while caressing your face. Travel through difficult roads between forests and lush tropical gardens, and you will arrive at a Dominican organic farm. Here you will learn facts about coconut oil, tobacco, and rum. You will also taste the rich flavor of Dominican coffee and homemade chocolate from cacao.<\/p>\n<p>Ready to take a dip? Then we continue in search of a beautiful ecology. In route, we visit a river cave whose water is fresh, clean, and crystalline. Take advantage of the journey by taking a dip in the river and snapping a few pictures of the cave.<\/p>\n<div class=\"toggle-content__content toggle-content__content--expanded toggle-content__content--packable\" data-v-59485d64=\"\">\n<div data-test-id=\"activity-full-description-text\" data-v-5835c99c=\"\">Our last stop is perhaps the most enjoyable of them all, visiting a natural and wavy surfer\u2019s beach with a beautiful natural plateau and crystal-clear coastal waters.<\/div>\n<\/div>\n<div class=\"toggle-content__label-placeholder\" data-v-59485d64=\"\"><\/div>","protected":false},"excerpt":{"rendered":"<p>Visitez l'endroit le plus populaire de la R\u00e9publique dominicaine lors de cette aventure \u00e0 Punta Cana. Accompagn\u00e9 d'un guide, profitez d'une balade en buggy de plusieurs heures \u00e0 travers des paysages accident\u00e9s, des routes rurales, des plantations et des plages.<\/p>","protected":false},"featured_media":14270,"template":"","meta":[],"product_brand":[],"product_cat":[97],"product_tag":[101,102],"class_list":{"0":"post-14059","1":"product","2":"type-product","3":"status-publish","4":"has-post-thumbnail","6":"product_cat-dominican-republic","7":"product_tag-excursion","8":"product_tag-tour","10":"first","11":"instock","12":"shipping-taxable","13":"product-type-external"},"_links":{"self":[{"href":"https:\/\/sabanadelamartours.com\/fr\/wp-json\/wp\/v2\/product\/14059","targetHints":{"allow":["GET"]}}],"collection":[{"href":"https:\/\/sabanadelamartours.com\/fr\/wp-json\/wp\/v2\/product"}],"about":[{"href":"https:\/\/sabanadelamartours.com\/fr\/wp-json\/wp\/v2\/types\/product"}],"version-history":[{"count":1,"href":"https:\/\/sabanadelamartours.com\/fr\/wp-json\/wp\/v2\/product\/14059\/revisions"}],"predecessor-version":[{"id":19005,"href":"https:\/\/sabanadelamartours.com\/fr\/wp-json\/wp\/v2\/product\/14059\/revisions\/19005"}],"wp:featuredmedia":[{"embeddable":true,"href":"https:\/\/sabanadelamartours.com\/fr\/wp-json\/wp\/v2\/media\/14270"}],"wp:attachment":[{"href":"https:\/\/sabanadelamartours.com\/fr\/wp-json\/wp\/v2\/media?parent=14059"}],"wp:term":[{"taxonomy":"product_brand","embeddable":true,"href":"https:\/\/sabanadelamartours.com\/fr\/wp-json\/wp\/v2\/product_brand?post=14059"},{"taxonomy":"product_cat","embeddable":true,"href":"https:\/\/sabanadelamartours.com\/fr\/wp-json\/wp\/v2\/product_cat?post=14059"},{"taxonomy":"product_tag","embeddable":true,"href":"https:\/\/sabanadelamartours.com\/fr\/wp-json\/wp\/v2\/product_tag?post=14059"}],"curies":[{"name":"wp","href":"https:\/\/api.w.org\/{rel}","templated":true}]}}