{"id":14073,"date":"2025-12-18T12:00:54","date_gmt":"2025-12-18T12:00:54","guid":{"rendered":"https:\/\/sabanadelamartours.com\/?post_type=product&#038;p=14073"},"modified":"2026-01-07T12:32:50","modified_gmt":"2026-01-07T12:32:50","slug":"-262","status":"publish","type":"product","link":"https:\/\/sabanadelamartours.com\/fr\/tournee\/-262\/","title":{"rendered":"Coco Bongo : Site officiel - Coco Bongo : Tickets &amp; Pass"},"content":{"rendered":"<p>Discover the top-rated with flexible cancellation and our best-price guarantee. Buy your Official Tickets Online and Save Money. Limited Time Offer Get Tickets. Choose Your Show. Browse Special Events. Chat Support Available<\/p>\n<p>Immerse yourself in a night full of music, confetti, special effects, light shows and non-stop action. Choose between open bar or Golden Member. Depending on the option you choose, you can enjoy different benefits during the night, such as domestic drinks, premium drinks and much more.<\/p>\n<p>Coco Bongo is known for its brilliant shows and music that will have you dancing. When the lights dim, the real show begins with confetti falling from the sky and stage shows bringing the best of Madonna, Michael Jackson and Beyonc\u00e9.<\/p>\n<div class=\"toggle-content__content toggle-content__content--expanded toggle-content__content--packable\" data-v-59485d64=\"\">\n<div data-test-id=\"activity-full-description-text\" data-v-5835c99c=\"\">If you love nightlife, dancing and tropical cocktails, you can&#8217;t miss Coco Bongo Punta Cana.<\/div>\n<\/div>\n<div class=\"toggle-content__label-placeholder\" data-v-59485d64=\"\"><\/div>","protected":false},"excerpt":{"rendered":"<div data-track=\"overview\" data-v-83a2b402=\"\">\n<section id=\"activity-overview\" class=\"activity-overview\" data-component=\"overview\" data-v-83a2b402=\"\" data-v-f3236c42=\"\">\n<p class=\"activity-overview__content\" data-test-id=\"activity-overview-content\" data-v-f3236c42=\"\">Profitez du spectacle dans l'une des bo\u00eetes de nuit les plus c\u00e9l\u00e8bres d'Am\u00e9rique latine. Les nuits du Coco Bongo sont magiques et se caract\u00e9risent par des spectacles diff\u00e9rents et des sc\u00e9narios changeants.<\/p>\n<\/section>\n<\/div>\n<div data-track=\"key-details\" data-v-83a2b402=\"\"><\/div>","protected":false},"featured_media":14277,"template":"","meta":[],"product_brand":[],"product_cat":[97],"product_tag":[101,102],"class_list":{"0":"post-14073","1":"product","2":"type-product","3":"status-publish","4":"has-post-thumbnail","6":"product_cat-dominican-republic","7":"product_tag-excursion","8":"product_tag-tour","10":"first","11":"instock","12":"shipping-taxable","13":"product-type-external"},"_links":{"self":[{"href":"https:\/\/sabanadelamartours.com\/fr\/wp-json\/wp\/v2\/product\/14073","targetHints":{"allow":["GET"]}}],"collection":[{"href":"https:\/\/sabanadelamartours.com\/fr\/wp-json\/wp\/v2\/product"}],"about":[{"href":"https:\/\/sabanadelamartours.com\/fr\/wp-json\/wp\/v2\/types\/product"}],"version-history":[{"count":1,"href":"https:\/\/sabanadelamartours.com\/fr\/wp-json\/wp\/v2\/product\/14073\/revisions"}],"predecessor-version":[{"id":18628,"href":"https:\/\/sabanadelamartours.com\/fr\/wp-json\/wp\/v2\/product\/14073\/revisions\/18628"}],"wp:featuredmedia":[{"embeddable":true,"href":"https:\/\/sabanadelamartours.com\/fr\/wp-json\/wp\/v2\/media\/14277"}],"wp:attachment":[{"href":"https:\/\/sabanadelamartours.com\/fr\/wp-json\/wp\/v2\/media?parent=14073"}],"wp:term":[{"taxonomy":"product_brand","embeddable":true,"href":"https:\/\/sabanadelamartours.com\/fr\/wp-json\/wp\/v2\/product_brand?post=14073"},{"taxonomy":"product_cat","embeddable":true,"href":"https:\/\/sabanadelamartours.com\/fr\/wp-json\/wp\/v2\/product_cat?post=14073"},{"taxonomy":"product_tag","embeddable":true,"href":"https:\/\/sabanadelamartours.com\/fr\/wp-json\/wp\/v2\/product_tag?post=14073"}],"curies":[{"name":"wp","href":"https:\/\/api.w.org\/{rel}","templated":true}]}}