{"id":14089,"date":"2025-12-18T12:01:35","date_gmt":"2025-12-18T12:01:35","guid":{"rendered":"https:\/\/sabanadelamartours.com\/?post_type=product&#038;p=14089"},"modified":"2026-01-07T12:46:01","modified_gmt":"2026-01-07T12:46:01","slug":"-264","status":"publish","type":"product","link":"https:\/\/sabanadelamartours.com\/fr\/tournee\/-264\/","title":{"rendered":"Excursion en buggy avec d\u00e9gustation de chocolat \u00e0 Punta Cana"},"content":{"rendered":"<p>1. Nous ferons ensemble un voyage plein d'adr\u00e9naline tout en profitant de la faune et des paysages de Punta Cana. Ce voyage se termine \u00e0 la plage de Macao pour que nous puissions profiter de la meilleure plage de Punta Cana.<\/p>\n<p>2. Nous nous arr\u00eaterons \u00e0 la grotte de Macao, o\u00f9 nous pourrons d\u00e9guster du chocolat local, du caf\u00e9 et de la Manajuana. Nous pourrons \u00e9galement nous baigner dans les eaux cristallines de la grotte.<\/p>\n<p>3. Nous profiterons des eaux cristallines, du sable blanc et des c\u00f4tes les plus spectaculaires de la plage de Macao.<\/p>\n<div class=\"toggle-content__content toggle-content__content--expanded toggle-content__content--packable\" data-v-59485d64=\"\">\n<div data-test-id=\"activity-full-description-text\" data-v-5835c99c=\"\">Vous ne pouvez pas manquer cette aventure pleine d'adr\u00e9naline !<\/div>\n<\/div>\n<div class=\"toggle-content__label-placeholder\" data-v-59485d64=\"\"><\/div>","protected":false},"excerpt":{"rendered":"<div data-track=\"overview\" data-v-83a2b402=\"\">\n<section id=\"activity-overview\" class=\"activity-overview\" data-component=\"overview\" data-v-83a2b402=\"\" data-v-f3236c42=\"\">\n<p class=\"activity-overview__content\" data-test-id=\"activity-overview-content\" data-v-f3236c42=\"\">Nos excursions sont con\u00e7ues pour vous offrir l'exp\u00e9rience ultime du paradis. Vous d\u00e9couvrirez des destinations \u00e9poustouflantes le long de la c\u00f4te carib\u00e9enne qui offrent le summum de l'adr\u00e9naline et de l'aventure.<\/p>\n<\/section>\n<\/div>\n<div data-track=\"key-details\" data-v-83a2b402=\"\"><\/div>","protected":false},"featured_media":14300,"template":"","meta":[],"product_brand":[],"product_cat":[97],"product_tag":[101,102],"class_list":{"0":"post-14089","1":"product","2":"type-product","3":"status-publish","4":"has-post-thumbnail","6":"product_cat-dominican-republic","7":"product_tag-excursion","8":"product_tag-tour","10":"first","11":"instock","12":"shipping-taxable","13":"product-type-external"},"_links":{"self":[{"href":"https:\/\/sabanadelamartours.com\/fr\/wp-json\/wp\/v2\/product\/14089","targetHints":{"allow":["GET"]}}],"collection":[{"href":"https:\/\/sabanadelamartours.com\/fr\/wp-json\/wp\/v2\/product"}],"about":[{"href":"https:\/\/sabanadelamartours.com\/fr\/wp-json\/wp\/v2\/types\/product"}],"version-history":[{"count":1,"href":"https:\/\/sabanadelamartours.com\/fr\/wp-json\/wp\/v2\/product\/14089\/revisions"}],"predecessor-version":[{"id":18630,"href":"https:\/\/sabanadelamartours.com\/fr\/wp-json\/wp\/v2\/product\/14089\/revisions\/18630"}],"wp:featuredmedia":[{"embeddable":true,"href":"https:\/\/sabanadelamartours.com\/fr\/wp-json\/wp\/v2\/media\/14300"}],"wp:attachment":[{"href":"https:\/\/sabanadelamartours.com\/fr\/wp-json\/wp\/v2\/media?parent=14089"}],"wp:term":[{"taxonomy":"product_brand","embeddable":true,"href":"https:\/\/sabanadelamartours.com\/fr\/wp-json\/wp\/v2\/product_brand?post=14089"},{"taxonomy":"product_cat","embeddable":true,"href":"https:\/\/sabanadelamartours.com\/fr\/wp-json\/wp\/v2\/product_cat?post=14089"},{"taxonomy":"product_tag","embeddable":true,"href":"https:\/\/sabanadelamartours.com\/fr\/wp-json\/wp\/v2\/product_tag?post=14089"}],"curies":[{"name":"wp","href":"https:\/\/api.w.org\/{rel}","templated":true}]}}