{"id":14103,"date":"2025-12-18T12:02:07","date_gmt":"2025-12-18T12:02:07","guid":{"rendered":"https:\/\/sabanadelamartours.com\/?post_type=product&#038;p=14103"},"modified":"2026-01-06T12:22:50","modified_gmt":"2026-01-06T12:22:50","slug":"-266","status":"publish","type":"product","link":"https:\/\/sabanadelamartours.com\/fr\/tournee\/-266\/","title":{"rendered":"Punta Cana : Excursion de plong\u00e9e en apn\u00e9e sur l'\u00eele de Catalina avec d\u00e9jeuner"},"content":{"rendered":"<p>Cruise along the coast of the Dominican Republic to Catalina Island aboard the &#8216;Paradise&#8217;. During this full-day tour led by PADI-certified divers, relax on Catalina Island&#8217;s beaches and explore &#8216;the Wall&#8217;, the area&#8217;s famous snorkeling site. Go ashore to enjoy an authentic Dominican lunch prepared beachside.<\/p>\n<p>Be picked up from your hotel in Punta Cana or Bavaro and head to the marina. Board the catamaran and set sail towards Catalina Island. Enjoy an hour of snorkeling to discover the true beauty of \u2018The Wall\u2019. Expect clear turquoise waters, incredible visibility, and an amazing underwater ecosystem.<\/p>\n<p>Those who are diving will experience their second dive at The Aquarium. Once finished, set a course heading to the west side of Catalina Island. On arrival, be taken by speedboat to the beach on the island.<\/p>\n<p>Watch the chef prepare an incredible Dominican lunch. Pork, chicken, salads, pasta, and local fruits all prepared in a hygienic kitchen. Save space for the local fruits.<\/p>\n<div class=\"toggle-content__content toggle-content__content--expanded toggle-content__content--packable\" data-v-59485d64=\"\">\n<div data-test-id=\"activity-full-description-text\" data-v-5835c99c=\"\">After lunch, enjoy some free time to snorkel or just relax and enjoy the beach. At around 3 PM, the speedboat will ferry you to the catamaran \u2018Paradise\u2019. Set a course for the marina, where your bus will be waiting to take you back to your hotel.<\/div>\n<\/div>\n<div class=\"toggle-content__label-placeholder\" data-v-59485d64=\"\"><\/div>","protected":false},"excerpt":{"rendered":"<div data-track=\"overview\" data-v-83a2b402=\"\">\n<section id=\"activity-overview\" class=\"activity-overview\" data-component=\"overview\" data-v-83a2b402=\"\" data-v-f3236c42=\"\">\n<p class=\"activity-overview__content\" data-test-id=\"activity-overview-content\" data-v-f3236c42=\"\">D\u00e9couvrez le monde sous-marin de la R\u00e9publique dominicaine lors d'une excursion de plong\u00e9e avec masque et tuba sur l'\u00eele de Catalina. Savourez un d\u00e9licieux d\u00e9jeuner dominicain pr\u00e9par\u00e9 par un chef sur la plage.<\/p>\n<\/section>\n<\/div>\n<div data-track=\"key-details\" data-v-83a2b402=\"\"><\/div>","protected":false},"featured_media":14316,"template":"","meta":[],"product_brand":[],"product_cat":[97],"product_tag":[101,102],"class_list":{"0":"post-14103","1":"product","2":"type-product","3":"status-publish","4":"has-post-thumbnail","6":"product_cat-dominican-republic","7":"product_tag-excursion","8":"product_tag-tour","10":"first","11":"instock","12":"shipping-taxable","13":"product-type-external"},"_links":{"self":[{"href":"https:\/\/sabanadelamartours.com\/fr\/wp-json\/wp\/v2\/product\/14103","targetHints":{"allow":["GET"]}}],"collection":[{"href":"https:\/\/sabanadelamartours.com\/fr\/wp-json\/wp\/v2\/product"}],"about":[{"href":"https:\/\/sabanadelamartours.com\/fr\/wp-json\/wp\/v2\/types\/product"}],"version-history":[{"count":1,"href":"https:\/\/sabanadelamartours.com\/fr\/wp-json\/wp\/v2\/product\/14103\/revisions"}],"predecessor-version":[{"id":18532,"href":"https:\/\/sabanadelamartours.com\/fr\/wp-json\/wp\/v2\/product\/14103\/revisions\/18532"}],"wp:featuredmedia":[{"embeddable":true,"href":"https:\/\/sabanadelamartours.com\/fr\/wp-json\/wp\/v2\/media\/14316"}],"wp:attachment":[{"href":"https:\/\/sabanadelamartours.com\/fr\/wp-json\/wp\/v2\/media?parent=14103"}],"wp:term":[{"taxonomy":"product_brand","embeddable":true,"href":"https:\/\/sabanadelamartours.com\/fr\/wp-json\/wp\/v2\/product_brand?post=14103"},{"taxonomy":"product_cat","embeddable":true,"href":"https:\/\/sabanadelamartours.com\/fr\/wp-json\/wp\/v2\/product_cat?post=14103"},{"taxonomy":"product_tag","embeddable":true,"href":"https:\/\/sabanadelamartours.com\/fr\/wp-json\/wp\/v2\/product_tag?post=14103"}],"curies":[{"name":"wp","href":"https:\/\/api.w.org\/{rel}","templated":true}]}}