{"id":14104,"date":"2025-12-18T12:02:07","date_gmt":"2025-12-18T12:02:07","guid":{"rendered":"https:\/\/sabanadelamartours.com\/?post_type=product&#038;p=14104"},"modified":"2026-02-11T11:29:12","modified_gmt":"2026-02-11T11:29:12","slug":"-267","status":"publish","type":"product","link":"https:\/\/sabanadelamartours.com\/fr\/tournee\/-267\/","title":{"rendered":"Circuit du cacao et fabrication du chocolat depuis Saint-Domingue"},"content":{"rendered":"<p>Plongez dans l'univers all\u00e9chant du chocolat gr\u00e2ce \u00e0 notre visite priv\u00e9e de la piste du cacao et de la fabrication du chocolat au d\u00e9part de Saint-Domingue. Votre voyage commence par un trajet panoramique jusqu'\u00e0 l'Hacienda La Esmeralda, nich\u00e9e dans la r\u00e9gion pittoresque de San Francisco de Macor\u00eds. Cette plantation de cacao biologique est r\u00e9put\u00e9e pour sa production de chocolat de qualit\u00e9 sup\u00e9rieure et offre un aper\u00e7u captivant des processus traditionnels de fabrication du chocolat.<\/p>\n<p>\u00c0 votre arriv\u00e9e \u00e0 l'Hacienda La Esmeralda, vous serez accueillis par la verdure luxuriante des champs de cacao, o\u00f9 les rang\u00e9es de cacaoyers s'\u00e9tendent \u00e0 perte de vue. Votre guide bien inform\u00e9 vous conduira \u00e0 travers la plantation, vous expliquant les subtilit\u00e9s de la culture du cacao et les facteurs qui contribuent \u00e0 la richesse des saveurs des f\u00e8ves.<\/p>\n<p>Ensuite, vous p\u00e9n\u00e9trerez au c\u0153ur de la production de chocolat \u00e0 El Sendero del Cacao, l'usine situ\u00e9e sur les terres de l'hacienda. Ici, vous assisterez au parcours des f\u00e8ves de cacao, de la r\u00e9colte \u00e0 la cr\u00e9ation de d\u00e9licieuses barres et poudres de chocolat. D\u00e9couvrez les processus de fermentation et de s\u00e9chage qui rehaussent la saveur des f\u00e8ves, et observez les techniques de torr\u00e9faction et de broyage utilis\u00e9es pour les transformer en un chocolat lisse et velout\u00e9.<\/p>\n<p>Mais l'aventure ne s'arr\u00eate pas l\u00e0. Pr\u00e9parez-vous \u00e0 retrousser vos manches et \u00e0 lib\u00e9rer votre cr\u00e9ativit\u00e9 en participant \u00e0 un atelier pratique de fabrication de chocolat. Sous la houlette de chocolatiers exp\u00e9riment\u00e9s, vous aurez l'occasion de mouler votre propre figurine en chocolat, en choisissant parmi un \u00e9ventail de moules et de garnitures pour personnaliser votre cr\u00e9ation.<\/p>\n<p>Tout en travaillant, vous vous impr\u00e9gnez de l'ar\u00f4me enivrant du chocolat fondu et vous ressentez la satisfaction d'avoir cr\u00e9\u00e9 quelque chose de d\u00e9licieux de vos propres mains. Une fois votre chef-d'\u0153uvre achev\u00e9, prenez le temps de l'admirer avant de vous livrer \u00e0 une d\u00e9gustation bien m\u00e9rit\u00e9e. Go\u00fbtez \u00e0 une vari\u00e9t\u00e9 de saveurs chocolat\u00e9es, du riche chocolat noir au cr\u00e9meux chocolat au lait, et d\u00e9couvrez les caract\u00e9ristiques uniques de chacune d'entre elles.<\/p>\n<p>Apr\u00e8s avoir satisfait votre gourmandise, vous pourrez vous asseoir pour d\u00e9guster un d\u00e9jeuner traditionnel compos\u00e9 de cuisine dominicaine locale. Savourez les saveurs de la r\u00e9gion tout en d\u00eenant dans le cadre serein de l'hacienda et en vous impr\u00e9gnant de la beaut\u00e9 des lieux.<\/p>\n<p>Tout au long de la visite, votre guide sera \u00e0 votre disposition pour r\u00e9pondre \u00e0 toutes vos questions et vous donner un aper\u00e7u fascinant du monde du chocolat. Que vous soyez un chocolatier passionn\u00e9 ou simplement curieux de l'art de la fabrication du chocolat, cette exp\u00e9rience immersive promet de ravir vos sens et de vous laisser avec une nouvelle appr\u00e9ciation de cette friandise bien-aim\u00e9e.<\/p>\n<p>En fin de journ\u00e9e, vous ferez vos adieux \u00e0 l'Hacienda La Esmeralda et retournerez \u00e0 Saint-Domingue, emportant avec vous les souvenirs d'une aventure chocolat\u00e9e inoubliable.<\/p>","protected":false},"excerpt":{"rendered":"<div data-track=\"overview\" data-v-83a2b402=\"\">\n<section id=\"activity-overview\" class=\"activity-overview\" data-component=\"overview\" data-v-83a2b402=\"\" data-v-f3236c42=\"\">\n<p class=\"activity-overview__content\" data-test-id=\"activity-overview-content\" data-v-f3236c42=\"\">Laissez-vous tenter par la visite de la route du cacao et de la fabrication du chocolat : Fa\u00e7onnez votre propre figurine, savourez des \u00e9chantillons et explorez le riche parcours du chocolat. Plongez dans l'art de la fabrication du chocolat au milieu de paysages \u00e9poustouflants.<\/p>\n<\/section>\n<\/div>\n<div data-track=\"key-details\" data-v-83a2b402=\"\"><\/div>","protected":false},"featured_media":14323,"template":"","meta":[],"product_brand":[],"product_cat":[97],"product_tag":[101,102],"class_list":{"0":"post-14104","1":"product","2":"type-product","3":"status-publish","4":"has-post-thumbnail","6":"product_cat-dominican-republic","7":"product_tag-excursion","8":"product_tag-tour","10":"first","11":"instock","12":"shipping-taxable","13":"product-type-external"},"_links":{"self":[{"href":"https:\/\/sabanadelamartours.com\/fr\/wp-json\/wp\/v2\/product\/14104","targetHints":{"allow":["GET"]}}],"collection":[{"href":"https:\/\/sabanadelamartours.com\/fr\/wp-json\/wp\/v2\/product"}],"about":[{"href":"https:\/\/sabanadelamartours.com\/fr\/wp-json\/wp\/v2\/types\/product"}],"version-history":[{"count":2,"href":"https:\/\/sabanadelamartours.com\/fr\/wp-json\/wp\/v2\/product\/14104\/revisions"}],"predecessor-version":[{"id":19008,"href":"https:\/\/sabanadelamartours.com\/fr\/wp-json\/wp\/v2\/product\/14104\/revisions\/19008"}],"wp:featuredmedia":[{"embeddable":true,"href":"https:\/\/sabanadelamartours.com\/fr\/wp-json\/wp\/v2\/media\/14323"}],"wp:attachment":[{"href":"https:\/\/sabanadelamartours.com\/fr\/wp-json\/wp\/v2\/media?parent=14104"}],"wp:term":[{"taxonomy":"product_brand","embeddable":true,"href":"https:\/\/sabanadelamartours.com\/fr\/wp-json\/wp\/v2\/product_brand?post=14104"},{"taxonomy":"product_cat","embeddable":true,"href":"https:\/\/sabanadelamartours.com\/fr\/wp-json\/wp\/v2\/product_cat?post=14104"},{"taxonomy":"product_tag","embeddable":true,"href":"https:\/\/sabanadelamartours.com\/fr\/wp-json\/wp\/v2\/product_tag?post=14104"}],"curies":[{"name":"wp","href":"https:\/\/api.w.org\/{rel}","templated":true}]}}