{"id":14119,"date":"2025-12-18T12:02:40","date_gmt":"2025-12-18T12:02:40","guid":{"rendered":"https:\/\/sabanadelamartours.com\/?post_type=product&#038;p=14119"},"modified":"2026-02-11T11:31:09","modified_gmt":"2026-02-11T11:31:09","slug":"-269","status":"publish","type":"product","link":"https:\/\/sabanadelamartours.com\/fr\/tournee\/-269\/","title":{"rendered":"L'exp\u00e9rience de l'\u00eele de Catalina"},"content":{"rendered":"<p>Notre exp\u00e9rience est con\u00e7ue pour profiter d'un contact direct avec la nature, o\u00f9 vous pouvez vivre une journ\u00e9e pleine d'\u00e9motions, de la vue magnifique qui nous entoure lors de l'embarquement \u00e0 la natation \u00e0 c\u00f4t\u00e9 des poissons o\u00f9 un prisme multicolore de vari\u00e9t\u00e9s vous attend, vous pouvez profiter de ses eaux avec de grands bancs de corail. Le sable blanc et fin entour\u00e9 par la mer des Cara\u00efbes, \u00e0 tout cela nous ajoutons notre destination de plage paradisiaque sur l'\u00eele o\u00f9 vous pouvez profiter d'un paysage magnifique accompagn\u00e9 d'une journ\u00e9e de relaxation totale, sans aucun doute vous ne pourrez pas oublier cette merveilleuse exp\u00e9rience. Nous disposons d'un port priv\u00e9 pour nos clients, d'une assistance tout au long du voyage et d'un espace priv\u00e9 sur l'\u00eele de Catalina. Tout cela comprend : un d\u00e9jeuner buffet, un open bar avec des boissons nationales, de l'eau et des boissons non alcoolis\u00e9es. Venez profiter avec nous de la meilleure exp\u00e9rience dans les Cara\u00efbes. L'exp\u00e9rience de l'\u00eele de Catalina !<\/p>","protected":false},"excerpt":{"rendered":"<div data-track=\"overview\" data-v-83a2b402=\"\">\n<section id=\"activity-overview\" class=\"activity-overview\" data-component=\"overview\" data-v-83a2b402=\"\" data-v-f3236c42=\"\">\n<p class=\"activity-overview__content\" data-test-id=\"activity-overview-content\" data-v-f3236c42=\"\">L'exp\u00e9rience de l'\u00eele de Catalina : Une escapade inoubliable. Profitez d'une plong\u00e9e en apn\u00e9e en toute s\u00e9curit\u00e9 avec des poissons color\u00e9s et d'une journ\u00e9e de plage relaxante au paradis. R\u00e9servez votre aventure en R\u00e9publique dominicaine d\u00e8s aujourd'hui !<\/p>\n<\/section>\n<\/div>\n<div data-track=\"key-details\" data-v-83a2b402=\"\"><\/div>","protected":false},"featured_media":14340,"template":"","meta":[],"product_brand":[],"product_cat":[97],"product_tag":[101,102],"class_list":{"0":"post-14119","1":"product","2":"type-product","3":"status-publish","4":"has-post-thumbnail","6":"product_cat-dominican-republic","7":"product_tag-excursion","8":"product_tag-tour","10":"first","11":"instock","12":"shipping-taxable","13":"product-type-external"},"_links":{"self":[{"href":"https:\/\/sabanadelamartours.com\/fr\/wp-json\/wp\/v2\/product\/14119","targetHints":{"allow":["GET"]}}],"collection":[{"href":"https:\/\/sabanadelamartours.com\/fr\/wp-json\/wp\/v2\/product"}],"about":[{"href":"https:\/\/sabanadelamartours.com\/fr\/wp-json\/wp\/v2\/types\/product"}],"version-history":[{"count":1,"href":"https:\/\/sabanadelamartours.com\/fr\/wp-json\/wp\/v2\/product\/14119\/revisions"}],"predecessor-version":[{"id":19010,"href":"https:\/\/sabanadelamartours.com\/fr\/wp-json\/wp\/v2\/product\/14119\/revisions\/19010"}],"wp:featuredmedia":[{"embeddable":true,"href":"https:\/\/sabanadelamartours.com\/fr\/wp-json\/wp\/v2\/media\/14340"}],"wp:attachment":[{"href":"https:\/\/sabanadelamartours.com\/fr\/wp-json\/wp\/v2\/media?parent=14119"}],"wp:term":[{"taxonomy":"product_brand","embeddable":true,"href":"https:\/\/sabanadelamartours.com\/fr\/wp-json\/wp\/v2\/product_brand?post=14119"},{"taxonomy":"product_cat","embeddable":true,"href":"https:\/\/sabanadelamartours.com\/fr\/wp-json\/wp\/v2\/product_cat?post=14119"},{"taxonomy":"product_tag","embeddable":true,"href":"https:\/\/sabanadelamartours.com\/fr\/wp-json\/wp\/v2\/product_tag?post=14119"}],"curies":[{"name":"wp","href":"https:\/\/api.w.org\/{rel}","templated":true}]}}