{"id":14195,"date":"2025-12-18T12:05:41","date_gmt":"2025-12-18T12:05:41","guid":{"rendered":"https:\/\/sabanadelamartours.com\/?post_type=product&#038;p=14195"},"modified":"2026-02-11T04:00:26","modified_gmt":"2026-02-11T04:00:26","slug":"-279","status":"publish","type":"product","link":"https:\/\/sabanadelamartours.com\/fr\/tournee\/-279\/","title":{"rendered":"Tour TODO INCLUIDO en Sendero Acu\u00e1tico Cueva de la Virgen"},"content":{"rendered":"<p>Embarquez pour un circuit unique qui vous fera d\u00e9couvrir quelques-uns des plus beaux endroits de la r\u00e9gion de Barahona, en R\u00e9publique dominicaine. Visitez le mus\u00e9e Larimar, explorez la Cueva de la Virgen et d\u00e9tendez-vous sur la plage.<\/p>\n<p>Commencez votre visite par le mus\u00e9e du Larimar, o\u00f9 vous pourrez d\u00e9couvrir l'histoire et la production de la pierre semi-pr\u00e9cieuse Larimar, que l'on ne trouve qu'en R\u00e9publique dominicaine. Apr\u00e8s la visite du mus\u00e9e, dirigez-vous vers la communaut\u00e9 de Bahoruco et visitez de petits ateliers d'artisans.<\/p>\n<p>Continuez jusqu'\u00e0 la Cueva de la Virgen. Apr\u00e8s avoir explor\u00e9 la grotte, retournez sur la c\u00f4te de Barahona, o\u00f9 vous pourrez profiter d'un repos bien m\u00e9rit\u00e9 sur la plage ou d\u00e9guster des plats locaux dans les restaurants des environs.<\/p>","protected":false},"excerpt":{"rendered":"<div data-track=\"overview\" data-v-83a2b402=\"\">\n<section id=\"activity-overview\" class=\"activity-overview\" data-component=\"overview\" data-v-83a2b402=\"\" data-v-f3236c42=\"\">\n<p class=\"activity-overview__content\" data-test-id=\"activity-overview-content\" data-v-f3236c42=\"\">D\u00e9couvrez l'histoire et la production de la pierre semi-pr\u00e9cieuse Larimar, visitez les petits ateliers des artisans locaux dans la communaut\u00e9 de Bahoruco et explorez la Cueva de la Virgen.<\/p>\n<\/section>\n<\/div>\n<div data-track=\"key-details\" data-v-83a2b402=\"\"><\/div>","protected":false},"featured_media":13207,"template":"","meta":[],"product_brand":[],"product_cat":[97],"product_tag":[101,102],"class_list":{"0":"post-14195","1":"product","2":"type-product","3":"status-publish","4":"has-post-thumbnail","6":"product_cat-dominican-republic","7":"product_tag-excursion","8":"product_tag-tour","10":"first","11":"instock","12":"shipping-taxable","13":"product-type-external"},"_links":{"self":[{"href":"https:\/\/sabanadelamartours.com\/fr\/wp-json\/wp\/v2\/product\/14195","targetHints":{"allow":["GET"]}}],"collection":[{"href":"https:\/\/sabanadelamartours.com\/fr\/wp-json\/wp\/v2\/product"}],"about":[{"href":"https:\/\/sabanadelamartours.com\/fr\/wp-json\/wp\/v2\/types\/product"}],"version-history":[{"count":1,"href":"https:\/\/sabanadelamartours.com\/fr\/wp-json\/wp\/v2\/product\/14195\/revisions"}],"predecessor-version":[{"id":18926,"href":"https:\/\/sabanadelamartours.com\/fr\/wp-json\/wp\/v2\/product\/14195\/revisions\/18926"}],"wp:featuredmedia":[{"embeddable":true,"href":"https:\/\/sabanadelamartours.com\/fr\/wp-json\/wp\/v2\/media\/13207"}],"wp:attachment":[{"href":"https:\/\/sabanadelamartours.com\/fr\/wp-json\/wp\/v2\/media?parent=14195"}],"wp:term":[{"taxonomy":"product_brand","embeddable":true,"href":"https:\/\/sabanadelamartours.com\/fr\/wp-json\/wp\/v2\/product_brand?post=14195"},{"taxonomy":"product_cat","embeddable":true,"href":"https:\/\/sabanadelamartours.com\/fr\/wp-json\/wp\/v2\/product_cat?post=14195"},{"taxonomy":"product_tag","embeddable":true,"href":"https:\/\/sabanadelamartours.com\/fr\/wp-json\/wp\/v2\/product_tag?post=14195"}],"curies":[{"name":"wp","href":"https:\/\/api.w.org\/{rel}","templated":true}]}}