{"id":14307,"date":"2025-12-18T12:10:38","date_gmt":"2025-12-18T12:10:38","guid":{"rendered":"https:\/\/sabanadelamartours.com\/?post_type=product&#038;p=14307"},"modified":"2025-12-18T12:22:30","modified_gmt":"2025-12-18T12:22:30","slug":"-291","status":"publish","type":"product","link":"https:\/\/sabanadelamartours.com\/fr\/tournee\/-291\/","title":{"rendered":"VTT"},"content":{"rendered":"<p>Nous vous prendrons en charge \u00e0 un Airbnb ou Resort local et nous vous emm\u00e8nerons \u00e0 Macao o\u00f9 vous vous rendrez au ranch. Au ranch, vous recevrez un briefing sur la s\u00e9curit\u00e9, des casques et des instructions sur le circuit et les endroits que vous allez visiter.<\/p>\n<p>Depuis le ranch, vous d\u00e9ciderez qui conduira et vous vous relaierez tout au long de l'excursion.<\/p>\n<p>Votre premi\u00e8re destination est la grotte o\u00f9 vous pouvez vous baigner dans l'eau de source naturelle et vous y resterez environ 45 minutes.<\/p>\n<p>Apr\u00e8s avoir nag\u00e9 dans la grotte, vous assisterez \u00e0 une pr\u00e9sentation au piano o\u00f9 nous vous montrerons l'agriculture locale du caf\u00e9, du chocolat, du rhum et d'autres produits organiques que nous cultivons ici en R\u00e9publique dominicaine.<\/p>\n<p>Apr\u00e8s une pr\u00e9sentation de 45 minutes, vous partirez \u00e0 travers les sentiers et arriverez \u00e0 la plage de Macao.<\/p>\n<p>\u00c0 la plage de Macau, vous disposerez d'une heure pour vous d\u00e9barrasser de l'exc\u00e8s de boue des sentiers et pour nager dans la plage, prendre des photos et des vid\u00e9os.<\/p>\n<p>Apr\u00e8s l'exp\u00e9rience de la plage et tout au long de l'excursion, nous fournissons un drone qui prendra des vid\u00e9os et des photographes qui prendront des photos de vous tout au long de votre aventure.<\/p>\n<div class=\"toggle-content__content toggle-content__content--expanded toggle-content__content--packable\" data-v-59485d64=\"\">\n<div data-test-id=\"activity-full-description-text\" data-v-5835c99c=\"\">Pendant que vous conduisez \u00e0 tour de r\u00f4le, vous retournerez au ranch o\u00f9 vous pourrez vous laver. Il y a des toilettes o\u00f9 vos sacs sont stock\u00e9s en toute s\u00e9curit\u00e9 pour que vous puissiez embarquer dans un transport et retourner \u00e0 votre destination d'origine.<\/div>\n<\/div>\n<div class=\"toggle-content__label-placeholder\" data-v-59485d64=\"\"><\/div>","protected":false},"excerpt":{"rendered":"<div data-track=\"overview\" data-v-83a2b402=\"\">\n<section id=\"activity-overview\" class=\"activity-overview\" data-component=\"overview\" data-v-83a2b402=\"\" data-v-f3236c42=\"\">\n<p class=\"activity-overview__content\" data-test-id=\"activity-overview-content\" data-v-f3236c42=\"\">Vous avez le choix entre un Boogie \u00e0 deux ou quatre places, un VTT \u00e0 deux places, un Polaris ou un Can-Am \u00e0 4 ou 5 places.<\/p>\n<\/section>\n<\/div>\n<div data-track=\"key-details\" data-v-83a2b402=\"\"><\/div>","protected":false},"featured_media":14548,"template":"","meta":[],"product_brand":[],"product_cat":[97],"product_tag":[101,102],"class_list":{"0":"post-14307","1":"product","2":"type-product","3":"status-publish","4":"has-post-thumbnail","6":"product_cat-dominican-republic","7":"product_tag-excursion","8":"product_tag-tour","10":"first","11":"instock","12":"shipping-taxable","13":"product-type-external"},"_links":{"self":[{"href":"https:\/\/sabanadelamartours.com\/fr\/wp-json\/wp\/v2\/product\/14307","targetHints":{"allow":["GET"]}}],"collection":[{"href":"https:\/\/sabanadelamartours.com\/fr\/wp-json\/wp\/v2\/product"}],"about":[{"href":"https:\/\/sabanadelamartours.com\/fr\/wp-json\/wp\/v2\/types\/product"}],"version-history":[{"count":0,"href":"https:\/\/sabanadelamartours.com\/fr\/wp-json\/wp\/v2\/product\/14307\/revisions"}],"wp:featuredmedia":[{"embeddable":true,"href":"https:\/\/sabanadelamartours.com\/fr\/wp-json\/wp\/v2\/media\/14548"}],"wp:attachment":[{"href":"https:\/\/sabanadelamartours.com\/fr\/wp-json\/wp\/v2\/media?parent=14307"}],"wp:term":[{"taxonomy":"product_brand","embeddable":true,"href":"https:\/\/sabanadelamartours.com\/fr\/wp-json\/wp\/v2\/product_brand?post=14307"},{"taxonomy":"product_cat","embeddable":true,"href":"https:\/\/sabanadelamartours.com\/fr\/wp-json\/wp\/v2\/product_cat?post=14307"},{"taxonomy":"product_tag","embeddable":true,"href":"https:\/\/sabanadelamartours.com\/fr\/wp-json\/wp\/v2\/product_tag?post=14307"}],"curies":[{"name":"wp","href":"https:\/\/api.w.org\/{rel}","templated":true}]}}