{"id":14390,"date":"2025-12-18T12:14:31","date_gmt":"2025-12-18T12:14:31","guid":{"rendered":"https:\/\/sabanadelamartours.com\/?post_type=product&#038;p=14390"},"modified":"2026-01-07T13:13:36","modified_gmt":"2026-01-07T13:13:36","slug":"-300","status":"publish","type":"product","link":"https:\/\/sabanadelamartours.com\/fr\/tournee\/-300\/","title":{"rendered":"Santo Domingo : visite historique de la ville"},"content":{"rendered":"<p>C'est ici qu'a \u00e9t\u00e9 construite la premi\u00e8re cath\u00e9drale, qu'a \u00e9t\u00e9 sanctifi\u00e9 le premier \u00e9v\u00eaque, qu'a r\u00e9sid\u00e9 le premier gouverneur et qu'a \u00e9t\u00e9 ouvert le premier h\u00f4pital. La ville poss\u00e8de de nombreux attributs culturels et sites architecturaux dignes d'int\u00e9r\u00eat, comme nulle part ailleurs sur l'\u00eele d'Hispaniola.<\/p>\n<p>La visite \u00e0 pied commence dans la partie coloniale historique de la ville, qui est reconnue comme un site du patrimoine mondial de l'Unesco. Cette excursion convient parfaitement \u00e0 tous ceux qui souhaitent en savoir plus sur les origines historiques du Nouveau Monde. Au cours de la promenade, vous visiterez la premi\u00e8re cath\u00e9drale, la premi\u00e8re universit\u00e9, la forteresse et le palais de justice. Promenez-vous dans la Calle Las Damas, la premi\u00e8re rue pav\u00e9e, et d\u00e9couvrez le premier h\u00f4pital, le premier chantier naval et le premier palais vice-royal du continent am\u00e9ricain. Explorez certains des mus\u00e9es, places et sites les plus importants et profitez de cette occasion sp\u00e9ciale pour prendre des photos uniques.<\/p>","protected":false},"excerpt":{"rendered":"<div data-track=\"overview\" data-v-83a2b402=\"\">\n<section id=\"activity-overview\" class=\"activity-overview\" data-component=\"overview\" data-v-83a2b402=\"\" data-v-f3236c42=\"\">\n<p class=\"activity-overview__content\" data-test-id=\"activity-overview-content\" data-v-f3236c42=\"\">D\u00e9couvrez les sites historiques de Saint-Domingue, la premi\u00e8re ville europ\u00e9enne des Am\u00e9riques. Visitez la Zona Colonial et ses attractions culturelles.<\/p>\n<\/section>\n<\/div>\n<div data-track=\"key-details\" data-v-83a2b402=\"\"><\/div>","protected":false},"featured_media":14615,"template":"","meta":[],"product_brand":[],"product_cat":[97],"product_tag":[101,102],"class_list":{"0":"post-14390","1":"product","2":"type-product","3":"status-publish","4":"has-post-thumbnail","6":"product_cat-dominican-republic","7":"product_tag-excursion","8":"product_tag-tour","10":"first","11":"instock","12":"sale","13":"shipping-taxable","14":"product-type-external"},"_links":{"self":[{"href":"https:\/\/sabanadelamartours.com\/fr\/wp-json\/wp\/v2\/product\/14390","targetHints":{"allow":["GET"]}}],"collection":[{"href":"https:\/\/sabanadelamartours.com\/fr\/wp-json\/wp\/v2\/product"}],"about":[{"href":"https:\/\/sabanadelamartours.com\/fr\/wp-json\/wp\/v2\/types\/product"}],"version-history":[{"count":1,"href":"https:\/\/sabanadelamartours.com\/fr\/wp-json\/wp\/v2\/product\/14390\/revisions"}],"predecessor-version":[{"id":18645,"href":"https:\/\/sabanadelamartours.com\/fr\/wp-json\/wp\/v2\/product\/14390\/revisions\/18645"}],"wp:featuredmedia":[{"embeddable":true,"href":"https:\/\/sabanadelamartours.com\/fr\/wp-json\/wp\/v2\/media\/14615"}],"wp:attachment":[{"href":"https:\/\/sabanadelamartours.com\/fr\/wp-json\/wp\/v2\/media?parent=14390"}],"wp:term":[{"taxonomy":"product_brand","embeddable":true,"href":"https:\/\/sabanadelamartours.com\/fr\/wp-json\/wp\/v2\/product_brand?post=14390"},{"taxonomy":"product_cat","embeddable":true,"href":"https:\/\/sabanadelamartours.com\/fr\/wp-json\/wp\/v2\/product_cat?post=14390"},{"taxonomy":"product_tag","embeddable":true,"href":"https:\/\/sabanadelamartours.com\/fr\/wp-json\/wp\/v2\/product_tag?post=14390"}],"curies":[{"name":"wp","href":"https:\/\/api.w.org\/{rel}","templated":true}]}}