{"id":14402,"date":"2025-12-18T12:14:59","date_gmt":"2025-12-18T12:14:59","guid":{"rendered":"https:\/\/sabanadelamartours.com\/?post_type=product&#038;p=14402"},"modified":"2026-02-11T04:49:17","modified_gmt":"2026-02-11T04:49:17","slug":"-302","status":"publish","type":"product","link":"https:\/\/sabanadelamartours.com\/fr\/tournee\/-302\/","title":{"rendered":"Excursion de plong\u00e9e sous-marine \u00e0 Puerto Plata H\u00f4tel\/Rive"},"content":{"rendered":"<p>La plong\u00e9e sous-marine \u00e0 Puerto Plata est une exp\u00e9rience unique. Destination id\u00e9ale pour l'\u00e9cotourisme, Puerto Plata offre aux plongeurs un \u00e9cosyst\u00e8me marin vari\u00e9 \u00e0 explorer. Le long de la c\u00f4te nord, les r\u00e9cifs coralliens, les jardins marins et les murs majestueux offrent une grande vari\u00e9t\u00e9 de sites de plong\u00e9e pour les plongeurs de tous niveaux.<\/p>\n<div class=\"toggle-content__content toggle-content__content--expanded toggle-content__content--packable\" data-v-59485d64=\"\">\n<div data-test-id=\"activity-full-description-text\" data-v-5835c99c=\"\">Nous viendrons vous chercher sur votre lieu de vill\u00e9giature\/croisi\u00e8re pour vous emmener \u00e0 notre centre de plong\u00e9e de Puerto Plata situ\u00e9 dans la baie de Sosua, le c\u0153ur de la beaut\u00e9 sous-marine. De l\u00e0, nous avons acc\u00e8s \u00e0 l'exploration des meilleurs sites de plong\u00e9e le long de la c\u00f4te nord. Les plong\u00e9es sur mur comportent des fosses de natation, des surplombs, des tunnels et les plus gros poissons de l'Atlantique, tels que les barracudas et les m\u00e9rous. Les jardins offrent un vaste terrain de reproduction \u00e0 de nombreux poissons tropicaux et une vari\u00e9t\u00e9 \u00e9tonnante d'esp\u00e8ces peut \u00eatre observ\u00e9e. Les r\u00e9cifs de Sosua abritent des mur\u00e8nes, des hippocampes, des poulpes, des homards, des crabes, des calmars, des raies et bien d'autres esp\u00e8ces marines de l'Atlantique. Laissez-nous vous y emmener et partager notre passion pour la plong\u00e9e. Nous vous montrerons ce que Sosua a de mieux \u00e0 offrir.<\/div>\n<\/div>\n<div class=\"toggle-content__label-placeholder\" data-v-59485d64=\"\"><\/div>","protected":false},"excerpt":{"rendered":"<div data-track=\"overview\" data-v-83a2b402=\"\">\n<section id=\"activity-overview\" class=\"activity-overview\" data-component=\"overview\" data-v-83a2b402=\"\" data-v-f3236c42=\"\">\n<p class=\"activity-overview__content\" data-test-id=\"activity-overview-content\" data-v-f3236c42=\"\">La plong\u00e9e sous-marine \u00e0 Puerto Plata est une exp\u00e9rience unique. Destination id\u00e9ale pour l'\u00e9cotourisme, Puerto Plata offre aux plongeurs un \u00e9cosyst\u00e8me marin vari\u00e9 \u00e0 explorer.<\/p>\n<\/section>\n<\/div>\n<div data-track=\"key-details\" data-v-83a2b402=\"\"><\/div>","protected":false},"featured_media":13394,"template":"","meta":[],"product_brand":[],"product_cat":[97],"product_tag":[101,102],"class_list":{"0":"post-14402","1":"product","2":"type-product","3":"status-publish","4":"has-post-thumbnail","6":"product_cat-dominican-republic","7":"product_tag-excursion","8":"product_tag-tour","10":"first","11":"instock","12":"sale","13":"shipping-taxable","14":"product-type-external"},"_links":{"self":[{"href":"https:\/\/sabanadelamartours.com\/fr\/wp-json\/wp\/v2\/product\/14402","targetHints":{"allow":["GET"]}}],"collection":[{"href":"https:\/\/sabanadelamartours.com\/fr\/wp-json\/wp\/v2\/product"}],"about":[{"href":"https:\/\/sabanadelamartours.com\/fr\/wp-json\/wp\/v2\/types\/product"}],"version-history":[{"count":1,"href":"https:\/\/sabanadelamartours.com\/fr\/wp-json\/wp\/v2\/product\/14402\/revisions"}],"predecessor-version":[{"id":18944,"href":"https:\/\/sabanadelamartours.com\/fr\/wp-json\/wp\/v2\/product\/14402\/revisions\/18944"}],"wp:featuredmedia":[{"embeddable":true,"href":"https:\/\/sabanadelamartours.com\/fr\/wp-json\/wp\/v2\/media\/13394"}],"wp:attachment":[{"href":"https:\/\/sabanadelamartours.com\/fr\/wp-json\/wp\/v2\/media?parent=14402"}],"wp:term":[{"taxonomy":"product_brand","embeddable":true,"href":"https:\/\/sabanadelamartours.com\/fr\/wp-json\/wp\/v2\/product_brand?post=14402"},{"taxonomy":"product_cat","embeddable":true,"href":"https:\/\/sabanadelamartours.com\/fr\/wp-json\/wp\/v2\/product_cat?post=14402"},{"taxonomy":"product_tag","embeddable":true,"href":"https:\/\/sabanadelamartours.com\/fr\/wp-json\/wp\/v2\/product_tag?post=14402"}],"curies":[{"name":"wp","href":"https:\/\/api.w.org\/{rel}","templated":true}]}}