{"id":14426,"date":"2025-12-18T12:16:24","date_gmt":"2025-12-18T12:16:24","guid":{"rendered":"https:\/\/sabanadelamartours.com\/?post_type=product&#038;p=14426"},"modified":"2026-01-09T02:46:55","modified_gmt":"2026-01-09T02:46:55","slug":"-304","status":"publish","type":"product","link":"https:\/\/sabanadelamartours.com\/fr\/tournee\/-304\/","title":{"rendered":"Tyrolienne Playa Esmeralda avec la montagne Redonda"},"content":{"rendered":"<p>Pr\u00e9parez-vous \u00e0 une journ\u00e9e pleine d'\u00e9motions, de beaut\u00e9 et d'aventure avec ce circuit spectaculaire qui combine la d\u00e9tente sur la plage, l'adr\u00e9naline sur la tyrolienne et les vues panoramiques depuis la montagne !<\/p>\n<p>Playa Esmeralda : Commencez votre aventure \u00e0 la captivante Playa Esmeralda. Avec son sable blanc et ses eaux cristallines, c'est l'endroit id\u00e9al pour se d\u00e9tendre, se baigner ou simplement profiter du cadre idyllique. Prenez le temps de vous impr\u00e9gner de la beaut\u00e9 naturelle et de recharger vos batteries avant de poursuivre l'excursion.<\/p>\n<p>La tyrolienne : Pr\u00e9parez-vous \u00e0 une pouss\u00e9e d'adr\u00e9naline en faisant de la tyrolienne. Glissez \u00e0 travers les paysages tropicaux luxuriants et ressentez le frisson de voler dans les airs tout en profitant de vues \u00e0 couper le souffle sur la nature environnante. C'est une exp\u00e9rience qui combine l'excitation et l'\u00e9merveillement, parfaite pour les amateurs d'aventure !<\/p>\n<p>Monta\u00f1a Redonda : terminez votre excursion par une visite \u00e0 la Monta\u00f1a Redonda, o\u00f9 des panoramas spectaculaires vous attendent. Du sommet, vous pourrez profiter d'une vue panoramique \u00e0 360 degr\u00e9s sur les plages, les montagnes et la v\u00e9g\u00e9tation luxuriante. C'est l'endroit id\u00e9al pour prendre des photos m\u00e9morables et appr\u00e9cier la beaut\u00e9 naturelle de la r\u00e9gion.<\/p>\n<p>D\u00e9jeuner : \u00c0 mi-parcours, un d\u00e9licieux d\u00e9jeuner est pr\u00e9vu. Savourez une s\u00e9lection de plats locaux tout en partageant vos exp\u00e9riences et en vous pr\u00e9parant \u00e0 la prochaine \u00e9tape de l'aventure.<\/p>\n<p>Recommandations<\/p>\n<p>Porter des v\u00eatements confortables et adapt\u00e9s aux activit\u00e9s de plein air.<\/p>\n<p>N'oubliez pas la cr\u00e8me solaire, les lunettes de soleil et une serviette pour la plage.<\/p>\n<p>Veillez \u00e0 vous hydrater et \u00e0 apporter un chapeau pour vous prot\u00e9ger du soleil.<\/p>\n<div class=\"toggle-content__content toggle-content__content--expanded toggle-content__content--packable\" data-v-59485d64=\"\">\n<div data-test-id=\"activity-full-description-text\" data-v-5835c99c=\"\">Ce circuit offre un m\u00e9lange parfait de d\u00e9tente, d'aventure et de vues \u00e0 couper le souffle qui garantissent une exp\u00e9rience inoubliable ! \u00c0 ne pas manquer !<\/div>\n<\/div>\n<div class=\"toggle-content__label-placeholder\" data-v-59485d64=\"\"><\/div>","protected":false},"excerpt":{"rendered":"<div data-track=\"overview\" data-v-83a2b402=\"\">\n<section id=\"activity-overview\" class=\"activity-overview\" data-component=\"overview\" data-v-83a2b402=\"\" data-v-f3236c42=\"\">\n<p class=\"activity-overview__content\" data-test-id=\"activity-overview-content\" data-v-f3236c42=\"\">Embarquez pour une aventure passionnante qui combine plages paradisiaques, adr\u00e9naline et vues \u00e0 couper le souffle lors de cette excursion d'une demi-journ\u00e9e !<\/p>\n<\/section>\n<\/div>\n<div data-track=\"key-details\" data-v-83a2b402=\"\"><\/div>","protected":false},"featured_media":14656,"template":"","meta":[],"product_brand":[],"product_cat":[97],"product_tag":[101,102],"class_list":{"0":"post-14426","1":"product","2":"type-product","3":"status-publish","4":"has-post-thumbnail","6":"product_cat-dominican-republic","7":"product_tag-excursion","8":"product_tag-tour","10":"first","11":"instock","12":"shipping-taxable","13":"product-type-external"},"_links":{"self":[{"href":"https:\/\/sabanadelamartours.com\/fr\/wp-json\/wp\/v2\/product\/14426","targetHints":{"allow":["GET"]}}],"collection":[{"href":"https:\/\/sabanadelamartours.com\/fr\/wp-json\/wp\/v2\/product"}],"about":[{"href":"https:\/\/sabanadelamartours.com\/fr\/wp-json\/wp\/v2\/types\/product"}],"version-history":[{"count":1,"href":"https:\/\/sabanadelamartours.com\/fr\/wp-json\/wp\/v2\/product\/14426\/revisions"}],"predecessor-version":[{"id":18646,"href":"https:\/\/sabanadelamartours.com\/fr\/wp-json\/wp\/v2\/product\/14426\/revisions\/18646"}],"wp:featuredmedia":[{"embeddable":true,"href":"https:\/\/sabanadelamartours.com\/fr\/wp-json\/wp\/v2\/media\/14656"}],"wp:attachment":[{"href":"https:\/\/sabanadelamartours.com\/fr\/wp-json\/wp\/v2\/media?parent=14426"}],"wp:term":[{"taxonomy":"product_brand","embeddable":true,"href":"https:\/\/sabanadelamartours.com\/fr\/wp-json\/wp\/v2\/product_brand?post=14426"},{"taxonomy":"product_cat","embeddable":true,"href":"https:\/\/sabanadelamartours.com\/fr\/wp-json\/wp\/v2\/product_cat?post=14426"},{"taxonomy":"product_tag","embeddable":true,"href":"https:\/\/sabanadelamartours.com\/fr\/wp-json\/wp\/v2\/product_tag?post=14426"}],"curies":[{"name":"wp","href":"https:\/\/api.w.org\/{rel}","templated":true}]}}