{"id":14453,"date":"2025-12-18T12:18:05","date_gmt":"2025-12-18T12:18:05","guid":{"rendered":"https:\/\/sabanadelamartours.com\/?post_type=product&#038;p=14453"},"modified":"2026-02-11T04:51:30","modified_gmt":"2026-02-11T04:51:30","slug":"-306","status":"publish","type":"product","link":"https:\/\/sabanadelamartours.com\/fr\/tournee\/-306\/","title":{"rendered":"Saint-Domingue : Le meilleur de Saint-Domingue"},"content":{"rendered":"<p>En compagnie d'un guide professionnel, vous visiterez les endroits les plus charmants de la ville. Vous aurez l'occasion d'explorer la ville tout en d\u00e9couvrant des faits et des l\u00e9gendes fascinants. C'est le peuple tsachila de Saint-Domingue qui a attir\u00e9 les touristes du monde entier dans les ann\u00e9es 1960. Qu'est-ce qui rendait le peuple Tsachila si sp\u00e9cial ? Qu'y a-t-il de si unique et de si charmant dans leur mode de vie ? Quelle \u00e9tait la signification des tresses rouges ? Vous serez surpris de voir combien d'histoires se cachent dans les rues, les b\u00e2timents et les recoins de Saint-Domingue. Votre charmant guide vous expliquera ce qu'il y a de sp\u00e9cial et d'unique dans le fait de vivre dans cette ville. Cette visite est id\u00e9ale pour ceux qui visitent la ville pour la premi\u00e8re fois et qui veulent en profiter au maximum !<\/p>\n<p>Vous pourrez \u00e9galement d\u00e9couvrir les attractions suivantes :<\/p>\n<p>- Fortaleza Ozama<\/p>\n<p>- Nuestra Se\u00f1ora de la Encarnaci\u00f3n<\/p>\n<p>- Parc Columbus<\/p>\n<p>- Panth\u00e9on de la patrie<\/p>\n<p>- Mus\u00e9e des maisons royales<\/p>","protected":false},"excerpt":{"rendered":"<div data-track=\"overview\" data-v-83a2b402=\"\">\n<section id=\"activity-overview\" class=\"activity-overview\" data-component=\"overview\" data-v-83a2b402=\"\" data-v-f3236c42=\"\">\n<p class=\"activity-overview__content\" data-test-id=\"activity-overview-content\" data-v-f3236c42=\"\">D\u00e9couvrez le meilleur de Saint-Domingue et d\u00e9couvrez la riche histoire et la culture de la capitale de la R\u00e9publique dominicaine en explorant la ville avec un guide local.<\/p>\n<\/section>\n<\/div>\n<div data-track=\"key-details\" data-v-83a2b402=\"\"><\/div>","protected":false},"featured_media":13435,"template":"","meta":[],"product_brand":[],"product_cat":[97],"product_tag":[101,102],"class_list":{"0":"post-14453","1":"product","2":"type-product","3":"status-publish","4":"has-post-thumbnail","6":"product_cat-dominican-republic","7":"product_tag-excursion","8":"product_tag-tour","10":"first","11":"instock","12":"shipping-taxable","13":"product-type-external"},"_links":{"self":[{"href":"https:\/\/sabanadelamartours.com\/fr\/wp-json\/wp\/v2\/product\/14453","targetHints":{"allow":["GET"]}}],"collection":[{"href":"https:\/\/sabanadelamartours.com\/fr\/wp-json\/wp\/v2\/product"}],"about":[{"href":"https:\/\/sabanadelamartours.com\/fr\/wp-json\/wp\/v2\/types\/product"}],"version-history":[{"count":1,"href":"https:\/\/sabanadelamartours.com\/fr\/wp-json\/wp\/v2\/product\/14453\/revisions"}],"predecessor-version":[{"id":18946,"href":"https:\/\/sabanadelamartours.com\/fr\/wp-json\/wp\/v2\/product\/14453\/revisions\/18946"}],"wp:featuredmedia":[{"embeddable":true,"href":"https:\/\/sabanadelamartours.com\/fr\/wp-json\/wp\/v2\/media\/13435"}],"wp:attachment":[{"href":"https:\/\/sabanadelamartours.com\/fr\/wp-json\/wp\/v2\/media?parent=14453"}],"wp:term":[{"taxonomy":"product_brand","embeddable":true,"href":"https:\/\/sabanadelamartours.com\/fr\/wp-json\/wp\/v2\/product_brand?post=14453"},{"taxonomy":"product_cat","embeddable":true,"href":"https:\/\/sabanadelamartours.com\/fr\/wp-json\/wp\/v2\/product_cat?post=14453"},{"taxonomy":"product_tag","embeddable":true,"href":"https:\/\/sabanadelamartours.com\/fr\/wp-json\/wp\/v2\/product_tag?post=14453"}],"curies":[{"name":"wp","href":"https:\/\/api.w.org\/{rel}","templated":true}]}}