{"id":14585,"date":"2025-12-18T12:24:07","date_gmt":"2025-12-18T12:24:07","guid":{"rendered":"https:\/\/sabanadelamartours.com\/?post_type=product&#038;p=14585"},"modified":"2026-02-11T13:08:50","modified_gmt":"2026-02-11T13:08:50","slug":"grotte-privee-de-boogies","status":"publish","type":"product","link":"https:\/\/sabanadelamartours.com\/fr\/tournee\/grotte-privee-de-boogies\/","title":{"rendered":"Boogies + grotte priv\u00e9e"},"content":{"rendered":"<p>Conduisez \u00e0 travers la campagne dominicaine dans nos buggys sp\u00e9cialement con\u00e7us \u00e0 cet effet.<\/p>\n<p>Sentez l'excitation vous envahir en d\u00e9valant les sentiers boueux et en vous impr\u00e9gnant de la beaut\u00e9 naturelle du paysage.<\/p>\n<p>Ensuite, vous pourrez vous rafra\u00eechir dans le plus grand c\u00e9note priv\u00e9 de Punta Cana, \u201cIGUNABONIA\u201d, o\u00f9 vous pourrez nager et vous d\u00e9tendre dans ses eaux rafra\u00eechissantes.<\/p>\n<p>Et aucune aventure n'est compl\u00e8te sans un avant-go\u00fbt des saveurs locales ! Laissez-vous tenter par nos produits biologiques et nos fruits tropicaux, avec des rafra\u00eechissements non alcoolis\u00e9s inclus pour vous donner de l'\u00e9nergie tout au long de la journ\u00e9e.<\/p>\n<div class=\"toggle-content__content toggle-content__content--expanded toggle-content__content--packable\" data-v-59485d64=\"\">\n<div data-test-id=\"activity-full-description-text\" data-v-5835c99c=\"\">Pr\u00e9parez-vous \u00e0 cr\u00e9er des souvenirs qui dureront toute une vie - amusons-nous ensemble !<\/div>\n<\/div>\n<div class=\"toggle-content__label-placeholder\" data-v-59485d64=\"\"><\/div>","protected":false},"excerpt":{"rendered":"<div data-track=\"overview\" data-v-83a2b402=\"\">\n<section id=\"activity-overview\" class=\"activity-overview\" data-component=\"overview\" data-v-83a2b402=\"\" data-v-f3236c42=\"\">\n<p class=\"activity-overview__content\" data-test-id=\"activity-overview-content\" data-v-f3236c42=\"\">Nager dans une grotte \u00e9tonnante, explorer la vraie culture dominicaine, go\u00fbter notre chocolat et notre caf\u00e9, etc. Conduisez votre propre boogie tout en explorant la vraie culture dominicaine.<\/p>\n<\/section>\n<\/div>\n<div data-track=\"key-details\" data-v-83a2b402=\"\"><\/div>","protected":false},"featured_media":14819,"template":"","meta":[],"product_brand":[],"product_cat":[97],"product_tag":[101,102],"class_list":{"0":"post-14585","1":"product","2":"type-product","3":"status-publish","4":"has-post-thumbnail","6":"product_cat-dominican-republic","7":"product_tag-excursion","8":"product_tag-tour","10":"first","11":"instock","12":"shipping-taxable","13":"product-type-external"},"_links":{"self":[{"href":"https:\/\/sabanadelamartours.com\/fr\/wp-json\/wp\/v2\/product\/14585","targetHints":{"allow":["GET"]}}],"collection":[{"href":"https:\/\/sabanadelamartours.com\/fr\/wp-json\/wp\/v2\/product"}],"about":[{"href":"https:\/\/sabanadelamartours.com\/fr\/wp-json\/wp\/v2\/types\/product"}],"version-history":[{"count":1,"href":"https:\/\/sabanadelamartours.com\/fr\/wp-json\/wp\/v2\/product\/14585\/revisions"}],"predecessor-version":[{"id":19037,"href":"https:\/\/sabanadelamartours.com\/fr\/wp-json\/wp\/v2\/product\/14585\/revisions\/19037"}],"wp:featuredmedia":[{"embeddable":true,"href":"https:\/\/sabanadelamartours.com\/fr\/wp-json\/wp\/v2\/media\/14819"}],"wp:attachment":[{"href":"https:\/\/sabanadelamartours.com\/fr\/wp-json\/wp\/v2\/media?parent=14585"}],"wp:term":[{"taxonomy":"product_brand","embeddable":true,"href":"https:\/\/sabanadelamartours.com\/fr\/wp-json\/wp\/v2\/product_brand?post=14585"},{"taxonomy":"product_cat","embeddable":true,"href":"https:\/\/sabanadelamartours.com\/fr\/wp-json\/wp\/v2\/product_cat?post=14585"},{"taxonomy":"product_tag","embeddable":true,"href":"https:\/\/sabanadelamartours.com\/fr\/wp-json\/wp\/v2\/product_tag?post=14585"}],"curies":[{"name":"wp","href":"https:\/\/api.w.org\/{rel}","templated":true}]}}