{"id":14747,"date":"2025-12-18T12:32:20","date_gmt":"2025-12-18T12:32:20","guid":{"rendered":"https:\/\/sabanadelamartours.com\/?post_type=product&#038;p=14747"},"modified":"2026-02-11T10:53:38","modified_gmt":"2026-02-11T10:53:38","slug":"catamaran-de-punta-cana-pour-les-familles","status":"publish","type":"product","link":"https:\/\/sabanadelamartours.com\/fr\/tournee\/catamaran-de-punta-cana-pour-les-familles\/","title":{"rendered":"Le meilleur bateau pour faire la f\u00eate \u00e0 Punta Cana"},"content":{"rendered":"<p>Exploration de l'\u00eele :<\/p>\n<p>Pendant que nous naviguons vers de superbes destinations de plong\u00e9e avec masque et tuba, nous admirons les paysages c\u00f4tiers et les \u00eeles lointaines \u00e0 couper le souffle. Notre \u00e9quipage bien inform\u00e9 vous fournira des informations int\u00e9ressantes sur la vie marine locale et les sites touristiques, rendant le voyage aussi instructif que divertissant.<\/p>\n<p>Paradis de la plong\u00e9e avec masque et tuba\/voir les dauphins :<\/p>\n<p>Jetez l'ancre sur des sites de plong\u00e9e avec masque et tuba qui regorgent de r\u00e9cifs coralliens et d'esp\u00e8ces marines exotiques. Plongez dans des eaux cristallines et d\u00e9couvrez un monde sous la surface. Le mat\u00e9riel de plong\u00e9e avec tuba est fourni, ce qui vous permet d'observer le kal\u00e9idoscope de couleurs qui peuplent le monde sous-marin. Observez les dauphins en passant devant l'\u00e9tonnante \u00eele aux dauphins construite par l'homme.<\/p>\n<p>F\u00eate dans la piscine naturelle :<\/p>\n<div class=\"toggle-content__content toggle-content__content--expanded toggle-content__content--packable\" data-v-59485d64=\"\">\n<div data-test-id=\"activity-full-description-text\" data-v-5835c99c=\"\">Notre \u00e9quipage exp\u00e9riment\u00e9 s'engage \u00e0 faire en sorte que votre exp\u00e9rience soit tout \u00e0 fait exceptionnelle. Profitez de la musique en direct, des rythmes du DJ et d'une ambiance festive pendant que nous naviguons le long de la c\u00f4te pittoresque. Que vous pr\u00e9f\u00e9riez danser sur le pont ou vous pr\u00e9lasser avec une boisson rafra\u00eechissante, notre bateau de f\u00eate offre quelque chose pour tout le monde.<\/div>\n<\/div>\n<div class=\"toggle-content__label-placeholder\" data-v-59485d64=\"\"><\/div>","protected":false},"excerpt":{"rendered":"<div data-track=\"overview\" data-v-83a2b402=\"\">\n<section id=\"activity-overview\" class=\"activity-overview\" data-component=\"overview\" data-v-83a2b402=\"\" data-v-f3236c42=\"\">\n<p class=\"activity-overview__content\" data-test-id=\"activity-overview-content\" data-v-f3236c42=\"\">Notre bateau de f\u00eate est votre terrain de jeu flottant. Dansez sur les rythmes d'un DJ qui joue de la musique pour tout le monde et veille \u00e0 ce que la f\u00eate ne s'arr\u00eate jamais.<\/p>\n<\/section>\n<\/div>\n<div data-track=\"key-details\" data-v-83a2b402=\"\"><\/div>","protected":false},"featured_media":13700,"template":"","meta":[],"product_brand":[],"product_cat":[97],"product_tag":[101,102],"class_list":{"0":"post-14747","1":"product","2":"type-product","3":"status-publish","4":"has-post-thumbnail","6":"product_cat-dominican-republic","7":"product_tag-excursion","8":"product_tag-tour","10":"first","11":"instock","12":"shipping-taxable","13":"product-type-external"},"_links":{"self":[{"href":"https:\/\/sabanadelamartours.com\/fr\/wp-json\/wp\/v2\/product\/14747","targetHints":{"allow":["GET"]}}],"collection":[{"href":"https:\/\/sabanadelamartours.com\/fr\/wp-json\/wp\/v2\/product"}],"about":[{"href":"https:\/\/sabanadelamartours.com\/fr\/wp-json\/wp\/v2\/types\/product"}],"version-history":[{"count":1,"href":"https:\/\/sabanadelamartours.com\/fr\/wp-json\/wp\/v2\/product\/14747\/revisions"}],"predecessor-version":[{"id":18962,"href":"https:\/\/sabanadelamartours.com\/fr\/wp-json\/wp\/v2\/product\/14747\/revisions\/18962"}],"wp:featuredmedia":[{"embeddable":true,"href":"https:\/\/sabanadelamartours.com\/fr\/wp-json\/wp\/v2\/media\/13700"}],"wp:attachment":[{"href":"https:\/\/sabanadelamartours.com\/fr\/wp-json\/wp\/v2\/media?parent=14747"}],"wp:term":[{"taxonomy":"product_brand","embeddable":true,"href":"https:\/\/sabanadelamartours.com\/fr\/wp-json\/wp\/v2\/product_brand?post=14747"},{"taxonomy":"product_cat","embeddable":true,"href":"https:\/\/sabanadelamartours.com\/fr\/wp-json\/wp\/v2\/product_cat?post=14747"},{"taxonomy":"product_tag","embeddable":true,"href":"https:\/\/sabanadelamartours.com\/fr\/wp-json\/wp\/v2\/product_tag?post=14747"}],"curies":[{"name":"wp","href":"https:\/\/api.w.org\/{rel}","templated":true}]}}