{"id":14759,"date":"2025-12-18T12:32:56","date_gmt":"2025-12-18T12:32:56","guid":{"rendered":"https:\/\/sabanadelamartours.com\/?post_type=product&#038;p=14759"},"modified":"2026-02-11T13:17:40","modified_gmt":"2026-02-11T13:17:40","slug":"catalina-island-tour-boat-beach-stay-lunch-free-drinks","status":"publish","type":"product","link":"https:\/\/sabanadelamartours.com\/fr\/tournee\/catalina-island-tour-boat-beach-stay-lunch-free-drinks\/","title":{"rendered":"Excursion sur l'\u00eele de Catalina : Bateau, s\u00e9jour sur la plage, d\u00e9jeuner et boissons gratuites"},"content":{"rendered":"<p>L'excursion \u00e0 Punta Cana Isla Catalina comprend la prise en charge et le retour depuis n'importe quel h\u00f4tel ou quartier de Bavaro\/Punta Cana et le transport dans des bus modernes avec des chauffeurs experts, accompagn\u00e9s d'un guide professionnel multilingue.<\/p>\n<p>Votre aventure commence lorsque vous montez \u00e0 bord d'un bateau et que vous vous rendez sur le premier site de plong\u00e9e. Notre \u00e9quipe de plongeurs certifi\u00e9s PADI vous pr\u00e9sentera les proc\u00e9dures de sant\u00e9 et de s\u00e9curit\u00e9 \u00e0 bord et vous donnera un briefing sur la plong\u00e9e avec tuba, en vous aidant \u00e0 trouver l'\u00e9quipement qui vous convient. Vous profiterez \u00e9galement de boissons provenant d'un open bar et de musique s\u00e9lectionn\u00e9e par l'\u00e9quipe d'animation pour vous donner de l'\u00e9nergie pendant le trajet en bateau.<\/p>\n<p>En allant vers l'est de Punta Cana Isla Catalina, notre catamaran vous emm\u00e8nera vers un site de plong\u00e9e en apn\u00e9e connu sous le nom de \u00abWall\u00bb, qui s'adresse aussi bien aux novices qu'aux experts de la plong\u00e9e en apn\u00e9e. Des gilets de sauvetage sont mis \u00e0 la disposition de tous. La plong\u00e9e avec masque et tuba permet \u00e9galement d'observer des esp\u00e8ces marines fantastiques. L'\u00e9quipement est inclus. Pendant une heure de snorkeling, vous aurez l'occasion de d\u00e9couvrir la beaut\u00e9 naturelle de la mer. Vous serez fascin\u00e9 par l'incroyable visibilit\u00e9 de l'eau et l'\u00e9tonnant \u00e9cosyst\u00e8me sous-marin.<\/p>\n<p>Remontez \u00e0 bord du bateau et d\u00e9gustez des boissons alcoolis\u00e9es et non alcoolis\u00e9es en vous rendant sur une plage priv\u00e9e de l'\u00eele de Catalina. L\u00e0, vous pourrez vous d\u00e9tendre ou vous promener le long de la plage. Un \u00e9quipement de plong\u00e9e en apn\u00e9e est disponible au bar si vous souhaitez refaire de la plong\u00e9e en apn\u00e9e pr\u00e8s de l'\u00eele. En outre, ne manquez pas l'occasion de prendre les meilleures photos qui soient sur la fabuleuse \u00eele de Catalina !<\/p>\n<p>R\u00e9galez-vous de la cuisine dominicaine traditionnelle (viande, riz, p\u00e2tes, salades, fruits locaux) pr\u00e9par\u00e9e par un chef local renomm\u00e9. Moyennant un suppl\u00e9ment, vous pouvez d\u00e9guster une d\u00e9licieuse langouste fra\u00eeche. Veuillez nous informer \u00e0 l'avance si vous souhaitez b\u00e9n\u00e9ficier d'une option de d\u00e9jeuner VIP.<\/p>\n<div class=\"toggle-content__content toggle-content__content--expanded toggle-content__content--packable\" data-v-59485d64=\"\">\n<div data-test-id=\"activity-full-description-text\" data-v-5835c99c=\"\">Apr\u00e8s le d\u00e9jeuner, vous pourrez continuer \u00e0 vous d\u00e9tendre sur la plage. Vous pouvez vous d\u00e9tendre, faire de la plong\u00e9e avec tuba ou nager \u00e0 nouveau, profiter de l'open bar ou simplement \u00e9couter les vagues apaisantes et profiter de la brise marine revigorante.<\/div>\n<\/div>\n<div class=\"toggle-content__label-placeholder\" data-v-59485d64=\"\"><\/div>","protected":false},"excerpt":{"rendered":"<div data-track=\"overview\" data-v-83a2b402=\"\">\n<section id=\"activity-overview\" class=\"activity-overview\" data-component=\"overview\" data-v-83a2b402=\"\" data-v-f3236c42=\"\">\n<p class=\"activity-overview__content\" data-test-id=\"activity-overview-content\" data-v-f3236c42=\"\">Voyage inoubliable \u00e0 Isla Catalina depuis Punta Cana. Faites de la plong\u00e9e en apn\u00e9e dans la mer bleue captivante, d\u00e9tendez-vous sur des plages immacul\u00e9es et savourez un d\u00e9jeuner dominicain traditionnel. Divertissement, bonne musique, open bar !<\/p>\n<\/section>\n<\/div>\n<div data-track=\"key-details\" data-v-83a2b402=\"\"><\/div>","protected":false},"featured_media":14972,"template":"","meta":[],"product_brand":[],"product_cat":[97],"product_tag":[101,102],"class_list":{"0":"post-14759","1":"product","2":"type-product","3":"status-publish","4":"has-post-thumbnail","6":"product_cat-dominican-republic","7":"product_tag-excursion","8":"product_tag-tour","10":"first","11":"instock","12":"shipping-taxable","13":"product-type-external"},"_links":{"self":[{"href":"https:\/\/sabanadelamartours.com\/fr\/wp-json\/wp\/v2\/product\/14759","targetHints":{"allow":["GET"]}}],"collection":[{"href":"https:\/\/sabanadelamartours.com\/fr\/wp-json\/wp\/v2\/product"}],"about":[{"href":"https:\/\/sabanadelamartours.com\/fr\/wp-json\/wp\/v2\/types\/product"}],"version-history":[{"count":1,"href":"https:\/\/sabanadelamartours.com\/fr\/wp-json\/wp\/v2\/product\/14759\/revisions"}],"predecessor-version":[{"id":19048,"href":"https:\/\/sabanadelamartours.com\/fr\/wp-json\/wp\/v2\/product\/14759\/revisions\/19048"}],"wp:featuredmedia":[{"embeddable":true,"href":"https:\/\/sabanadelamartours.com\/fr\/wp-json\/wp\/v2\/media\/14972"}],"wp:attachment":[{"href":"https:\/\/sabanadelamartours.com\/fr\/wp-json\/wp\/v2\/media?parent=14759"}],"wp:term":[{"taxonomy":"product_brand","embeddable":true,"href":"https:\/\/sabanadelamartours.com\/fr\/wp-json\/wp\/v2\/product_brand?post=14759"},{"taxonomy":"product_cat","embeddable":true,"href":"https:\/\/sabanadelamartours.com\/fr\/wp-json\/wp\/v2\/product_cat?post=14759"},{"taxonomy":"product_tag","embeddable":true,"href":"https:\/\/sabanadelamartours.com\/fr\/wp-json\/wp\/v2\/product_tag?post=14759"}],"curies":[{"name":"wp","href":"https:\/\/api.w.org\/{rel}","templated":true}]}}