{"id":14783,"date":"2025-12-18T12:34:07","date_gmt":"2025-12-18T12:34:07","guid":{"rendered":"https:\/\/sabanadelamartours.com\/?post_type=product&#038;p=14783"},"modified":"2026-02-12T01:34:14","modified_gmt":"2026-02-12T01:34:14","slug":"-311","status":"publish","type":"product","link":"https:\/\/sabanadelamartours.com\/fr\/tournee\/-311\/","title":{"rendered":"Tour Buggy de Medio d\u00eda Playa Macao"},"content":{"rendered":"<p>Le Macau Buggy Tour est l'une des excursions les plus populaires \u00e0 Punta Cana, c'est cette aventure inoubliable d'une demi-journ\u00e9e, nous conduirons un Buggy \u00e0 travers les routes de l'int\u00e9rieur dominicain. Une excursion de pur plaisir, d'adr\u00e9naline, de boue et d'eau, o\u00f9 vous aurez l'occasion de d\u00e9couvrir un peu de la vraie R\u00e9publique dominicaine.<\/p>\n<p>Nous traverserons le pays jusqu'\u00e0 ce que nous atteignions une vue imprenable sur la plage de Macau, o\u00f9 nous nous arr\u00eaterons pour nous baigner dans ses eaux bleues envo\u00fbtantes.<\/p>","protected":false},"excerpt":{"rendered":"<div data-track=\"overview\" data-v-83a2b402=\"\">\n<section id=\"activity-overview\" class=\"activity-overview\" data-component=\"overview\" data-v-83a2b402=\"\" data-v-f3236c42=\"\">\n<p class=\"activity-overview__content\" data-test-id=\"activity-overview-content\" data-v-f3236c42=\"\">Passez une journ\u00e9e pleine d'action dans la campagne \u00e0 bord d'un quad ou d'un buggy. Visitez quelques-uns des plus beaux sites de Punta Cana, notamment l'unique plage de Macao et le c\u00e9note de Taina.<\/p>\n<\/section>\n<\/div>\n<div data-track=\"key-details\" data-v-83a2b402=\"\"><\/div>","protected":false},"featured_media":15001,"template":"","meta":[],"product_brand":[],"product_cat":[97],"product_tag":[101,102],"class_list":{"0":"post-14783","1":"product","2":"type-product","3":"status-publish","4":"has-post-thumbnail","6":"product_cat-dominican-republic","7":"product_tag-excursion","8":"product_tag-tour","10":"first","11":"instock","12":"shipping-taxable","13":"product-type-external"},"_links":{"self":[{"href":"https:\/\/sabanadelamartours.com\/fr\/wp-json\/wp\/v2\/product\/14783","targetHints":{"allow":["GET"]}}],"collection":[{"href":"https:\/\/sabanadelamartours.com\/fr\/wp-json\/wp\/v2\/product"}],"about":[{"href":"https:\/\/sabanadelamartours.com\/fr\/wp-json\/wp\/v2\/types\/product"}],"version-history":[{"count":1,"href":"https:\/\/sabanadelamartours.com\/fr\/wp-json\/wp\/v2\/product\/14783\/revisions"}],"predecessor-version":[{"id":19051,"href":"https:\/\/sabanadelamartours.com\/fr\/wp-json\/wp\/v2\/product\/14783\/revisions\/19051"}],"wp:featuredmedia":[{"embeddable":true,"href":"https:\/\/sabanadelamartours.com\/fr\/wp-json\/wp\/v2\/media\/15001"}],"wp:attachment":[{"href":"https:\/\/sabanadelamartours.com\/fr\/wp-json\/wp\/v2\/media?parent=14783"}],"wp:term":[{"taxonomy":"product_brand","embeddable":true,"href":"https:\/\/sabanadelamartours.com\/fr\/wp-json\/wp\/v2\/product_brand?post=14783"},{"taxonomy":"product_cat","embeddable":true,"href":"https:\/\/sabanadelamartours.com\/fr\/wp-json\/wp\/v2\/product_cat?post=14783"},{"taxonomy":"product_tag","embeddable":true,"href":"https:\/\/sabanadelamartours.com\/fr\/wp-json\/wp\/v2\/product_tag?post=14783"}],"curies":[{"name":"wp","href":"https:\/\/api.w.org\/{rel}","templated":true}]}}