{"id":14883,"date":"2025-12-18T12:38:06","date_gmt":"2025-12-18T12:38:06","guid":{"rendered":"https:\/\/sabanadelamartours.com\/?post_type=product&#038;p=14883"},"modified":"2026-01-09T03:23:07","modified_gmt":"2026-01-09T03:23:07","slug":"el-limon-waterfall-bacardi-island-full-day-adventure","status":"publish","type":"product","link":"https:\/\/sabanadelamartours.com\/fr\/tournee\/el-limon-waterfall-bacardi-island-full-day-adventure\/","title":{"rendered":"Aventure d'une journ\u00e9e \u00e0 la cascade d'El Limon et \u00e0 l'\u00eele de Bacardi"},"content":{"rendered":"<p>Commencez votre visite en empruntant la nouvelle route vers la ville de p\u00eacheurs de Miches, \u00e0 bord de l'un des bus modernes. Profitez d'une heure de route pour observer la campagne le long de la c\u00f4te et la cha\u00eene de l'Anamuya.<\/p>\n<p>Montez \u00e0 bord du catamaran \u00e0 Las Canitas. Visitez la cascade de Salto El Limon et admirez la s\u00e9r\u00e9nit\u00e9 de l'endroit. Participez \u00e0 une aventure inoubliable qui vous emm\u00e8ne sur la p\u00e9ninsule o\u00f9 les montagnes s'\u00e9l\u00e8vent \u00e0 2 100 pieds dans le ciel.<\/p>\n<p>Faites une promenade \u00e0 cheval \u00e0 travers l'incroyable v\u00e9g\u00e9tation luxuriante, les plantes, le caf\u00e9, le cacao et une vari\u00e9t\u00e9 de fruits tropicaux. La mont\u00e9e de 30 minutes jusqu'au sommet de la cascade offre un point de vue captivant sur la campagne environnante. Ensuite, d\u00e9jeuner au ranch.<\/p>\n<p>Apr\u00e8s le d\u00e9jeuner, votre guide vous emm\u00e8nera \u00e0 Cayo Levantado, une \u00eele magnifique au milieu d'une eau bleue et turquoise. Prenez le temps de vous d\u00e9tendre et de nager avant de retourner \u00e0 Las Canitas \u00e0 la fin de l'excursion.<\/p>","protected":false},"excerpt":{"rendered":"<div data-track=\"overview\" data-v-83a2b402=\"\">\n<section id=\"activity-overview\" class=\"activity-overview\" data-component=\"overview\" data-v-83a2b402=\"\" data-v-f3236c42=\"\">\n<p class=\"activity-overview__content\" data-test-id=\"activity-overview-content\" data-v-f3236c42=\"\">Pr\u00e9parez-vous \u00e0 naviguer sur un catamaran avec boissons \u00e0 volont\u00e9 \u00e0 bord. Ensuite, balade \u00e0 cheval jusqu'\u00e0 un ranch pr\u00e8s d'El Limon pour profiter de la spectaculaire chute d'eau et d'un d\u00e9licieux d\u00e9jeuner. Rejoignez le magnifique Cayo Levantado pour une baignade.<\/p>\n<\/section>\n<\/div>\n<div data-track=\"key-details\" data-v-83a2b402=\"\"><\/div>","protected":false},"featured_media":15101,"template":"","meta":[],"product_brand":[],"product_cat":[77],"product_tag":[101,102],"class_list":{"0":"post-14883","1":"product","2":"type-product","3":"status-publish","4":"has-post-thumbnail","6":"product_cat-uncategorized","7":"product_tag-excursion","8":"product_tag-tour","10":"first","11":"instock","12":"shipping-taxable","13":"product-type-external"},"_links":{"self":[{"href":"https:\/\/sabanadelamartours.com\/fr\/wp-json\/wp\/v2\/product\/14883","targetHints":{"allow":["GET"]}}],"collection":[{"href":"https:\/\/sabanadelamartours.com\/fr\/wp-json\/wp\/v2\/product"}],"about":[{"href":"https:\/\/sabanadelamartours.com\/fr\/wp-json\/wp\/v2\/types\/product"}],"version-history":[{"count":1,"href":"https:\/\/sabanadelamartours.com\/fr\/wp-json\/wp\/v2\/product\/14883\/revisions"}],"predecessor-version":[{"id":18662,"href":"https:\/\/sabanadelamartours.com\/fr\/wp-json\/wp\/v2\/product\/14883\/revisions\/18662"}],"wp:featuredmedia":[{"embeddable":true,"href":"https:\/\/sabanadelamartours.com\/fr\/wp-json\/wp\/v2\/media\/15101"}],"wp:attachment":[{"href":"https:\/\/sabanadelamartours.com\/fr\/wp-json\/wp\/v2\/media?parent=14883"}],"wp:term":[{"taxonomy":"product_brand","embeddable":true,"href":"https:\/\/sabanadelamartours.com\/fr\/wp-json\/wp\/v2\/product_brand?post=14883"},{"taxonomy":"product_cat","embeddable":true,"href":"https:\/\/sabanadelamartours.com\/fr\/wp-json\/wp\/v2\/product_cat?post=14883"},{"taxonomy":"product_tag","embeddable":true,"href":"https:\/\/sabanadelamartours.com\/fr\/wp-json\/wp\/v2\/product_tag?post=14883"}],"curies":[{"name":"wp","href":"https:\/\/api.w.org\/{rel}","templated":true}]}}