{"id":14908,"date":"2025-12-18T12:39:26","date_gmt":"2025-12-18T12:39:26","guid":{"rendered":"https:\/\/sabanadelamartours.com\/?post_type=product&#038;p=14908"},"modified":"2026-02-12T01:46:21","modified_gmt":"2026-02-12T01:46:21","slug":"plage-equitation-et-campagne","status":"publish","type":"product","link":"https:\/\/sabanadelamartours.com\/fr\/tournee\/plage-equitation-et-campagne\/","title":{"rendered":"Plage, \u00e9quitation et campagne"},"content":{"rendered":"<p><span style=\"font-family: 'book antiqua', palatino, serif;\">Explorez la campagne et la plage, l'excursion dure deux heures, une heure de plage et une autre de campagne, passez la journ\u00e9e \u00e0 cheval \u00e0 travers la plage et les collines de Puerto Plata sur ce m\u00e9morable toujours voulu monter \u00e0 cheval et chercher une exp\u00e9rience unique venez avec notre compagnie nous ramasser \u00e0 l'ext\u00e9rieur du port \u00e0 amber cove et Taino bay port. Profitez de l'excursion \u00e0 cheval dans la campagne et la plage en prenant des vues sur l'oc\u00e9an venez avec nous vous vous sentirez comme un roi et une reine vous aimerez nos chevaux \ud83d\udc34.<\/span><\/p>","protected":false},"excerpt":{"rendered":"<div data-track=\"overview\" data-v-83a2b402=\"\">\n<section id=\"activity-overview\" class=\"activity-overview\" data-component=\"overview\" data-v-83a2b402=\"\" data-v-f3236c42=\"\">\n<p class=\"activity-overview__content\" data-test-id=\"activity-overview-content\" data-v-f3236c42=\"\">Profitez de l'excursion \u00e0 cheval dans la campagne et la plage en prenant des vues sur l'oc\u00e9an venez avec nous vous vous sentirez comme un roi et une reine vous allez adorer nos chevaux \ud83d\udc34.<\/p>\n<\/section>\n<\/div>\n<div data-track=\"key-details\" data-v-83a2b402=\"\"><\/div>","protected":false},"featured_media":13859,"template":"","meta":[],"product_brand":[],"product_cat":[97],"product_tag":[101,102],"class_list":{"0":"post-14908","1":"product","2":"type-product","3":"status-publish","4":"has-post-thumbnail","6":"product_cat-dominican-republic","7":"product_tag-excursion","8":"product_tag-tour","10":"first","11":"instock","12":"shipping-taxable","13":"product-type-external"},"_links":{"self":[{"href":"https:\/\/sabanadelamartours.com\/fr\/wp-json\/wp\/v2\/product\/14908","targetHints":{"allow":["GET"]}}],"collection":[{"href":"https:\/\/sabanadelamartours.com\/fr\/wp-json\/wp\/v2\/product"}],"about":[{"href":"https:\/\/sabanadelamartours.com\/fr\/wp-json\/wp\/v2\/types\/product"}],"version-history":[{"count":1,"href":"https:\/\/sabanadelamartours.com\/fr\/wp-json\/wp\/v2\/product\/14908\/revisions"}],"predecessor-version":[{"id":19060,"href":"https:\/\/sabanadelamartours.com\/fr\/wp-json\/wp\/v2\/product\/14908\/revisions\/19060"}],"wp:featuredmedia":[{"embeddable":true,"href":"https:\/\/sabanadelamartours.com\/fr\/wp-json\/wp\/v2\/media\/13859"}],"wp:attachment":[{"href":"https:\/\/sabanadelamartours.com\/fr\/wp-json\/wp\/v2\/media?parent=14908"}],"wp:term":[{"taxonomy":"product_brand","embeddable":true,"href":"https:\/\/sabanadelamartours.com\/fr\/wp-json\/wp\/v2\/product_brand?post=14908"},{"taxonomy":"product_cat","embeddable":true,"href":"https:\/\/sabanadelamartours.com\/fr\/wp-json\/wp\/v2\/product_cat?post=14908"},{"taxonomy":"product_tag","embeddable":true,"href":"https:\/\/sabanadelamartours.com\/fr\/wp-json\/wp\/v2\/product_tag?post=14908"}],"curies":[{"name":"wp","href":"https:\/\/api.w.org\/{rel}","templated":true}]}}