{"id":14938,"date":"2025-12-18T12:40:42","date_gmt":"2025-12-18T12:40:42","guid":{"rendered":"https:\/\/sabanadelamartours.com\/?post_type=product&#038;p=14938"},"modified":"2026-01-09T03:27:44","modified_gmt":"2026-01-09T03:27:44","slug":"-326","status":"publish","type":"product","link":"https:\/\/sabanadelamartours.com\/fr\/tournee\/-326\/","title":{"rendered":"Aventure en buggy \u00e0 Punta Cana avec baignade en cenote dans une caverne priv\u00e9e"},"content":{"rendered":"<p>Pr\u00e9parez-vous \u00e0 embarquer pour une aventure passionnante qui vous fera voyager \u00e0 travers le terrain accident\u00e9 de Macao. Vous d\u00e9couvrirez des sentiers cach\u00e9s et des paysages de jungle isol\u00e9s qui vous fascineront.<\/p>\n<p>L'aventure commence par une prise en charge \u00e0 votre h\u00f4tel de Punta Cana. Vous monterez ensuite \u00e0 bord d'un buggy \u00e0 sensations fortes, consid\u00e9r\u00e9 comme le meilleur de la r\u00e9gion. Tout au long du voyage, des guides sympathiques et bilingues vous accompagneront, vous fourniront l'\u00e9quipement n\u00e9cessaire et vous donneront des consignes de s\u00e9curit\u00e9 afin que vous soyez parfaitement pr\u00e9par\u00e9s \u00e0 l'aventure qui vous attend.<\/p>\n<p>Vous pouvez personnaliser votre aventure en fonction de vos pr\u00e9f\u00e9rences, avec deux horaires de visite et trois types de v\u00e9hicules au choix. Que vous souhaitiez vous amuser seul, partager l'exp\u00e9rience avec un ami ou emmener toute votre famille, il y en a pour tous les go\u00fbts.<\/p>\n<div class=\"toggle-content__content toggle-content__content--expanded toggle-content__content--packable\" data-v-59485d64=\"\">\n<div data-test-id=\"activity-full-description-text\" data-v-5835c99c=\"\">Pr\u00e9parez-vous \u00e0 un voyage inoubliable qui vous laissera des souvenirs imp\u00e9rissables.<\/div>\n<\/div>\n<div class=\"toggle-content__label-placeholder\" data-v-59485d64=\"\"><\/div>","protected":false},"excerpt":{"rendered":"<div data-track=\"overview\" data-v-83a2b402=\"\">\n<section id=\"activity-overview\" class=\"activity-overview\" data-component=\"overview\" data-v-83a2b402=\"\" data-v-f3236c42=\"\">\n<p class=\"activity-overview__content\" data-test-id=\"activity-overview-content\" data-v-f3236c42=\"\">Pr\u00e9parez-vous \u00e0 vivre une aventure passionnante en buggy tout-terrain. Vous aurez l'occasion d'explorer une carri\u00e8re abandonn\u00e9e et de vous baigner dans un c\u00e9note souterrain priv\u00e9 qui vous laissera pantois.<\/p>\n<\/section>\n<\/div>\n<div data-track=\"key-details\" data-v-83a2b402=\"\"><\/div>","protected":false},"featured_media":15156,"template":"","meta":[],"product_brand":[],"product_cat":[77],"product_tag":[101,102],"class_list":{"0":"post-14938","1":"product","2":"type-product","3":"status-publish","4":"has-post-thumbnail","6":"product_cat-uncategorized","7":"product_tag-excursion","8":"product_tag-tour","10":"first","11":"instock","12":"shipping-taxable","13":"product-type-external"},"_links":{"self":[{"href":"https:\/\/sabanadelamartours.com\/fr\/wp-json\/wp\/v2\/product\/14938","targetHints":{"allow":["GET"]}}],"collection":[{"href":"https:\/\/sabanadelamartours.com\/fr\/wp-json\/wp\/v2\/product"}],"about":[{"href":"https:\/\/sabanadelamartours.com\/fr\/wp-json\/wp\/v2\/types\/product"}],"version-history":[{"count":1,"href":"https:\/\/sabanadelamartours.com\/fr\/wp-json\/wp\/v2\/product\/14938\/revisions"}],"predecessor-version":[{"id":18665,"href":"https:\/\/sabanadelamartours.com\/fr\/wp-json\/wp\/v2\/product\/14938\/revisions\/18665"}],"wp:featuredmedia":[{"embeddable":true,"href":"https:\/\/sabanadelamartours.com\/fr\/wp-json\/wp\/v2\/media\/15156"}],"wp:attachment":[{"href":"https:\/\/sabanadelamartours.com\/fr\/wp-json\/wp\/v2\/media?parent=14938"}],"wp:term":[{"taxonomy":"product_brand","embeddable":true,"href":"https:\/\/sabanadelamartours.com\/fr\/wp-json\/wp\/v2\/product_brand?post=14938"},{"taxonomy":"product_cat","embeddable":true,"href":"https:\/\/sabanadelamartours.com\/fr\/wp-json\/wp\/v2\/product_cat?post=14938"},{"taxonomy":"product_tag","embeddable":true,"href":"https:\/\/sabanadelamartours.com\/fr\/wp-json\/wp\/v2\/product_tag?post=14938"}],"curies":[{"name":"wp","href":"https:\/\/api.w.org\/{rel}","templated":true}]}}