{"id":14939,"date":"2025-12-18T12:40:42","date_gmt":"2025-12-18T12:40:42","guid":{"rendered":"https:\/\/sabanadelamartours.com\/?post_type=product&#038;p=14939"},"modified":"2026-02-12T03:02:50","modified_gmt":"2026-02-12T03:02:50","slug":"-327","status":"publish","type":"product","link":"https:\/\/sabanadelamartours.com\/fr\/tournee\/-327\/","title":{"rendered":"Recherche de circuits \u00e9cologiques"},"content":{"rendered":"<p>Rejoignez-nous pour une aventure extraordinaire lors d'une fabuleuse excursion \u00e0 travers les merveilles de Punta Cana. Pr\u00e9parez-vous \u00e0 \u00eatre captiv\u00e9 par la beaut\u00e9 de ce paradis carib\u00e9en en explorant des sites fascinants, en savourant une cuisine all\u00e9chante et en vous d\u00e9lectant des eaux cristallines de la mer des Cara\u00efbes.<\/p>\n<p>Notre voyage commence par une visite du rucher, o\u00f9 vous plongerez dans le monde captivant de la production de miel. Les experts de cette fondation \u00e9cologique r\u00e9put\u00e9e pour son miel exceptionnel, l'un des plus fins de la R\u00e9publique dominicaine, vous apprendront ce qu'il faut savoir. Plongez dans le processus de l'apiculture et apprenez \u00e0 appr\u00e9cier l'\u00e9quilibre d\u00e9licat de la nature.<\/p>\n<p>Poursuivez votre aventure en vous rendant \u00e0 l'Iguanario, o\u00f9 vous aurez l'incroyable opportunit\u00e9 d'observer l'iguane rhinoc\u00e9ros, une esp\u00e8ce indig\u00e8ne de la R\u00e9publique dominicaine. \u00c9merveillez-vous devant ces magnifiques cr\u00e9atures et d\u00e9couvrez leurs comportements et habitats uniques, tout en soutenant les efforts vitaux de conservation d\u00e9di\u00e9s \u00e0 leur pr\u00e9servation.<\/p>\n<p>Explorez le jardin biologique et le jardin fruitier, o\u00f9 les pratiques durables s'\u00e9panouissent. D\u00e9couvrez l'\u00e9ventail vibrant de fruits et de v\u00e9g\u00e9tation cultiv\u00e9s dans le respect de l'environnement. Mettez vos sens en \u00e9veil en appr\u00e9ciant l'environnement luxuriant et en apprenant l'importance de la culture biologique.<\/p>\n<p>Notre excursion prend une tournure historique lorsque nous nous rendons dans les ruines du premier h\u00f4tel construit \u00e0 Punta Cana, le Punta Cana Beach Resort Hotel. Remontez le temps et observez les vestiges du pass\u00e9 en vous plongeant dans les histoires et les l\u00e9gendes de cet important point de rep\u00e8re.<\/p>\n<p>Pr\u00e9parez-vous \u00e0 vivre une exp\u00e9rience rafra\u00eechissante en visitant le c\u00e9note Inrir\u00ed, situ\u00e9 dans la r\u00e9serve \u00e9cologique priv\u00e9e Indigenous Eyes. Plongez dans ses eaux vivifiantes et sentez un sentiment de tranquillit\u00e9 vous envahir. Ce joyau cach\u00e9 au milieu de la jungle luxuriante est une v\u00e9ritable oasis qui permet de s'\u00e9vader de l'ordinaire.<\/p>\n<p>Un d\u00e9jeuner d\u00e9lectable vous attend, avec un barbecue argentin typique, accompagn\u00e9 d'un riz dominicain savoureux, et bien plus encore. Savourez le m\u00e9lange harmonieux des cuisines argentine et dominicaine, qui t\u00e9moigne du riche h\u00e9ritage culturel de la r\u00e9gion.<\/p>\n<p>Pour couronner cette journ\u00e9e extraordinaire, nous vous invitons \u00e0 naviguer le long de la c\u00f4te de Punta Cana Resort sur notre catamaran de la mer des Cara\u00efbes. Profitez des vues \u00e0 couper le souffle et immergez-vous dans la splendeur naturelle qui vous entoure. Plongez dans les eaux cristallines et profitez d'une baignade rafra\u00eechissante dans notre spectaculaire piscine naturelle. Tout au long du voyage, laissez-vous tenter par notre Open Bar national, o\u00f9 un \u00e9ventail de boissons rafra\u00eechissantes vous attend.<\/p>\n<div class=\"toggle-content__content toggle-content__content--expanded toggle-content__content--packable\" data-v-59485d64=\"\">\n<div data-test-id=\"activity-full-description-text\" data-v-5835c99c=\"\">Rejoignez-nous pour cette excursion inoubliable, o\u00f9 l'aventure, l'histoire, la nature et les d\u00e9lices culinaires se m\u00ealent pour cr\u00e9er une exp\u00e9rience unique. R\u00e9servez votre voyage avec nous d\u00e8s aujourd'hui et embarquez pour une journ\u00e9e remplie d'\u00e9merveillement, de d\u00e9tente et de la beaut\u00e9 de Punta Cana.<\/div>\n<\/div>\n<div class=\"toggle-content__label-placeholder\" data-v-59485d64=\"\"><\/div>","protected":false},"excerpt":{"rendered":"<div data-track=\"overview\" data-v-83a2b402=\"\">\n<section id=\"activity-overview\" class=\"activity-overview\" data-component=\"overview\" data-v-83a2b402=\"\" data-v-f3236c42=\"\">\n<p class=\"activity-overview__content\" data-test-id=\"activity-overview-content\" data-v-f3236c42=\"\">D\u00e9couvrez les merveilles de Punta Cana au cours d'une aventure extraordinaire. Explorez des sites captivants, savourez une cuisine d\u00e9licieuse et profitez de la beaut\u00e9 de la mer des Cara\u00efbes.<\/p>\n<\/section>\n<\/div>\n<div data-track=\"key-details\" data-v-83a2b402=\"\"><\/div>","protected":false},"featured_media":15167,"template":"","meta":[],"product_brand":[],"product_cat":[97],"product_tag":[101,102],"class_list":{"0":"post-14939","1":"product","2":"type-product","3":"status-publish","4":"has-post-thumbnail","6":"product_cat-dominican-republic","7":"product_tag-excursion","8":"product_tag-tour","10":"first","11":"instock","12":"shipping-taxable","13":"product-type-external"},"_links":{"self":[{"href":"https:\/\/sabanadelamartours.com\/fr\/wp-json\/wp\/v2\/product\/14939","targetHints":{"allow":["GET"]}}],"collection":[{"href":"https:\/\/sabanadelamartours.com\/fr\/wp-json\/wp\/v2\/product"}],"about":[{"href":"https:\/\/sabanadelamartours.com\/fr\/wp-json\/wp\/v2\/types\/product"}],"version-history":[{"count":1,"href":"https:\/\/sabanadelamartours.com\/fr\/wp-json\/wp\/v2\/product\/14939\/revisions"}],"predecessor-version":[{"id":19064,"href":"https:\/\/sabanadelamartours.com\/fr\/wp-json\/wp\/v2\/product\/14939\/revisions\/19064"}],"wp:featuredmedia":[{"embeddable":true,"href":"https:\/\/sabanadelamartours.com\/fr\/wp-json\/wp\/v2\/media\/15167"}],"wp:attachment":[{"href":"https:\/\/sabanadelamartours.com\/fr\/wp-json\/wp\/v2\/media?parent=14939"}],"wp:term":[{"taxonomy":"product_brand","embeddable":true,"href":"https:\/\/sabanadelamartours.com\/fr\/wp-json\/wp\/v2\/product_brand?post=14939"},{"taxonomy":"product_cat","embeddable":true,"href":"https:\/\/sabanadelamartours.com\/fr\/wp-json\/wp\/v2\/product_cat?post=14939"},{"taxonomy":"product_tag","embeddable":true,"href":"https:\/\/sabanadelamartours.com\/fr\/wp-json\/wp\/v2\/product_tag?post=14939"}],"curies":[{"name":"wp","href":"https:\/\/api.w.org\/{rel}","templated":true}]}}