{"id":14984,"date":"2025-12-18T12:42:38","date_gmt":"2025-12-18T12:42:38","guid":{"rendered":"https:\/\/sabanadelamartours.com\/?post_type=product&#038;p=14984"},"modified":"2026-02-12T03:10:35","modified_gmt":"2026-02-12T03:10:35","slug":"-332","status":"publish","type":"product","link":"https:\/\/sabanadelamartours.com\/fr\/tournee\/-332\/","title":{"rendered":"Sosua Bateau pour le coucher du soleil et plong\u00e9e en apn\u00e9e"},"content":{"rendered":"<p>Une croisi\u00e8re en catamaran totalement priv\u00e9e et relaxante avec un guide personnel et professionnel.<\/p>\n<p>Nous naviguons vers une aventure inoubliable ! Profitez de l'occasion pour assister \u00e0 l'un des plus beaux couchers de soleil \u00e0 bord d'un catamaran qui part de la baie de Sos\u00faa.<\/p>\n<p>La premi\u00e8re \u00e9tape consistera en une magnifique visite sous-marine. Le guide marin fera de la plong\u00e9e avec masque et tuba avec vous, vous montrant tous les poissons et toutes les vari\u00e9t\u00e9s que l'endroit a \u00e0 offrir. Apr\u00e8s 25 minutes, vous retournerez au navire et profiterez d'un open bar avec des boissons locales.<\/p>\n<p>Un autre endroit id\u00e9al est Three Rocks, Los Cabezos (\u00e9galement appel\u00e9 canyon), qui comprend trois grands rochers verticaux o\u00f9 l'on trouve de nombreux poissons.<\/p>\n<p>Un d\u00e9jeuner barbecue complet, des boissons non alcoolis\u00e9es et de l'alcool sont inclus. Profitez de cette aventure pendant une demi-journ\u00e9e et laissez le reste de la journ\u00e9e libre. Il dispose d'un bon syst\u00e8me de musique<\/p>","protected":false},"excerpt":{"rendered":"<div data-track=\"overview\" data-v-83a2b402=\"\">\n<section id=\"activity-overview\" class=\"activity-overview\" data-component=\"overview\" data-v-83a2b402=\"\" data-v-f3236c42=\"\">\n<p class=\"activity-overview__content\" data-test-id=\"activity-overview-content\" data-v-f3236c42=\"\">Venez avec nous et profitez de l'excursion de plong\u00e9e avec masque et tuba la plus spectaculaire qui soit. Vous pourrez nourrir de vos propres mains les innombrables esp\u00e8ces de poissons multicolores et de coraux tropicaux.<\/p>\n<\/section>\n<\/div>\n<div data-track=\"key-details\" data-v-83a2b402=\"\"><\/div>","protected":false},"featured_media":15196,"template":"","meta":[],"product_brand":[],"product_cat":[97],"product_tag":[101,102],"class_list":{"0":"post-14984","1":"product","2":"type-product","3":"status-publish","4":"has-post-thumbnail","6":"product_cat-dominican-republic","7":"product_tag-excursion","8":"product_tag-tour","10":"first","11":"instock","12":"shipping-taxable","13":"product-type-external"},"_links":{"self":[{"href":"https:\/\/sabanadelamartours.com\/fr\/wp-json\/wp\/v2\/product\/14984","targetHints":{"allow":["GET"]}}],"collection":[{"href":"https:\/\/sabanadelamartours.com\/fr\/wp-json\/wp\/v2\/product"}],"about":[{"href":"https:\/\/sabanadelamartours.com\/fr\/wp-json\/wp\/v2\/types\/product"}],"version-history":[{"count":1,"href":"https:\/\/sabanadelamartours.com\/fr\/wp-json\/wp\/v2\/product\/14984\/revisions"}],"predecessor-version":[{"id":19068,"href":"https:\/\/sabanadelamartours.com\/fr\/wp-json\/wp\/v2\/product\/14984\/revisions\/19068"}],"wp:featuredmedia":[{"embeddable":true,"href":"https:\/\/sabanadelamartours.com\/fr\/wp-json\/wp\/v2\/media\/15196"}],"wp:attachment":[{"href":"https:\/\/sabanadelamartours.com\/fr\/wp-json\/wp\/v2\/media?parent=14984"}],"wp:term":[{"taxonomy":"product_brand","embeddable":true,"href":"https:\/\/sabanadelamartours.com\/fr\/wp-json\/wp\/v2\/product_brand?post=14984"},{"taxonomy":"product_cat","embeddable":true,"href":"https:\/\/sabanadelamartours.com\/fr\/wp-json\/wp\/v2\/product_cat?post=14984"},{"taxonomy":"product_tag","embeddable":true,"href":"https:\/\/sabanadelamartours.com\/fr\/wp-json\/wp\/v2\/product_tag?post=14984"}],"curies":[{"name":"wp","href":"https:\/\/api.w.org\/{rel}","templated":true}]}}