{"id":15013,"date":"2025-12-18T12:43:46","date_gmt":"2025-12-18T12:43:46","guid":{"rendered":"https:\/\/sabanadelamartours.com\/?post_type=product&#038;p=15013"},"modified":"2026-02-12T03:11:25","modified_gmt":"2026-02-12T03:11:25","slug":"-334","status":"publish","type":"product","link":"https:\/\/sabanadelamartours.com\/fr\/tournee\/-334\/","title":{"rendered":"V\u00e9lo \u00e9lectrique \u00e0 Puerto plata"},"content":{"rendered":"<p>Explorez le centre-ville de Puerto Plata en v\u00e9lo \u00e9lectrique au coucher du soleil. Visitez cette merveilleuse ville, d\u00e9couvrez le quartier des p\u00eacheurs et admirez le coucher du soleil en vous promenant sur la promenade avec ce v\u00e9lo \u00e9lectrique de location.<\/p>\n<p>D\u00e9couvrez Puerto Plata, admirez la promenade et visitez la merveilleuse ville de San Felipe, le quartier baln\u00e9aire et la Puntilla du Malecon del Moral avec cette location de v\u00e9lo \u00e9lectrique.<\/p>\n<p>Prenez votre E-Bike avec votre casque de protection et commencez votre aventure autoguid\u00e9e. Parcourez toute la promenade de l'Isla gr\u00e2ce au puissant et silencieux moteur \u00e9lectrique de pointe et \u00e0 ses roues Big Foot.<\/p>\n<p>Tout en p\u00e9dalant, admirez la flore et la faune de la Costa de la Luz. Observez la vie active de la citadelle et des habitants de cette r\u00e9gion.<\/p>\n<div class=\"toggle-content__content toggle-content__content--expanded toggle-content__content--packable\" data-v-59485d64=\"\">\n<div data-test-id=\"activity-full-description-text\" data-v-5835c99c=\"\">Explorez la ville victorienne d'Ayamonte et arr\u00eatez-vous au rassemblement des p\u00eacheurs. Profitez d'une vue magnifique sur le coucher de soleil \u00e0 votre retour.<\/div>\n<\/div>\n<div class=\"toggle-content__label-placeholder\" data-v-59485d64=\"\"><\/div>","protected":false},"excerpt":{"rendered":"<div data-track=\"overview\" data-v-83a2b402=\"\">\n<section id=\"activity-overview\" class=\"activity-overview\" data-component=\"overview\" data-v-83a2b402=\"\" data-v-f3236c42=\"\">\n<p class=\"activity-overview__content\" data-test-id=\"activity-overview-content\" data-v-f3236c42=\"\">Explorez Puerto Plata en v\u00e9lo \u00e9lectrique au coucher du soleil. Visitez cette merveilleuse ville, d\u00e9couvrez le quartier des p\u00eacheurs et admirez cette balade autoguid\u00e9e le long de la promenade avec cette location de v\u00e9lo \u00e9lectrique.<\/p>\n<\/section>\n<\/div>\n<div data-track=\"key-details\" data-v-83a2b402=\"\"><\/div>","protected":false},"featured_media":15214,"template":"","meta":[],"product_brand":[],"product_cat":[97],"product_tag":[101,102],"class_list":{"0":"post-15013","1":"product","2":"type-product","3":"status-publish","4":"has-post-thumbnail","6":"product_cat-dominican-republic","7":"product_tag-excursion","8":"product_tag-tour","10":"first","11":"instock","12":"sale","13":"shipping-taxable","14":"product-type-external"},"_links":{"self":[{"href":"https:\/\/sabanadelamartours.com\/fr\/wp-json\/wp\/v2\/product\/15013","targetHints":{"allow":["GET"]}}],"collection":[{"href":"https:\/\/sabanadelamartours.com\/fr\/wp-json\/wp\/v2\/product"}],"about":[{"href":"https:\/\/sabanadelamartours.com\/fr\/wp-json\/wp\/v2\/types\/product"}],"version-history":[{"count":1,"href":"https:\/\/sabanadelamartours.com\/fr\/wp-json\/wp\/v2\/product\/15013\/revisions"}],"predecessor-version":[{"id":19069,"href":"https:\/\/sabanadelamartours.com\/fr\/wp-json\/wp\/v2\/product\/15013\/revisions\/19069"}],"wp:featuredmedia":[{"embeddable":true,"href":"https:\/\/sabanadelamartours.com\/fr\/wp-json\/wp\/v2\/media\/15214"}],"wp:attachment":[{"href":"https:\/\/sabanadelamartours.com\/fr\/wp-json\/wp\/v2\/media?parent=15013"}],"wp:term":[{"taxonomy":"product_brand","embeddable":true,"href":"https:\/\/sabanadelamartours.com\/fr\/wp-json\/wp\/v2\/product_brand?post=15013"},{"taxonomy":"product_cat","embeddable":true,"href":"https:\/\/sabanadelamartours.com\/fr\/wp-json\/wp\/v2\/product_cat?post=15013"},{"taxonomy":"product_tag","embeddable":true,"href":"https:\/\/sabanadelamartours.com\/fr\/wp-json\/wp\/v2\/product_tag?post=15013"}],"curies":[{"name":"wp","href":"https:\/\/api.w.org\/{rel}","templated":true}]}}