{"id":15099,"date":"2025-12-18T12:48:04","date_gmt":"2025-12-18T12:48:04","guid":{"rendered":"https:\/\/sabanadelamartours.com\/?post_type=product&#038;p=15099"},"modified":"2026-02-12T03:18:36","modified_gmt":"2026-02-12T03:18:36","slug":"excursion-en-buggy-punta-cana-macao-plage-et-grotte-de-taino-guidee","status":"publish","type":"product","link":"https:\/\/sabanadelamartours.com\/fr\/tournee\/excursion-en-buggy-punta-cana-macao-plage-et-grotte-de-taino-guidee\/","title":{"rendered":"Buggy Tour Punta Cana Macao Beach et Taino Cave Guided"},"content":{"rendered":"<p>Embarquez pour une aventure m\u00ealant nature, histoire et culture locale avec notre visite guid\u00e9e en buggy au d\u00e9part de Punta Cana. Choisissez entre des buggys simples ou familiaux pour une balade exaltante \u00e0 travers les paysages \u00e9poustouflants de la r\u00e9gion, en visitant Playa Macao, la grotte de Taina et une authentique maison dominicaine sur le chemin.<\/p>\n<p>Commencez votre voyage par une prise en charge pratique depuis votre h\u00e9bergement \u00e0 Punta Cana avant de vous rendre au point de d\u00e9part pour monter \u00e0 bord de votre buggy. Suivez votre guide pour vous rendre \u00e0 Playa Macao, un site naturel r\u00e9put\u00e9 pour son sable blanc immacul\u00e9 et ses eaux cristallines. Prenez le temps de vous d\u00e9tendre sur la plage ou de vous baigner.<\/p>\n<p>Poursuivez votre exploration jusqu'\u00e0 la grotte mystique de Taina, o\u00f9 vous serez transport\u00e9 dans le temps. Admirez les impressionnantes formations rocheuses et d\u00e9couvrez les anciennes peintures rupestres qui d\u00e9crivent l'histoire des premiers habitants de la R\u00e9publique dominicaine.<\/p>\n<p>Ensuite, vous visiterez une maison dominicaine typique, offrant une exp\u00e9rience culturelle immersive. Vous d\u00e9couvrirez les traditions et les coutumes locales en interagissant avec les habitants et en vous faisant une id\u00e9e de la vie quotidienne dans la r\u00e9gion.<\/p>\n<div class=\"toggle-content__content toggle-content__content--expanded toggle-content__content--packable\" data-v-59485d64=\"\">\n<div data-test-id=\"activity-full-description-text\" data-v-5835c99c=\"\">Apr\u00e8s une journ\u00e9e enrichissante d'aventures et de d\u00e9couvertes, retournez \u00e0 Punta Cana pour vous rendre \u00e0 votre h\u00e9bergement, rempli de souvenirs d'un voyage inoubliable \u00e0 travers les merveilles naturelles et l'h\u00e9ritage culturel de la R\u00e9publique dominicaine.<\/div>\n<\/div>\n<div class=\"toggle-content__label-placeholder\" data-v-59485d64=\"\"><\/div>\n<div data-v-59485d64=\"\"><\/div>","protected":false},"excerpt":{"rendered":"<div data-track=\"overview\" data-v-83a2b402=\"\">\n<section id=\"activity-overview\" class=\"activity-overview\" data-component=\"overview\" data-v-83a2b402=\"\" data-v-f3236c42=\"\">\n<p class=\"activity-overview__content\" data-test-id=\"activity-overview-content\" data-v-f3236c42=\"\">Faites l'exp\u00e9rience d'une excursion exaltante en buggy au d\u00e9part de Punta Cana, \u00e0 la d\u00e9couverte de paysages \u00e9poustouflants, de Playa Macao, de la grotte de Taina et d'une maison locale.<\/p>\n<\/section>\n<\/div>\n<div data-track=\"key-details\" data-v-83a2b402=\"\"><\/div>","protected":false},"featured_media":15304,"template":"","meta":[],"product_brand":[],"product_cat":[97],"product_tag":[101,102],"class_list":{"0":"post-15099","1":"product","2":"type-product","3":"status-publish","4":"has-post-thumbnail","6":"product_cat-dominican-republic","7":"product_tag-excursion","8":"product_tag-tour","10":"first","11":"instock","12":"sale","13":"shipping-taxable","14":"product-type-external"},"_links":{"self":[{"href":"https:\/\/sabanadelamartours.com\/fr\/wp-json\/wp\/v2\/product\/15099","targetHints":{"allow":["GET"]}}],"collection":[{"href":"https:\/\/sabanadelamartours.com\/fr\/wp-json\/wp\/v2\/product"}],"about":[{"href":"https:\/\/sabanadelamartours.com\/fr\/wp-json\/wp\/v2\/types\/product"}],"version-history":[{"count":1,"href":"https:\/\/sabanadelamartours.com\/fr\/wp-json\/wp\/v2\/product\/15099\/revisions"}],"predecessor-version":[{"id":19078,"href":"https:\/\/sabanadelamartours.com\/fr\/wp-json\/wp\/v2\/product\/15099\/revisions\/19078"}],"wp:featuredmedia":[{"embeddable":true,"href":"https:\/\/sabanadelamartours.com\/fr\/wp-json\/wp\/v2\/media\/15304"}],"wp:attachment":[{"href":"https:\/\/sabanadelamartours.com\/fr\/wp-json\/wp\/v2\/media?parent=15099"}],"wp:term":[{"taxonomy":"product_brand","embeddable":true,"href":"https:\/\/sabanadelamartours.com\/fr\/wp-json\/wp\/v2\/product_brand?post=15099"},{"taxonomy":"product_cat","embeddable":true,"href":"https:\/\/sabanadelamartours.com\/fr\/wp-json\/wp\/v2\/product_cat?post=15099"},{"taxonomy":"product_tag","embeddable":true,"href":"https:\/\/sabanadelamartours.com\/fr\/wp-json\/wp\/v2\/product_tag?post=15099"}],"curies":[{"name":"wp","href":"https:\/\/api.w.org\/{rel}","templated":true}]}}