{"id":15134,"date":"2025-12-18T12:49:26","date_gmt":"2025-12-18T12:49:26","guid":{"rendered":"https:\/\/sabanadelamartours.com\/?post_type=product&#038;p=15134"},"modified":"2026-02-12T03:23:58","modified_gmt":"2026-02-12T03:23:58","slug":"excursion-dune-demi-journee-aux-altos-de-chavon-depuis-punta-cana","status":"publish","type":"product","link":"https:\/\/sabanadelamartours.com\/fr\/tournee\/excursion-dune-demi-journee-aux-altos-de-chavon-depuis-punta-cana\/","title":{"rendered":"Altos De Chav\u00f3n : Excursion d'une demi-journ\u00e9e depuis Punta Cana"},"content":{"rendered":"<p>Embarquez pour un voyage enrichissant \u00e0 Altos de Chav\u00f3n, un village pittoresque nich\u00e9 dans la campagne dominicaine. Votre aventure commence par un transport aller-retour confortable depuis Punta Cana, pr\u00e9parant le terrain pour une journ\u00e9e remplie d'exploration et de d\u00e9couverte.<\/p>\n<p>\u00c0 votre arriv\u00e9e, vous serez accueilli par les charmantes rues pav\u00e9es et l'architecture d'inspiration m\u00e9diterran\u00e9enne d'Altos de Chav\u00f3n. Accompagn\u00e9 de votre guide comp\u00e9tent, embarquez pour une visite guid\u00e9e de ce village captivant, o\u00f9 chaque coin de rue raconte une histoire des si\u00e8cles pass\u00e9s.<\/p>\n<p>Votre premi\u00e8re \u00e9tape est l'embl\u00e9matique Iglesia San Estanislao, une \u00e9glise \u00e9tonnante qui offre des vues panoramiques sur la campagne environnante. Vous y d\u00e9couvrirez l'histoire et la signification de ce joyau architectural, impr\u00e9gn\u00e9 de culture et de tradition dominicaines.<\/p>\n<p>Ensuite, plongez dans le monde fascinant de l'arch\u00e9ologie au Museo Arqueol\u00f3gico, o\u00f9 des artefacts anciens et des expositions mettent en lumi\u00e8re la culture indig\u00e8ne Taino et le riche patrimoine de l'\u00eele. Plongez dans le pass\u00e9 en explorant les collections du mus\u00e9e et d\u00e9couvrez les secrets de l'histoire dominicaine.<\/p>\n<p>Poursuivez votre voyage en visitant le Museo del \u00c1mbar y Larimar Dominicano, o\u00f9 vous d\u00e9couvrirez les tr\u00e9sors g\u00e9ologiques uniques qui font la renomm\u00e9e de la R\u00e9publique dominicaine. Apprenez \u00e0 extraire et \u00e0 fabriquer l'ambre et le larimar, deux pierres pr\u00e9cieuses que l'on trouve exclusivement dans les Cara\u00efbes.<\/p>\n<p>En vous promenant dans les Altos de Chav\u00f3n, ne manquez pas d'admirer les vues \u00e0 couper le souffle depuis le Mirador al R\u00edo Chav\u00f3n, un belv\u00e9d\u00e8re qui offre des vues panoramiques sur la rivi\u00e8re Chav\u00f3n qui serpente dans le paysage luxuriant en contrebas.<\/p>\n<p>D\u00e9couvrez la magie de la sc\u00e8ne culturelle d'Altos de Chav\u00f3n en visitant l'Anfiteatro, un amphith\u00e9\u00e2tre impressionnant qui a accueilli des artistes et des interpr\u00e8tes de renomm\u00e9e mondiale. \u00c9merveillez-vous devant la beaut\u00e9 architecturale de ce lieu en plein air et imaginez les concerts et \u00e9v\u00e9nements vibrants qui s'y sont d\u00e9roul\u00e9s.<\/p>\n<p>Avant de terminer votre visite, prenez le temps de parcourir les boutiques de souvenirs locales, o\u00f9 vous trouverez des souvenirs uniques et des objets artisanaux pour comm\u00e9morer votre visite \u00e0 Altos de Chav\u00f3n. Des c\u00e9ramiques faites \u00e0 la main aux textiles tiss\u00e9s de mani\u00e8re complexe, il y a quelque chose \u00e0 ch\u00e9rir pour tout le monde.<\/p>\n<p>Alors que la journ\u00e9e touche \u00e0 sa fin, r\u00e9fl\u00e9chissez \u00e0 la beaut\u00e9 et \u00e0 l'histoire que vous avez v\u00e9cues pendant votre s\u00e9jour \u00e0 Altos de Chav\u00f3n. Montez \u00e0 bord de votre v\u00e9hicule pour retourner \u00e0 Punta Cana, rempli de souvenirs d'un voyage inoubliable au c\u0153ur de la R\u00e9publique dominicaine.<\/p>","protected":false},"excerpt":{"rendered":"<div data-track=\"overview\" data-v-83a2b402=\"\">\n<section id=\"activity-overview\" class=\"activity-overview\" data-component=\"overview\" data-v-83a2b402=\"\" data-v-f3236c42=\"\">\n<p class=\"activity-overview__content\" data-test-id=\"activity-overview-content\" data-v-f3236c42=\"\">D\u00e9couvrez la riche histoire et les paysages \u00e9poustouflants d'Altos de Chav\u00f3n gr\u00e2ce \u00e0 des visites guid\u00e9es par des experts des sites, des mus\u00e9es et des points de vue panoramiques, et plus encore.<\/p>\n<\/section>\n<\/div>\n<div data-track=\"key-details\" data-v-83a2b402=\"\"><\/div>","protected":false},"featured_media":15358,"template":"","meta":[],"product_brand":[],"product_cat":[97],"product_tag":[101,102],"class_list":{"0":"post-15134","1":"product","2":"type-product","3":"status-publish","4":"has-post-thumbnail","6":"product_cat-dominican-republic","7":"product_tag-excursion","8":"product_tag-tour","10":"first","11":"instock","12":"shipping-taxable","13":"product-type-external"},"_links":{"self":[{"href":"https:\/\/sabanadelamartours.com\/fr\/wp-json\/wp\/v2\/product\/15134","targetHints":{"allow":["GET"]}}],"collection":[{"href":"https:\/\/sabanadelamartours.com\/fr\/wp-json\/wp\/v2\/product"}],"about":[{"href":"https:\/\/sabanadelamartours.com\/fr\/wp-json\/wp\/v2\/types\/product"}],"version-history":[{"count":2,"href":"https:\/\/sabanadelamartours.com\/fr\/wp-json\/wp\/v2\/product\/15134\/revisions"}],"predecessor-version":[{"id":19086,"href":"https:\/\/sabanadelamartours.com\/fr\/wp-json\/wp\/v2\/product\/15134\/revisions\/19086"}],"wp:featuredmedia":[{"embeddable":true,"href":"https:\/\/sabanadelamartours.com\/fr\/wp-json\/wp\/v2\/media\/15358"}],"wp:attachment":[{"href":"https:\/\/sabanadelamartours.com\/fr\/wp-json\/wp\/v2\/media?parent=15134"}],"wp:term":[{"taxonomy":"product_brand","embeddable":true,"href":"https:\/\/sabanadelamartours.com\/fr\/wp-json\/wp\/v2\/product_brand?post=15134"},{"taxonomy":"product_cat","embeddable":true,"href":"https:\/\/sabanadelamartours.com\/fr\/wp-json\/wp\/v2\/product_cat?post=15134"},{"taxonomy":"product_tag","embeddable":true,"href":"https:\/\/sabanadelamartours.com\/fr\/wp-json\/wp\/v2\/product_tag?post=15134"}],"curies":[{"name":"wp","href":"https:\/\/api.w.org\/{rel}","templated":true}]}}