{"id":15176,"date":"2025-12-18T12:51:05","date_gmt":"2025-12-18T12:51:05","guid":{"rendered":"https:\/\/sabanadelamartours.com\/?post_type=product&#038;p=15176"},"modified":"2026-01-09T03:58:17","modified_gmt":"2026-01-09T03:58:17","slug":"los-haitises-4-caves-expedition-rain-forest-walk","status":"publish","type":"product","link":"https:\/\/sabanadelamartours.com\/fr\/tournee\/los-haitises-4-caves-expedition-rain-forest-walk\/","title":{"rendered":"Exp\u00e9dition dans les 4 grottes de Los Haitises et promenade dans la for\u00eat tropicale"},"content":{"rendered":"<p>Parc national de Los Haitises Cette excursion se concentre sur l'exp\u00e9dition dans les grottes et la for\u00eat tropicale.<\/p>\n<p>Le parc national Los Haitises (dont le nom signifie \u201cterre haute\u201d ou \u201cmontagne\u201d dans la langue des anciens Tainos) est l'un des paysages naturels prot\u00e9g\u00e9s les plus importants de la R\u00e9publique dominicaine. Il couvre une superficie d'environ 1 600 km2, qui fait partie d'un vaste syst\u00e8me karstique cr\u00e9\u00e9 il y a 50 millions d'ann\u00e9es, et comprend une riche mosa\u00efque d'\u00e9cosyst\u00e8mes marins et terrestres : estuaires, bras de mer, baies, cl\u00e9s et mogotes - ces curieuses formations rocheuses en forme de c\u00f4ne qui caract\u00e9risent le paysage de la r\u00e9gion - ainsi que des dolines, des mangroves, etc. En d'autres termes, il s'agit d'un immense parc qui regorge d'attraits naturels et o\u00f9 l'on peut vivre des aventures uniques.<\/p>\n<p>Outre sa richesse incontestable, ce grand parc national est aussi un lieu id\u00e9al pour d\u00e9couvrir le riche patrimoine culturel (actuel et pr\u00e9hispanique) de la R\u00e9publique dominicaine. Des endroits comme Sabana de la Mar montrent le charme moderne de la R\u00e9publique dominicaine, mais dans pr\u00e8s de 100 grottes diss\u00e9min\u00e9es dans le parc, vous pouvez d\u00e9couvrir la plus grande collection de peintures pr\u00e9historiques du pays, h\u00e9ritage inestimable des anciennes civilisations pr\u00e9colombiennes.<\/p>\n<p>Los Haitises propose toutes sortes d'exp\u00e9riences, des aventures palpitantes aux visites ax\u00e9es sur l'appr\u00e9ciation des merveilles naturelles de la r\u00e9gion ou de ses tr\u00e9sors arch\u00e9ologiques. Bien entendu, il est toujours possible de combiner ces deux types d'exp\u00e9riences, ce qui permet de mieux appr\u00e9cier la richesse du parc en g\u00e9n\u00e9ral.<\/p>\n<p>L'une des caract\u00e9ristiques du paysage karstique du parc - roches calcaires \u00e9rod\u00e9es par l'eau - est la formation de grottes de diff\u00e9rentes tailles, qui constituent l'une des principales attractions de Los Haiteses. Elles attirent les visiteurs pour deux raisons : tout d'abord, leur immense richesse naturelle et la beaut\u00e9 de leurs formations rocheuses. La seconde raison, peut-\u00eatre la plus importante, est que beaucoup de ces grottes contiennent des collections \u00e9tonnantes de pictogrammes et de p\u00e9troglyphes cr\u00e9\u00e9s il y a des centaines (voire des milliers) d'ann\u00e9es par les premiers habitants de l'\u00eele de La Espa\u00f1ola. Les grottes de La Reyna, La Arena, San Gabriel, Willi et La L\u00ednea sont de v\u00e9ritables galeries de peintures rupestres extr\u00eamement impressionnantes qu'aucun visiteur ne devrait manquer.<\/p>\n<p>Le parc national de Los Haitises est ouvert toute l'ann\u00e9e, mais si vous voulez \u00eatre plus prudent, minimiser les risques de pluie et profiter de temp\u00e9ratures moins extr\u00eames, planifiez votre visite entre novembre et avril. L'\u00e9t\u00e9 est plus chaud et humide.<\/p>","protected":false},"excerpt":{"rendered":"<div data-track=\"overview\" data-v-83a2b402=\"\">\n<section id=\"activity-overview\" class=\"activity-overview\" data-component=\"overview\" data-v-83a2b402=\"\" data-v-f3236c42=\"\">\n<p class=\"activity-overview__content\" data-test-id=\"activity-overview-content\" data-v-f3236c42=\"\">Visite de 4 grottes dans le parc national de Los Haitises. Focus sur la culture Taino et la faune du parc national de Los Haitises. Mangroves, grottes et \u00eeles.<\/p>\n<\/section>\n<\/div>\n<div data-track=\"key-details\" data-v-83a2b402=\"\"><\/div>","protected":false},"featured_media":15401,"template":"","meta":[],"product_brand":[],"product_cat":[97],"product_tag":[101,102],"class_list":{"0":"post-15176","1":"product","2":"type-product","3":"status-publish","4":"has-post-thumbnail","6":"product_cat-dominican-republic","7":"product_tag-excursion","8":"product_tag-tour","10":"first","11":"instock","12":"shipping-taxable","13":"product-type-external"},"_links":{"self":[{"href":"https:\/\/sabanadelamartours.com\/fr\/wp-json\/wp\/v2\/product\/15176","targetHints":{"allow":["GET"]}}],"collection":[{"href":"https:\/\/sabanadelamartours.com\/fr\/wp-json\/wp\/v2\/product"}],"about":[{"href":"https:\/\/sabanadelamartours.com\/fr\/wp-json\/wp\/v2\/types\/product"}],"version-history":[{"count":1,"href":"https:\/\/sabanadelamartours.com\/fr\/wp-json\/wp\/v2\/product\/15176\/revisions"}],"predecessor-version":[{"id":18678,"href":"https:\/\/sabanadelamartours.com\/fr\/wp-json\/wp\/v2\/product\/15176\/revisions\/18678"}],"wp:featuredmedia":[{"embeddable":true,"href":"https:\/\/sabanadelamartours.com\/fr\/wp-json\/wp\/v2\/media\/15401"}],"wp:attachment":[{"href":"https:\/\/sabanadelamartours.com\/fr\/wp-json\/wp\/v2\/media?parent=15176"}],"wp:term":[{"taxonomy":"product_brand","embeddable":true,"href":"https:\/\/sabanadelamartours.com\/fr\/wp-json\/wp\/v2\/product_brand?post=15176"},{"taxonomy":"product_cat","embeddable":true,"href":"https:\/\/sabanadelamartours.com\/fr\/wp-json\/wp\/v2\/product_cat?post=15176"},{"taxonomy":"product_tag","embeddable":true,"href":"https:\/\/sabanadelamartours.com\/fr\/wp-json\/wp\/v2\/product_tag?post=15176"}],"curies":[{"name":"wp","href":"https:\/\/api.w.org\/{rel}","templated":true}]}}