{"id":15204,"date":"2025-12-18T12:52:22","date_gmt":"2025-12-18T12:52:22","guid":{"rendered":"https:\/\/sabanadelamartours.com\/?post_type=product&#038;p=15204"},"modified":"2026-02-12T04:17:07","modified_gmt":"2026-02-12T04:17:07","slug":"vip-puerto-plata-city-tour-private-and-customizable","status":"publish","type":"product","link":"https:\/\/sabanadelamartours.com\/fr\/tournee\/vip-puerto-plata-city-tour-private-and-customizable\/","title":{"rendered":"Tour de ville VIP de Puerto Plata priv\u00e9 et personnalisable."},"content":{"rendered":"<div class=\"toggle-content__content toggle-content__content--expanded toggle-content__content--packable\" data-v-59485d64=\"\">\n<div data-test-id=\"activity-full-description-text\" data-v-5835c99c=\"\">You will stay entertained with Dominican history, national drinks and a delicious typical lunch included, visit the San Felipe fort built in 1577 to protect the port from pirates, visit a cigar factory, an amber and larimar museum where you can acquire information about these ancient stones. You will have the opportunity to see the street of the umbrellas and the famous pink street in honor of Do\u00f1a Blanca, the street of the chichiguas, a visit to the national market to see and enjoy the daily life of the locals. You will also visit the central park surrounded by the Victorian houses and the San Felipe cathedral founded in 1502. In addition to the souvenir place for gifts and to remember your visit, a last stop on the beach to remind you allows us to immerse you in the beautiful colors of our city .<\/div>\n<\/div>\n<div class=\"toggle-content__label-placeholder\" data-v-59485d64=\"\"><\/div>","protected":false},"excerpt":{"rendered":"<div data-track=\"overview\" data-v-83a2b402=\"\">\n<section id=\"activity-overview\" class=\"activity-overview\" data-component=\"overview\" data-v-83a2b402=\"\" data-v-f3236c42=\"\">\n<p class=\"activity-overview__content\" data-test-id=\"activity-overview-content\" data-v-f3236c42=\"\">Vous choisissez les lieux \u00e0 visiter afin de profiter pleinement de chaque \u00e9tape. Vous d\u00e9cidez \u00e9galement de l'heure de d\u00e9part. Cette visite vous permet de d\u00e9couvrir la ville et de vivre une exp\u00e9rience inoubliable.<\/p>\n<\/section>\n<\/div>\n<div data-track=\"key-details\" data-v-83a2b402=\"\"><\/div>","protected":false},"featured_media":15437,"template":"","meta":[],"product_brand":[],"product_cat":[216],"product_tag":[101,102],"class_list":{"0":"post-15204","1":"product","2":"type-product","3":"status-publish","4":"has-post-thumbnail","6":"product_cat-dominican","7":"product_tag-excursion","8":"product_tag-tour","10":"first","11":"instock","12":"shipping-taxable","13":"product-type-external"},"_links":{"self":[{"href":"https:\/\/sabanadelamartours.com\/fr\/wp-json\/wp\/v2\/product\/15204","targetHints":{"allow":["GET"]}}],"collection":[{"href":"https:\/\/sabanadelamartours.com\/fr\/wp-json\/wp\/v2\/product"}],"about":[{"href":"https:\/\/sabanadelamartours.com\/fr\/wp-json\/wp\/v2\/types\/product"}],"version-history":[{"count":2,"href":"https:\/\/sabanadelamartours.com\/fr\/wp-json\/wp\/v2\/product\/15204\/revisions"}],"predecessor-version":[{"id":19092,"href":"https:\/\/sabanadelamartours.com\/fr\/wp-json\/wp\/v2\/product\/15204\/revisions\/19092"}],"wp:featuredmedia":[{"embeddable":true,"href":"https:\/\/sabanadelamartours.com\/fr\/wp-json\/wp\/v2\/media\/15437"}],"wp:attachment":[{"href":"https:\/\/sabanadelamartours.com\/fr\/wp-json\/wp\/v2\/media?parent=15204"}],"wp:term":[{"taxonomy":"product_brand","embeddable":true,"href":"https:\/\/sabanadelamartours.com\/fr\/wp-json\/wp\/v2\/product_brand?post=15204"},{"taxonomy":"product_cat","embeddable":true,"href":"https:\/\/sabanadelamartours.com\/fr\/wp-json\/wp\/v2\/product_cat?post=15204"},{"taxonomy":"product_tag","embeddable":true,"href":"https:\/\/sabanadelamartours.com\/fr\/wp-json\/wp\/v2\/product_tag?post=15204"}],"curies":[{"name":"wp","href":"https:\/\/api.w.org\/{rel}","templated":true}]}}