{"id":15233,"date":"2025-12-18T12:53:31","date_gmt":"2025-12-18T12:53:31","guid":{"rendered":"https:\/\/sabanadelamartours.com\/?post_type=product&#038;p=15233"},"modified":"2026-02-12T04:20:16","modified_gmt":"2026-02-12T04:20:16","slug":"aventures-nocturnes-en-atv","status":"publish","type":"product","link":"https:\/\/sabanadelamartours.com\/fr\/tournee\/aventures-nocturnes-en-atv\/","title":{"rendered":"Aventures nocturnes en VTT"},"content":{"rendered":"<p>Description<\/p>\n<p>D\u00e9couvrez le frisson de l'aventure et de l'histoire lors de notre excursion nocturne exclusive \u00e0 Punta Canal Power \u00e0 travers la campagne dominicaine sur nos chemins de terre priv\u00e9s, alors que le paysage passe du jour \u00e0 la nuit, offrant une transformation hypnotique.<\/p>\n<p>Mais l'excitation ne s'arr\u00eate pas l\u00e0 ! Remontez le temps en entrant dans le PARC DOMIATI, en vous plongeant dans l'histoire des anc\u00eatres de l'\u00eele avec un spectacle de TAINO et en savourant des produits biologiques directement issus de la terre.<\/p>\n<p>Ensuite, rafra\u00eechissez-vous dans notre CENOTE souterrain exclusif avec un DJ qui met de l'ambiance. Une fois que vous vous serez s\u00e9ch\u00e9, laissez-vous tenter par un d\u00eener dominicain typique 100% dans notre restaurant avant de terminer la nuit par un spectacle de CARNAVAL vibrant.<\/p>\n<p>Rejoignez-nous pour cette aventure unique et d\u00e9couvrez la magie de la R\u00e9publique dominicaine sous les \u00e9toiles !<\/p>","protected":false},"excerpt":{"rendered":"<div data-track=\"overview\" data-v-83a2b402=\"\">\n<section id=\"activity-overview\" class=\"activity-overview\" data-component=\"overview\" data-v-83a2b402=\"\" data-v-f3236c42=\"\">\n<p class=\"activity-overview__content\" data-test-id=\"activity-overview-content\" data-v-f3236c42=\"\">Venez profiter de la seule excursion nocturne d'aventure en VTT disponible \u00e0 Punta Cana.<\/p>\n<\/section>\n<\/div>\n<div data-track=\"key-details\" data-v-83a2b402=\"\"><\/div>","protected":false},"featured_media":15460,"template":"","meta":[],"product_brand":[],"product_cat":[216],"product_tag":[101,102],"class_list":{"0":"post-15233","1":"product","2":"type-product","3":"status-publish","4":"has-post-thumbnail","6":"product_cat-dominican","7":"product_tag-excursion","8":"product_tag-tour","10":"first","11":"instock","12":"shipping-taxable","13":"product-type-external"},"_links":{"self":[{"href":"https:\/\/sabanadelamartours.com\/fr\/wp-json\/wp\/v2\/product\/15233","targetHints":{"allow":["GET"]}}],"collection":[{"href":"https:\/\/sabanadelamartours.com\/fr\/wp-json\/wp\/v2\/product"}],"about":[{"href":"https:\/\/sabanadelamartours.com\/fr\/wp-json\/wp\/v2\/types\/product"}],"version-history":[{"count":1,"href":"https:\/\/sabanadelamartours.com\/fr\/wp-json\/wp\/v2\/product\/15233\/revisions"}],"predecessor-version":[{"id":19095,"href":"https:\/\/sabanadelamartours.com\/fr\/wp-json\/wp\/v2\/product\/15233\/revisions\/19095"}],"wp:featuredmedia":[{"embeddable":true,"href":"https:\/\/sabanadelamartours.com\/fr\/wp-json\/wp\/v2\/media\/15460"}],"wp:attachment":[{"href":"https:\/\/sabanadelamartours.com\/fr\/wp-json\/wp\/v2\/media?parent=15233"}],"wp:term":[{"taxonomy":"product_brand","embeddable":true,"href":"https:\/\/sabanadelamartours.com\/fr\/wp-json\/wp\/v2\/product_brand?post=15233"},{"taxonomy":"product_cat","embeddable":true,"href":"https:\/\/sabanadelamartours.com\/fr\/wp-json\/wp\/v2\/product_cat?post=15233"},{"taxonomy":"product_tag","embeddable":true,"href":"https:\/\/sabanadelamartours.com\/fr\/wp-json\/wp\/v2\/product_tag?post=15233"}],"curies":[{"name":"wp","href":"https:\/\/api.w.org\/{rel}","templated":true}]}}