{"id":15234,"date":"2025-12-18T12:53:32","date_gmt":"2025-12-18T12:53:32","guid":{"rendered":"https:\/\/sabanadelamartours.com\/?post_type=product&#038;p=15234"},"modified":"2026-02-12T04:21:35","modified_gmt":"2026-02-12T04:21:35","slug":"grotte-de-la-riviere-et-plage-de-macao-aventure-en-quad-dune-demi-journee","status":"publish","type":"product","link":"https:\/\/sabanadelamartours.com\/fr\/tournee\/grotte-de-la-riviere-et-plage-de-macao-aventure-en-quad-dune-demi-journee\/","title":{"rendered":"Aventure en quad d'une demi-journ\u00e9e dans la grotte de la rivi\u00e8re et sur la plage de Macao"},"content":{"rendered":"<p>Une aventure passionnante et amusante o\u00f9 vous rencontrerez des buggies faisant partie de la culture dominicaine, comme le caf\u00e9, le cacao, le tabac \u00e0 priser et leur processus, ainsi que la visite de Macao et de sa magnifique plage et de ses eaux cristallines. Profitez d'une aventure passionnante en buggy o\u00f9 vous pourrez admirer le paysage \u00e9poustouflant de la plage de Macao et nager dans ses eaux \u00e9tonnantes. Ce sera une aventure inoubliable et folle d'une demi-journ\u00e9e qui se d\u00e9roulera sur les sentiers de la campagne dominicaine. Vous ferez \u00e9galement une halte dans une maison dominicaine typique pour assister \u00e0 la fabrication du cacao, du caf\u00e9 tout en pouvant vous d\u00e9lecter d'un nouveau monde de saveurs et d'odeurs. Nous continuerons ensuite \u00e0 rouler jusqu'\u00e0 une grotte souterraine \u00e0 l'eau cristalline o\u00f9 vous pourrez vous baigner. Une journ\u00e9e pleine de plaisir pour ceux qui cherchent une excursion pour voir la beaut\u00e9 naturelle de la R\u00e9publique dominicaine.<\/p>","protected":false},"excerpt":{"rendered":"<div data-track=\"overview\" data-v-83a2b402=\"\">\n<section id=\"activity-overview\" class=\"activity-overview\" data-component=\"overview\" data-v-83a2b402=\"\" data-v-f3236c42=\"\">\n<p class=\"activity-overview__content\" data-test-id=\"activity-overview-content\" data-v-f3236c42=\"\">Une aventure passionnante et amusante o\u00f9 vous rencontrerez le buggy, tel qu'il est, le caf\u00e9, le cacao, le tabac \u00e0 priser et leur processus, ainsi que la visite de Macao et de sa magnifique plage aux eaux cristallines.<\/p>\n<\/section>\n<\/div>\n<div data-track=\"key-details\" data-v-83a2b402=\"\"><\/div>","protected":false},"featured_media":15468,"template":"","meta":[],"product_brand":[],"product_cat":[216],"product_tag":[101,102],"class_list":{"0":"post-15234","1":"product","2":"type-product","3":"status-publish","4":"has-post-thumbnail","6":"product_cat-dominican","7":"product_tag-excursion","8":"product_tag-tour","10":"first","11":"instock","12":"shipping-taxable","13":"product-type-external"},"_links":{"self":[{"href":"https:\/\/sabanadelamartours.com\/fr\/wp-json\/wp\/v2\/product\/15234","targetHints":{"allow":["GET"]}}],"collection":[{"href":"https:\/\/sabanadelamartours.com\/fr\/wp-json\/wp\/v2\/product"}],"about":[{"href":"https:\/\/sabanadelamartours.com\/fr\/wp-json\/wp\/v2\/types\/product"}],"version-history":[{"count":1,"href":"https:\/\/sabanadelamartours.com\/fr\/wp-json\/wp\/v2\/product\/15234\/revisions"}],"predecessor-version":[{"id":19096,"href":"https:\/\/sabanadelamartours.com\/fr\/wp-json\/wp\/v2\/product\/15234\/revisions\/19096"}],"wp:featuredmedia":[{"embeddable":true,"href":"https:\/\/sabanadelamartours.com\/fr\/wp-json\/wp\/v2\/media\/15468"}],"wp:attachment":[{"href":"https:\/\/sabanadelamartours.com\/fr\/wp-json\/wp\/v2\/media?parent=15234"}],"wp:term":[{"taxonomy":"product_brand","embeddable":true,"href":"https:\/\/sabanadelamartours.com\/fr\/wp-json\/wp\/v2\/product_brand?post=15234"},{"taxonomy":"product_cat","embeddable":true,"href":"https:\/\/sabanadelamartours.com\/fr\/wp-json\/wp\/v2\/product_cat?post=15234"},{"taxonomy":"product_tag","embeddable":true,"href":"https:\/\/sabanadelamartours.com\/fr\/wp-json\/wp\/v2\/product_tag?post=15234"}],"curies":[{"name":"wp","href":"https:\/\/api.w.org\/{rel}","templated":true}]}}