{"id":15245,"date":"2025-12-18T12:54:26","date_gmt":"2025-12-18T12:54:26","guid":{"rendered":"https:\/\/sabanadelamartours.com\/?post_type=product&#038;p=15245"},"modified":"2026-01-09T04:01:50","modified_gmt":"2026-01-09T04:01:50","slug":"los-haitises-boat-ride-cano-hondo-natural-pools","status":"publish","type":"product","link":"https:\/\/sabanadelamartours.com\/fr\/tournee\/los-haitises-boat-ride-cano-hondo-natural-pools\/","title":{"rendered":"Promenade en bateau \u00e0 Los Haitises + piscines naturelles de Ca\u00f1o Hondo"},"content":{"rendered":"<div class=\"wpb-content-wrapper\"><div class=\"vc_row wpb_row st bg-holder\"><div class='container'><div class='row'>\n\t<div class=\"wpb_column column_container col-md-12\"><div class=\"vc_column-inner wpb_wrapper\">\n\t\t\t\n\t<div class=\"wpb_text_column wpb_content_element\" >\n\t\t<div class=\"wpb_wrapper\">\n\t\t\t<p>Participez \u00e0 une promenade en bateau dans le parc national de Los Haitises et baignez-vous dans les 14 piscines naturelles avec cascades de l'h\u00f4tel Ca\u00f1o Hondo. Vivez une exp\u00e9rience unique dans le nord c\u00f4tier de la R\u00e9publique dominicaine.<\/p>\n<p>Rendez-vous \u00e0 l'entr\u00e9e de l'h\u00f4tel Ca\u00f1o Hondo. Depuis cet h\u00f4tel, situ\u00e9 \u00e0 la p\u00e9riph\u00e9rie de la Sabana de la Mar, il faut 10 minutes de route pour rejoindre l'embarcad\u00e8re de Ca\u00f1o Hondo.<\/p>\n<p>\u00c0 l'embarcad\u00e8re, d\u00e9part pour une promenade en bateau de 2 heures dans le parc national de Los Haitises. Naviguez \u00e0 travers les mangroves de cette zone naturelle prot\u00e9g\u00e9e et la baie de San Lorenzo. Le voyage se poursuit le long du Cayo de Los P\u00e1jaros et de l'ancien embarcad\u00e8re de La Perla.<\/p>\n<p>Ensuite, vous continuerez votre promenade en bateau en visitant les grottes de La Arena et de La L\u00ednea, deux grottes remarquables orn\u00e9es de peintures et de p\u00e9troglyphes des civilisations indig\u00e8nes. Apr\u00e8s avoir explor\u00e9 ces cavernes, retournez au bateau et commencez le voyage de retour vers l'embarcad\u00e8re de Ca\u00f1o Hondo.<\/p>\n<p>Une fois arriv\u00e9, retournez \u00e0 l'h\u00f4tel Ca\u00f1o Hondo, o\u00f9 vous pourrez vous reposer et d\u00e9guster un d\u00e9licieux d\u00e9jeuner criollan. Le menu comprend une salade verte, une salade de pommes de terre, des minutas de pescado (petits filets de poisson assaisonn\u00e9s, pan\u00e9s et frits), des chicharr\u00f3n de pollo (craquelures de poulet), des p\u00e2tes, du riz blanc, des haricots, un moro de gandules con coco (plat dominicain traditionnel compos\u00e9 de riz, de haricots et de lait de coco), et un dessert sucr\u00e9 \u00e0 base de noix de coco. Les boissons comprennent de l'eau min\u00e9rale, une boisson non alcoolis\u00e9e ou du caf\u00e9 au lait.<\/p>\n<p>Apr\u00e8s le d\u00e9jeuner, vous pourrez vous reposer sur la terrasse de l'h\u00f4tel. Vous aurez \u00e9galement 4 heures de temps libre pour profiter des 14 piscines naturelles avec cascades de Ca\u00f1o Hondo.<\/p>\n\n\t\t<\/div>\n\t<\/div>\n<div class=\"vc_empty_space\"   style=\"height: 32px\"><span class=\"vc_empty_space_inner\"><\/span><\/div><\/div>\n\t<\/div> \n<\/div><!--End .row--><\/div><!--End .container--><\/div><div class=\"vc_row wpb_row st bg-holder\"><div class='container'><div class='row'>\n\t<div class=\"wpb_column column_container col-md-12\"><div class=\"vc_column-inner wpb_wrapper\">\n\t\t\t\n\t<div class=\"wpb_text_column wpb_content_element\" >\n\t\t<div class=\"wpb_wrapper\">\n\t\t\t<h2 class=\"collection-header_title\" data-test-id=\"collection-title\" data-v-9c8cb860=\"\">En fonction de votre recherche \u00e0 Los Haitises<\/h2>\n\n\t\t<\/div>\n\t<\/div>\n<div class=\"woocommerce columns-4\"><ul class=\"products columns-4\">\n<li class=\"product type-product post-15730 status-publish first instock product_cat-dominican-republic product_tag-excursion product_tag-tour has-post-thumbnail shipping-taxable product-type-external\">\r\n\t<a href=\"https:\/\/sabanadelamartours.com\/fr\/tournee\/-343\/\" class=\"woocommerce-LoopProduct-link woocommerce-loop-product__link\"><img fetchpriority=\"high\" decoding=\"async\" width=\"300\" height=\"300\" src=\"https:\/\/sabanadelamartours.com\/wp-content\/uploads\/2025\/12\/99-24-300x300.png\" class=\"attachment-woocommerce_thumbnail size-woocommerce_thumbnail\" alt=\"Excursion en bateau aux piscines naturelles de Cano Hondo et Los Haitises\" srcset=\"https:\/\/sabanadelamartours.com\/wp-content\/uploads\/2025\/12\/99-24-300x300.png 300w, https:\/\/sabanadelamartours.com\/wp-content\/uploads\/2025\/12\/99-24-1536x1536.png 1536w, https:\/\/sabanadelamartours.com\/wp-content\/uploads\/2025\/12\/99-24-2048x2048.png 2048w, https:\/\/sabanadelamartours.com\/wp-content\/uploads\/2025\/12\/99-24-100x100.png 100w, https:\/\/sabanadelamartours.com\/wp-content\/uploads\/2025\/12\/99-24-266x266.png 266w\" sizes=\"(max-width: 300px) 100vw, 300px\" \/><h2 class=\"woocommerce-loop-product__title\">Excursion en bateau aux piscines naturelles de Cano Hondo et Los Haitises<\/h2>\n\t<span class=\"price\"><span class=\"woocs_price_code\" data-currency=\"\" data-redraw-id=\"69efc14041467\"  data-product-id=\"15730\"><span class=\"woocommerce-Price-amount amount\"><bdi>67.00<span class=\"woocommerce-Price-currencySymbol\">&#36;<\/span><\/bdi><\/span><\/span><\/span>\n<\/a><a href=\"https:\/\/tourreservationlink.com\/en\/booking\/cano-hondo-natural-pools-and-los-haitises-boat-tour\" aria-describedby=\"woocommerce_loop_add_to_cart_link_describedby_15730\" data-quantity=\"1\" class=\"button product_type_external\" data-product_id=\"15730\" data-product_sku=\"\" aria-label=\"ACHETER UN BILLET\" rel=\"nofollow noopener\" target=\"_blank\">ACHETER UN BILLET<\/a>\t<span id=\"woocommerce_loop_add_to_cart_link_describedby_15730\" class=\"screen-reader-text\">\n\t\t\t<\/span>\n<\/li>\r\n<li class=\"product type-product post-17357 status-publish instock product_cat-dominican-republic product_tag-excursion product_tag-tour has-post-thumbnail shipping-taxable product-type-external\">\r\n\t<a href=\"https:\/\/sabanadelamartours.com\/fr\/tournee\/santo-domingo-los-haitises-cayo-levantado-island-2\/\" class=\"woocommerce-LoopProduct-link woocommerce-loop-product__link\"><img decoding=\"async\" width=\"300\" height=\"300\" src=\"https:\/\/sabanadelamartours.com\/wp-content\/uploads\/2025\/12\/99-216-300x300.jpg\" class=\"attachment-woocommerce_thumbnail size-woocommerce_thumbnail\" alt=\"Saint-Domingue : Los Haitises et l&#039;\u00eele de Cayo Levantado\" srcset=\"https:\/\/sabanadelamartours.com\/wp-content\/uploads\/2025\/12\/99-216-300x300.jpg 300w, https:\/\/sabanadelamartours.com\/wp-content\/uploads\/2025\/12\/99-216-1536x1536.jpg 1536w, https:\/\/sabanadelamartours.com\/wp-content\/uploads\/2025\/12\/99-216-2048x2048.jpg 2048w, https:\/\/sabanadelamartours.com\/wp-content\/uploads\/2025\/12\/99-216-100x100.jpg 100w, https:\/\/sabanadelamartours.com\/wp-content\/uploads\/2025\/12\/99-216-266x266.jpg 266w\" sizes=\"(max-width: 300px) 100vw, 300px\" \/><h2 class=\"woocommerce-loop-product__title\">Saint-Domingue : Los Haitises et l'\u00eele de Cayo Levantado<\/h2>\n\t<span class=\"price\"><span class=\"woocs_price_code\" data-currency=\"\" data-redraw-id=\"69efc14042e95\"  data-product-id=\"17357\"><span class=\"woocommerce-Price-amount amount\"><bdi>175.00<span class=\"woocommerce-Price-currencySymbol\">&#36;<\/span><\/bdi><\/span><\/span><\/span>\n<\/a><a href=\"https:\/\/tourreservationlink.com\/en\/booking\/santo-domingo-los-haitises-and-cayo-levantado-island\" aria-describedby=\"woocommerce_loop_add_to_cart_link_describedby_17357\" data-quantity=\"1\" class=\"button product_type_external\" data-product_id=\"17357\" data-product_sku=\"\" aria-label=\"ACHETER UN BILLET\" rel=\"nofollow noopener\" target=\"_blank\">ACHETER UN BILLET<\/a>\t<span id=\"woocommerce_loop_add_to_cart_link_describedby_17357\" class=\"screen-reader-text\">\n\t\t\t<\/span>\n<\/li>\r\n<\/ul>\n<\/div><div class=\"vc_empty_space\"   style=\"height: 32px\"><span class=\"vc_empty_space_inner\"><\/span><\/div><\/div>\n\t<\/div> \n<\/div><!--End .row--><\/div><!--End .container--><\/div>\n<\/div>","protected":false},"excerpt":{"rendered":"<div data-track=\"overview\" data-v-83a2b402=\"\">\n<section id=\"activity-overview\" class=\"activity-overview\" data-component=\"overview\" data-v-83a2b402=\"\" data-v-f3236c42=\"\">\n<p class=\"activity-overview__content\" data-test-id=\"activity-overview-content\" data-v-f3236c42=\"\">D\u00e9couvrez la beaut\u00e9 naturelle du parc national de Los Haitises lors d'une excursion en bateau. Visitez les grottes de La Arena et de La L\u00ednea, orn\u00e9es de peintures indig\u00e8nes. D\u00e9jeuner d\u00e9licieux \u00e0 l'h\u00f4tel Ca\u00f1o Hondo.<\/p>\n<\/section>\n<\/div>\n<div data-track=\"key-details\" data-v-83a2b402=\"\"><\/div>","protected":false},"featured_media":15483,"template":"","meta":[],"product_brand":[],"product_cat":[216],"product_tag":[101,102],"class_list":{"0":"post-15245","1":"product","2":"type-product","3":"status-publish","4":"has-post-thumbnail","6":"product_cat-dominican","7":"product_tag-excursion","8":"product_tag-tour","10":"first","11":"instock","12":"shipping-taxable","13":"product-type-external"},"_links":{"self":[{"href":"https:\/\/sabanadelamartours.com\/fr\/wp-json\/wp\/v2\/product\/15245","targetHints":{"allow":["GET"]}}],"collection":[{"href":"https:\/\/sabanadelamartours.com\/fr\/wp-json\/wp\/v2\/product"}],"about":[{"href":"https:\/\/sabanadelamartours.com\/fr\/wp-json\/wp\/v2\/types\/product"}],"version-history":[{"count":1,"href":"https:\/\/sabanadelamartours.com\/fr\/wp-json\/wp\/v2\/product\/15245\/revisions"}],"predecessor-version":[{"id":18679,"href":"https:\/\/sabanadelamartours.com\/fr\/wp-json\/wp\/v2\/product\/15245\/revisions\/18679"}],"wp:featuredmedia":[{"embeddable":true,"href":"https:\/\/sabanadelamartours.com\/fr\/wp-json\/wp\/v2\/media\/15483"}],"wp:attachment":[{"href":"https:\/\/sabanadelamartours.com\/fr\/wp-json\/wp\/v2\/media?parent=15245"}],"wp:term":[{"taxonomy":"product_brand","embeddable":true,"href":"https:\/\/sabanadelamartours.com\/fr\/wp-json\/wp\/v2\/product_brand?post=15245"},{"taxonomy":"product_cat","embeddable":true,"href":"https:\/\/sabanadelamartours.com\/fr\/wp-json\/wp\/v2\/product_cat?post=15245"},{"taxonomy":"product_tag","embeddable":true,"href":"https:\/\/sabanadelamartours.com\/fr\/wp-json\/wp\/v2\/product_tag?post=15245"}],"curies":[{"name":"wp","href":"https:\/\/api.w.org\/{rel}","templated":true}]}}