{"id":15482,"date":"2025-12-18T13:07:15","date_gmt":"2025-12-18T13:07:15","guid":{"rendered":"https:\/\/sabanadelamartours.com\/?post_type=product&#038;p=15482"},"modified":"2026-02-11T11:30:13","modified_gmt":"2026-02-11T11:30:13","slug":"-340","status":"publish","type":"product","link":"https:\/\/sabanadelamartours.com\/fr\/tournee\/-340\/","title":{"rendered":"Amber Cove-Taino Bay 7 Chutes d'eau de Damajaguas + Nourriture locale."},"content":{"rendered":"<p>Bienvenue \u00e0 Damajaguas, la s\u00e9rie de chutes d'eau et de canyons la plus spectaculaire de Puerto Plata. 7 chutes d'eau pour toute la famille. Apr\u00e8s une randonn\u00e9e mod\u00e9r\u00e9e de 25 minutes \u00e0 travers un paysage de jungle \u00e9tonnant, nous redescendons la rivi\u00e8re o\u00f9 vous pouvez utiliser la capuche.<\/p>\n<p>Vous pourrez sauter, nager et glisser \u00e0 travers de magnifiques chutes d'eau et des bassins de rivi\u00e8re naturels. Vous appr\u00e9cierez \u00e9galement nos esp\u00e8ces de plantes indig\u00e8nes, verrez quelques arbres locaux et explorerez notre jungle tropicale.<\/p>\n<p>Nous terminons la visite par un d\u00e9licieux d\u00e9jeuner dominicain authentique, suivi d'une visite de la fabrique de boissons gazeuses, de bi\u00e8res et de chocolats.<\/p>","protected":false},"excerpt":{"rendered":"<div data-track=\"overview\" data-v-83a2b402=\"\">\n<section id=\"activity-overview\" class=\"activity-overview\" data-component=\"overview\" data-v-83a2b402=\"\" data-v-f3236c42=\"\">\n<p class=\"activity-overview__content\" data-test-id=\"activity-overview-content\" data-v-f3236c42=\"\">Explorez notre jungle tropicale D\u00e9couvrez nos incroyables chutes d'eau Profitez des sauts et des toboggans.<\/p>\n<\/section>\n<\/div>\n<div data-track=\"key-details\" data-v-83a2b402=\"\"><\/div>","protected":false},"featured_media":14330,"template":"","meta":[],"product_brand":[],"product_cat":[97],"product_tag":[101,102],"class_list":{"0":"post-15482","1":"product","2":"type-product","3":"status-publish","4":"has-post-thumbnail","6":"product_cat-dominican-republic","7":"product_tag-excursion","8":"product_tag-tour","10":"first","11":"instock","12":"shipping-taxable","13":"product-type-external"},"_links":{"self":[{"href":"https:\/\/sabanadelamartours.com\/fr\/wp-json\/wp\/v2\/product\/15482","targetHints":{"allow":["GET"]}}],"collection":[{"href":"https:\/\/sabanadelamartours.com\/fr\/wp-json\/wp\/v2\/product"}],"about":[{"href":"https:\/\/sabanadelamartours.com\/fr\/wp-json\/wp\/v2\/types\/product"}],"version-history":[{"count":1,"href":"https:\/\/sabanadelamartours.com\/fr\/wp-json\/wp\/v2\/product\/15482\/revisions"}],"predecessor-version":[{"id":19009,"href":"https:\/\/sabanadelamartours.com\/fr\/wp-json\/wp\/v2\/product\/15482\/revisions\/19009"}],"wp:featuredmedia":[{"embeddable":true,"href":"https:\/\/sabanadelamartours.com\/fr\/wp-json\/wp\/v2\/media\/14330"}],"wp:attachment":[{"href":"https:\/\/sabanadelamartours.com\/fr\/wp-json\/wp\/v2\/media?parent=15482"}],"wp:term":[{"taxonomy":"product_brand","embeddable":true,"href":"https:\/\/sabanadelamartours.com\/fr\/wp-json\/wp\/v2\/product_brand?post=15482"},{"taxonomy":"product_cat","embeddable":true,"href":"https:\/\/sabanadelamartours.com\/fr\/wp-json\/wp\/v2\/product_cat?post=15482"},{"taxonomy":"product_tag","embeddable":true,"href":"https:\/\/sabanadelamartours.com\/fr\/wp-json\/wp\/v2\/product_tag?post=15482"}],"curies":[{"name":"wp","href":"https:\/\/api.w.org\/{rel}","templated":true}]}}