{"id":15494,"date":"2025-12-18T13:08:12","date_gmt":"2025-12-18T13:08:12","guid":{"rendered":"https:\/\/sabanadelamartours.com\/?post_type=product&#038;p=15494"},"modified":"2026-02-12T04:27:47","modified_gmt":"2026-02-12T04:27:47","slug":"punta-cana-buggy-boggies-atv-excursions-adventure-buggies-on-the-playa%e2%98%80%ef%b8%8f","status":"publish","type":"product","link":"https:\/\/sabanadelamartours.com\/fr\/tournee\/punta-cana-buggy-boggies-atv-excursions-adventure-buggies-on-the-playa%e2%98%80%ef%b8%8f\/","title":{"rendered":"Punta Cana Buggy - Boggies Atv Excursions - Adventure buggies on the Playa\u2600\ufe0f"},"content":{"rendered":"<div class=\"toggle-content__content toggle-content__content--expanded toggle-content__content--packable\" data-v-59485d64=\"\">\n<div data-test-id=\"activity-full-description-text\" data-v-5835c99c=\"\">Venez vivre la meilleure aventure pleine d'adr\u00e9naline \u00e0 Punta Cana avec notre incroyable excursion en buggy tout-terrain. Parcourez des routes passionnantes en pleine nature, o\u00f9 vous ressentirez la libert\u00e9 de conduire le long de la plage de Macao, avec ses vues spectaculaires, et d'explorer un impressionnant c\u00e9note cristallin. En outre, vous profiterez d'une d\u00e9gustation de caf\u00e9 local et d\u00e9couvrirez le processus de fabrication du caf\u00e9. Il s'agit d'une exp\u00e9rience unique que vous ne voudrez pas manquer, combinant excitation et culture. R\u00e9servez votre place et vivez cette aventure inoubliable !<\/div>\n<\/div>\n<div class=\"toggle-content__label-placeholder\" data-v-59485d64=\"\"><\/div>","protected":false},"excerpt":{"rendered":"<div data-track=\"overview\" data-v-83a2b402=\"\">\n<section id=\"activity-overview\" class=\"activity-overview\" data-component=\"overview\" data-v-83a2b402=\"\" data-v-f3236c42=\"\">\n<p class=\"activity-overview__content\" data-test-id=\"activity-overview-content\" data-v-f3236c42=\"\">Venez vivre l'une des aventures les plus riches en adr\u00e9naline de Punta Cana avec l'excursion tout terrain de Bugi o\u00f9 vous profiterez de la plage de cenote et d'une d\u00e9gustation de caf\u00e9.<\/p>\n<\/section>\n<\/div>\n<div data-track=\"key-details\" data-v-83a2b402=\"\"><\/div>","protected":false},"featured_media":15598,"template":"","meta":[],"product_brand":[],"product_cat":[97],"product_tag":[101,102],"class_list":{"0":"post-15494","1":"product","2":"type-product","3":"status-publish","4":"has-post-thumbnail","6":"product_cat-dominican-republic","7":"product_tag-excursion","8":"product_tag-tour","10":"first","11":"instock","12":"shipping-taxable","13":"product-type-external"},"_links":{"self":[{"href":"https:\/\/sabanadelamartours.com\/fr\/wp-json\/wp\/v2\/product\/15494","targetHints":{"allow":["GET"]}}],"collection":[{"href":"https:\/\/sabanadelamartours.com\/fr\/wp-json\/wp\/v2\/product"}],"about":[{"href":"https:\/\/sabanadelamartours.com\/fr\/wp-json\/wp\/v2\/types\/product"}],"version-history":[{"count":2,"href":"https:\/\/sabanadelamartours.com\/fr\/wp-json\/wp\/v2\/product\/15494\/revisions"}],"predecessor-version":[{"id":19105,"href":"https:\/\/sabanadelamartours.com\/fr\/wp-json\/wp\/v2\/product\/15494\/revisions\/19105"}],"wp:featuredmedia":[{"embeddable":true,"href":"https:\/\/sabanadelamartours.com\/fr\/wp-json\/wp\/v2\/media\/15598"}],"wp:attachment":[{"href":"https:\/\/sabanadelamartours.com\/fr\/wp-json\/wp\/v2\/media?parent=15494"}],"wp:term":[{"taxonomy":"product_brand","embeddable":true,"href":"https:\/\/sabanadelamartours.com\/fr\/wp-json\/wp\/v2\/product_brand?post=15494"},{"taxonomy":"product_cat","embeddable":true,"href":"https:\/\/sabanadelamartours.com\/fr\/wp-json\/wp\/v2\/product_cat?post=15494"},{"taxonomy":"product_tag","embeddable":true,"href":"https:\/\/sabanadelamartours.com\/fr\/wp-json\/wp\/v2\/product_tag?post=15494"}],"curies":[{"name":"wp","href":"https:\/\/api.w.org\/{rel}","templated":true}]}}