{"id":15527,"date":"2025-12-18T13:09:34","date_gmt":"2025-12-18T13:09:34","guid":{"rendered":"https:\/\/sabanadelamartours.com\/?post_type=product&#038;p=15527"},"modified":"2026-02-14T02:24:22","modified_gmt":"2026-02-14T02:24:22","slug":"experience-monkeyland-dejeuner-et-transport","status":"publish","type":"product","link":"https:\/\/sabanadelamartours.com\/fr\/tournee\/experience-monkeyland-dejeuner-et-transport\/","title":{"rendered":"Exp\u00e9rience \u00e0 Monkeyland + D\u00e9jeuner et transport"},"content":{"rendered":"<p>Cette visite de Monkeyland Puerto Plata commence par une prise en charge \u00e0 votre h\u00f4tel \u00e0 Puerto Plata, Sosua, Cabarete, Playa Dorada ou Imbert.<\/p>\n<p>Gardez l'\u0153il ouvert pour rep\u00e9rer les animaux sauvages, tels que les singes \u00e9cureuils, pendant que vous avancez. Ensuite, arr\u00eatez-vous et, sous la supervision du personnel, tendez une assiette de fruits pour que les singes viennent \u00e0 vous.<\/p>\n<p>Apr\u00e8s la visite de Mokeyland, votre guide vous emm\u00e8nera dans une maison de campagne \u00e0 Puerto Plata. Vous verrez par vous-m\u00eame comment un habitant vit dans une r\u00e9gion sans \u00e9lectricit\u00e9 ni eau courante. Vous d\u00e9couvrirez \u00e9galement l'histoire et les traditions culturelles de cette \u00eele des Cara\u00efbes.<\/p>\n<p>Votre circuit en groupe combin\u00e9 se termine par un retour \u00e0 votre h\u00f4tel.<\/p>","protected":false},"excerpt":{"rendered":"<div data-track=\"overview\" data-v-83a2b402=\"\">\n<section id=\"activity-overview\" class=\"activity-overview\" data-component=\"overview\" data-v-83a2b402=\"\" data-v-f3236c42=\"\">\n<p class=\"activity-overview__content\" data-test-id=\"activity-overview-content\" data-v-f3236c42=\"\">Vivez une aventure unique en R\u00e9publique dominicaine gr\u00e2ce \u00e0 une visite guid\u00e9e de Monkeyland, avec du temps pour interagir avec nos magnifiques singes \u00e9cureuils enjou\u00e9s !<\/p>\n<\/section>\n<\/div>\n<div data-track=\"key-details\" data-v-83a2b402=\"\"><\/div>","protected":false},"featured_media":15649,"template":"","meta":[],"product_brand":[],"product_cat":[97],"product_tag":[101,102],"class_list":{"0":"post-15527","1":"product","2":"type-product","3":"status-publish","4":"has-post-thumbnail","6":"product_cat-dominican-republic","7":"product_tag-excursion","8":"product_tag-tour","10":"first","11":"instock","12":"sale","13":"shipping-taxable","14":"product-type-external"},"_links":{"self":[{"href":"https:\/\/sabanadelamartours.com\/fr\/wp-json\/wp\/v2\/product\/15527","targetHints":{"allow":["GET"]}}],"collection":[{"href":"https:\/\/sabanadelamartours.com\/fr\/wp-json\/wp\/v2\/product"}],"about":[{"href":"https:\/\/sabanadelamartours.com\/fr\/wp-json\/wp\/v2\/types\/product"}],"version-history":[{"count":1,"href":"https:\/\/sabanadelamartours.com\/fr\/wp-json\/wp\/v2\/product\/15527\/revisions"}],"predecessor-version":[{"id":19107,"href":"https:\/\/sabanadelamartours.com\/fr\/wp-json\/wp\/v2\/product\/15527\/revisions\/19107"}],"wp:featuredmedia":[{"embeddable":true,"href":"https:\/\/sabanadelamartours.com\/fr\/wp-json\/wp\/v2\/media\/15649"}],"wp:attachment":[{"href":"https:\/\/sabanadelamartours.com\/fr\/wp-json\/wp\/v2\/media?parent=15527"}],"wp:term":[{"taxonomy":"product_brand","embeddable":true,"href":"https:\/\/sabanadelamartours.com\/fr\/wp-json\/wp\/v2\/product_brand?post=15527"},{"taxonomy":"product_cat","embeddable":true,"href":"https:\/\/sabanadelamartours.com\/fr\/wp-json\/wp\/v2\/product_cat?post=15527"},{"taxonomy":"product_tag","embeddable":true,"href":"https:\/\/sabanadelamartours.com\/fr\/wp-json\/wp\/v2\/product_tag?post=15527"}],"curies":[{"name":"wp","href":"https:\/\/api.w.org\/{rel}","templated":true}]}}