{"id":15543,"date":"2025-12-18T13:10:09","date_gmt":"2025-12-18T13:10:09","guid":{"rendered":"https:\/\/sabanadelamartours.com\/?post_type=product&#038;p=15543"},"modified":"2026-02-14T02:25:24","modified_gmt":"2026-02-14T02:25:24","slug":"transfert-prive-du-westin-punta-cana-a-laeroport-de-punta-cana","status":"publish","type":"product","link":"https:\/\/sabanadelamartours.com\/fr\/tournee\/transfert-prive-du-westin-punta-cana-a-laeroport-de-punta-cana\/","title":{"rendered":"Transfert priv\u00e9 du Westin Punta Cana \u00e0 l'a\u00e9roport de Punta Cana"},"content":{"rendered":"<p>Punta Cana Transfer is a leader in providing private transportation all over Punta Cana. A As a company, we have over 4 years of experience and over 1000 5-star reviews on TripAdvisor. Enjoy the ease that comes with being attended by your own customer service representative before, during, and after your trip. No tickets, waiting for emails, or long queues, all communication is immediate and over SMS. Your driver will be waiting with a sign upon your arrival and will take you straight to your resort with no unwanted stops or surprises. Book your ride and go straight from the Punta Cana Airport to The Westin Punta Cana or from The Westin Punta Cana to the Punta Cana Airport to catch your flight.<\/p>","protected":false},"excerpt":{"rendered":"<div data-track=\"overview\" data-v-83a2b402=\"\">\n<section id=\"activity-overview\" class=\"activity-overview\" data-component=\"overview\" data-v-83a2b402=\"\" data-v-f3236c42=\"\">\n<p class=\"activity-overview__content\" data-test-id=\"activity-overview-content\" data-v-f3236c42=\"\">Le transport sans souci, r\u00e9servez maintenant et votre chauffeur sera \u00e0 l'heure convenue dans le hall d'entr\u00e9e avec un panneau avec votre nom afin que vous puissiez rapidement identifier votre transport et partir pour l'a\u00e9roport.<\/p>\n<\/section>\n<\/div>\n<div data-track=\"key-details\" data-v-83a2b402=\"\"><\/div>","protected":false},"featured_media":15670,"template":"","meta":[],"product_brand":[],"product_cat":[97],"product_tag":[101,102],"class_list":{"0":"post-15543","1":"product","2":"type-product","3":"status-publish","4":"has-post-thumbnail","6":"product_cat-dominican-republic","7":"product_tag-excursion","8":"product_tag-tour","10":"first","11":"instock","12":"shipping-taxable","13":"product-type-external"},"_links":{"self":[{"href":"https:\/\/sabanadelamartours.com\/fr\/wp-json\/wp\/v2\/product\/15543","targetHints":{"allow":["GET"]}}],"collection":[{"href":"https:\/\/sabanadelamartours.com\/fr\/wp-json\/wp\/v2\/product"}],"about":[{"href":"https:\/\/sabanadelamartours.com\/fr\/wp-json\/wp\/v2\/types\/product"}],"version-history":[{"count":2,"href":"https:\/\/sabanadelamartours.com\/fr\/wp-json\/wp\/v2\/product\/15543\/revisions"}],"predecessor-version":[{"id":19109,"href":"https:\/\/sabanadelamartours.com\/fr\/wp-json\/wp\/v2\/product\/15543\/revisions\/19109"}],"wp:featuredmedia":[{"embeddable":true,"href":"https:\/\/sabanadelamartours.com\/fr\/wp-json\/wp\/v2\/media\/15670"}],"wp:attachment":[{"href":"https:\/\/sabanadelamartours.com\/fr\/wp-json\/wp\/v2\/media?parent=15543"}],"wp:term":[{"taxonomy":"product_brand","embeddable":true,"href":"https:\/\/sabanadelamartours.com\/fr\/wp-json\/wp\/v2\/product_brand?post=15543"},{"taxonomy":"product_cat","embeddable":true,"href":"https:\/\/sabanadelamartours.com\/fr\/wp-json\/wp\/v2\/product_cat?post=15543"},{"taxonomy":"product_tag","embeddable":true,"href":"https:\/\/sabanadelamartours.com\/fr\/wp-json\/wp\/v2\/product_tag?post=15543"}],"curies":[{"name":"wp","href":"https:\/\/api.w.org\/{rel}","templated":true}]}}