{"id":15572,"date":"2025-12-18T13:11:26","date_gmt":"2025-12-18T13:11:26","guid":{"rendered":"https:\/\/sabanadelamartours.com\/?post_type=product&#038;p=15572"},"modified":"2026-02-11T11:36:00","modified_gmt":"2026-02-11T11:36:00","slug":"-341","status":"publish","type":"product","link":"https:\/\/sabanadelamartours.com\/fr\/tournee\/-341\/","title":{"rendered":"Zipline Monta\u00f1a Redonda Tour"},"content":{"rendered":"<p>Pr\u00e9parez-vous \u00e0 d\u00e9couvrir la Monta\u00f1a Redonda d'une mani\u00e8re totalement r\u00e9volutionnaire et \u00e9lectrisante ! Notre tour en tyrolienne vous invite \u00e0 embarquer pour une aventure a\u00e9rienne sans pr\u00e9c\u00e9dent, o\u00f9 le vertige et la beaut\u00e9 du paysage se m\u00ealent pour vous offrir une exp\u00e9rience inoubliable. En glissant \u00e0 toute vitesse dans le ciel, vous serez entour\u00e9 de vues panoramiques \u00e0 couper le souffle qui capturent l'essence m\u00eame de la nature dans ce qu'elle a de plus beau. Depuis des hauteurs vertigineuses, vous observerez une mosa\u00efque de verts intenses, de montagnes majestueuses et l'horizon sans fin qui s'\u00e9tend sous vos pieds, offrant un spectacle visuel qui vous laissera bouche b\u00e9e.<\/p>\n<p>Ce voyage est bien plus qu'une simple balade, c'est une invitation \u00e0 repousser ses limites, \u00e0 sentir l'adr\u00e9naline monter dans ses veines et \u00e0 s'immerger dans la s\u00e9r\u00e9nit\u00e9 de la nature. M\u00e9ticuleusement con\u00e7u pour les aventuriers de tous \u00e2ges, notre circuit en tyrolienne ne fait pas de distinction entre les jeunes enthousiastes et les esprits aventureux ayant des ann\u00e9es d'exp\u00e9rience ; ici, chacun trouve son propre rythme et sa propre fa\u00e7on de se connecter \u00e0 la nature. Que vous recherchiez le frisson de la vitesse, que vous souhaitiez vaincre la peur du vide ou que vous souhaitiez simplement admirer des paysages qui semblent sortis d'une carte postale, ce tour promet de vous offrir tout cela et bien plus encore.<\/p>","protected":false},"excerpt":{"rendered":"<div data-track=\"overview\" data-v-83a2b402=\"\">\n<section id=\"activity-overview\" class=\"activity-overview\" data-component=\"overview\" data-v-83a2b402=\"\" data-v-f3236c42=\"\">\n<p class=\"activity-overview__content\" data-test-id=\"activity-overview-content\" data-v-f3236c42=\"\">Pr\u00e9parez-vous \u00e0 d\u00e9couvrir la Monta\u00f1a Redonda d'une mani\u00e8re totalement r\u00e9volutionnaire et \u00e9lectrisante ! Notre tour en tyrolienne vous invite \u00e0 embarquer pour une aventure a\u00e9rienne sans pr\u00e9c\u00e9dent.<\/p>\n<\/section>\n<\/div>\n<div data-track=\"key-details\" data-v-83a2b402=\"\"><\/div>","protected":false},"featured_media":14413,"template":"","meta":[],"product_brand":[],"product_cat":[97],"product_tag":[101,102],"class_list":{"0":"post-15572","1":"product","2":"type-product","3":"status-publish","4":"has-post-thumbnail","6":"product_cat-dominican-republic","7":"product_tag-excursion","8":"product_tag-tour","10":"first","11":"instock","12":"shipping-taxable","13":"product-type-external"},"_links":{"self":[{"href":"https:\/\/sabanadelamartours.com\/fr\/wp-json\/wp\/v2\/product\/15572","targetHints":{"allow":["GET"]}}],"collection":[{"href":"https:\/\/sabanadelamartours.com\/fr\/wp-json\/wp\/v2\/product"}],"about":[{"href":"https:\/\/sabanadelamartours.com\/fr\/wp-json\/wp\/v2\/types\/product"}],"version-history":[{"count":1,"href":"https:\/\/sabanadelamartours.com\/fr\/wp-json\/wp\/v2\/product\/15572\/revisions"}],"predecessor-version":[{"id":19015,"href":"https:\/\/sabanadelamartours.com\/fr\/wp-json\/wp\/v2\/product\/15572\/revisions\/19015"}],"wp:featuredmedia":[{"embeddable":true,"href":"https:\/\/sabanadelamartours.com\/fr\/wp-json\/wp\/v2\/media\/14413"}],"wp:attachment":[{"href":"https:\/\/sabanadelamartours.com\/fr\/wp-json\/wp\/v2\/media?parent=15572"}],"wp:term":[{"taxonomy":"product_brand","embeddable":true,"href":"https:\/\/sabanadelamartours.com\/fr\/wp-json\/wp\/v2\/product_brand?post=15572"},{"taxonomy":"product_cat","embeddable":true,"href":"https:\/\/sabanadelamartours.com\/fr\/wp-json\/wp\/v2\/product_cat?post=15572"},{"taxonomy":"product_tag","embeddable":true,"href":"https:\/\/sabanadelamartours.com\/fr\/wp-json\/wp\/v2\/product_tag?post=15572"}],"curies":[{"name":"wp","href":"https:\/\/api.w.org\/{rel}","templated":true}]}}