{"id":15578,"date":"2025-12-18T13:11:51","date_gmt":"2025-12-18T13:11:51","guid":{"rendered":"https:\/\/sabanadelamartours.com\/?post_type=product&#038;p=15578"},"modified":"2026-01-07T12:56:25","modified_gmt":"2026-01-07T12:56:25","slug":"-342","status":"publish","type":"product","link":"https:\/\/sabanadelamartours.com\/fr\/tournee\/-342\/","title":{"rendered":"Punta Cana : Bavaro Runners Safari Tour"},"content":{"rendered":"<p>Embarquez pour un voyage fascinant \u00e0 la d\u00e9couverte de la faune et de l'agriculture de la R\u00e9publique dominicaine, en d\u00e9couvrant des jungles foisonnantes, des paysages marins turquoise envo\u00fbtants, et bien d'autres choses encore.<\/p>\n<p>Promenez-vous dans une plantation de canne \u00e0 sucre luxuriante pour observer les m\u00e9thodes traditionnelles de labourage et de broyage de la r\u00e9colte, actionn\u00e9es par des b\u0153ufs. Vous verrez comment la plante se transforme en jus et en m\u00e9lasse avant de devenir le meilleur rhum dominicain.<\/p>\n<p>Visitez les ma\u00eetres artisans qui roulent les cigares les plus fins du pays \u00e0 partir de tabac de la meilleure qualit\u00e9, r\u00e9colt\u00e9 localement. Observez le travail manuel complexe transmis de g\u00e9n\u00e9ration en g\u00e9n\u00e9ration, avant de vous arr\u00eater pour un d\u00e9jeuner-buffet traditionnel, termin\u00e9 par de d\u00e9licieux fruits tropicaux, du caf\u00e9 fra\u00eechement pr\u00e9par\u00e9 et du cacao pur.<\/p>","protected":false},"excerpt":{"rendered":"<div data-track=\"overview\" data-v-83a2b402=\"\">\n<section id=\"activity-overview\" class=\"activity-overview\" data-component=\"overview\" data-v-83a2b402=\"\" data-v-f3236c42=\"\">\n<p class=\"activity-overview__content\" data-test-id=\"activity-overview-content\" data-v-f3236c42=\"\">D\u00e9couvrez la faune et la culture de la R\u00e9publique dominicaine lors d'une journ\u00e9e magique. Visitez une plantation traditionnelle de canne \u00e0 sucre et rencontrez des artisans rouleurs de cigares. Savourez un d\u00e9licieux d\u00e9jeuner dans la maison d'une famille locale.<\/p>\n<\/section>\n<\/div>\n<div data-track=\"key-details\" data-v-83a2b402=\"\"><\/div>","protected":false},"featured_media":14417,"template":"","meta":[],"product_brand":[],"product_cat":[97],"product_tag":[101,102],"class_list":{"0":"post-15578","1":"product","2":"type-product","3":"status-publish","4":"has-post-thumbnail","6":"product_cat-dominican-republic","7":"product_tag-excursion","8":"product_tag-tour","10":"first","11":"instock","12":"shipping-taxable","13":"product-type-external"},"_links":{"self":[{"href":"https:\/\/sabanadelamartours.com\/fr\/wp-json\/wp\/v2\/product\/15578","targetHints":{"allow":["GET"]}}],"collection":[{"href":"https:\/\/sabanadelamartours.com\/fr\/wp-json\/wp\/v2\/product"}],"about":[{"href":"https:\/\/sabanadelamartours.com\/fr\/wp-json\/wp\/v2\/types\/product"}],"version-history":[{"count":1,"href":"https:\/\/sabanadelamartours.com\/fr\/wp-json\/wp\/v2\/product\/15578\/revisions"}],"predecessor-version":[{"id":18638,"href":"https:\/\/sabanadelamartours.com\/fr\/wp-json\/wp\/v2\/product\/15578\/revisions\/18638"}],"wp:featuredmedia":[{"embeddable":true,"href":"https:\/\/sabanadelamartours.com\/fr\/wp-json\/wp\/v2\/media\/14417"}],"wp:attachment":[{"href":"https:\/\/sabanadelamartours.com\/fr\/wp-json\/wp\/v2\/media?parent=15578"}],"wp:term":[{"taxonomy":"product_brand","embeddable":true,"href":"https:\/\/sabanadelamartours.com\/fr\/wp-json\/wp\/v2\/product_brand?post=15578"},{"taxonomy":"product_cat","embeddable":true,"href":"https:\/\/sabanadelamartours.com\/fr\/wp-json\/wp\/v2\/product_cat?post=15578"},{"taxonomy":"product_tag","embeddable":true,"href":"https:\/\/sabanadelamartours.com\/fr\/wp-json\/wp\/v2\/product_tag?post=15578"}],"curies":[{"name":"wp","href":"https:\/\/api.w.org\/{rel}","templated":true}]}}