{"id":15596,"date":"2025-12-18T13:12:55","date_gmt":"2025-12-18T13:12:55","guid":{"rendered":"https:\/\/sabanadelamartours.com\/?post_type=product&#038;p=15596"},"modified":"2026-02-14T02:27:50","modified_gmt":"2026-02-14T02:27:50","slug":"visite-de-saint-domingue-avec-dejeuner","status":"publish","type":"product","link":"https:\/\/sabanadelamartours.com\/fr\/tournee\/visite-de-saint-domingue-avec-dejeuner\/","title":{"rendered":"Visite de Santo Domingo avec d\u00e9jeuner"},"content":{"rendered":"<div class=\"toggle-content__content toggle-content__content--expanded toggle-content__content--packable\" data-v-59485d64=\"\">\n<div data-test-id=\"activity-full-description-text\" data-v-5835c99c=\"\">Sortant de la c\u00f4te, Saint-Domingue n'est pas seulement la capitale de la R\u00e9publique dominicaine, c'est aussi la plus grande ville des Cara\u00efbes. Apr\u00e8s trois heures de route vers la capitale, vous arriverez au c\u0153ur colonial de Saint-Domingue. Vous serez transport\u00e9 \u00e0 l'\u00e9poque de Christophe Colomb lorsque vous vous rendrez dans la zone coloniale pour voir le Panth\u00e9on national, la forteresse d'Ozama et le mus\u00e9e des Casas Reales. Vous visiterez \u00e9galement l'Alcazar de Colon et la cath\u00e9drale. Vous d\u00e9gusterez un d\u00e9jeuner typique au restaurant La Atarazana, puis vous traverserez la ville moderne de Saint-Domingue, en vous arr\u00eatant sur la Plaza de la Cultura, au mus\u00e9e de l'Homme dominicain, au palais national et au monument El Faro a Colon. Une journ\u00e9e bien remplie \u00e0 la d\u00e9couverte de 500 ans d'histoire et d'architecture.<\/div>\n<\/div>\n<div class=\"toggle-content__label-placeholder\" data-v-59485d64=\"\"><\/div>","protected":false},"excerpt":{"rendered":"<div data-track=\"overview\" data-v-83a2b402=\"\">\n<section id=\"activity-overview\" class=\"activity-overview\" data-component=\"overview\" data-v-83a2b402=\"\" data-v-f3236c42=\"\">\n<p class=\"activity-overview__content\" data-test-id=\"activity-overview-content\" data-v-f3236c42=\"\">Au cours de cette journ\u00e9e, vous d\u00e9couvrirez une ville o\u00f9 les gratte-ciel modernes dominent une zone coloniale class\u00e9e au patrimoine mondial de l'UNESCO.<\/p>\n<\/section>\n<\/div>\n<div data-track=\"key-details\" data-v-83a2b402=\"\"><\/div>","protected":false},"featured_media":15764,"template":"","meta":[],"product_brand":[],"product_cat":[97],"product_tag":[101,102],"class_list":{"0":"post-15596","1":"product","2":"type-product","3":"status-publish","4":"has-post-thumbnail","6":"product_cat-dominican-republic","7":"product_tag-excursion","8":"product_tag-tour","10":"first","11":"instock","12":"shipping-taxable","13":"product-type-external"},"_links":{"self":[{"href":"https:\/\/sabanadelamartours.com\/fr\/wp-json\/wp\/v2\/product\/15596","targetHints":{"allow":["GET"]}}],"collection":[{"href":"https:\/\/sabanadelamartours.com\/fr\/wp-json\/wp\/v2\/product"}],"about":[{"href":"https:\/\/sabanadelamartours.com\/fr\/wp-json\/wp\/v2\/types\/product"}],"version-history":[{"count":1,"href":"https:\/\/sabanadelamartours.com\/fr\/wp-json\/wp\/v2\/product\/15596\/revisions"}],"predecessor-version":[{"id":19152,"href":"https:\/\/sabanadelamartours.com\/fr\/wp-json\/wp\/v2\/product\/15596\/revisions\/19152"}],"wp:featuredmedia":[{"embeddable":true,"href":"https:\/\/sabanadelamartours.com\/fr\/wp-json\/wp\/v2\/media\/15764"}],"wp:attachment":[{"href":"https:\/\/sabanadelamartours.com\/fr\/wp-json\/wp\/v2\/media?parent=15596"}],"wp:term":[{"taxonomy":"product_brand","embeddable":true,"href":"https:\/\/sabanadelamartours.com\/fr\/wp-json\/wp\/v2\/product_brand?post=15596"},{"taxonomy":"product_cat","embeddable":true,"href":"https:\/\/sabanadelamartours.com\/fr\/wp-json\/wp\/v2\/product_cat?post=15596"},{"taxonomy":"product_tag","embeddable":true,"href":"https:\/\/sabanadelamartours.com\/fr\/wp-json\/wp\/v2\/product_tag?post=15596"}],"curies":[{"name":"wp","href":"https:\/\/api.w.org\/{rel}","templated":true}]}}