{"id":15597,"date":"2025-12-18T13:12:55","date_gmt":"2025-12-18T13:12:55","guid":{"rendered":"https:\/\/sabanadelamartours.com\/?post_type=product&#038;p=15597"},"modified":"2026-01-09T04:25:35","modified_gmt":"2026-01-09T04:25:35","slug":"catalina-island-full-day-snorkeling-tour","status":"publish","type":"product","link":"https:\/\/sabanadelamartours.com\/fr\/tournee\/catalina-island-full-day-snorkeling-tour\/","title":{"rendered":"Excursion d'une journ\u00e9e sur l'\u00eele de Catalina avec plong\u00e9e en apn\u00e9e"},"content":{"rendered":"<p>Une journ\u00e9e enti\u00e8re de plaisir au soleil sur l'\u00eele de Catalina, et d\u00e9couvrez le plus bel \u00e9cosyst\u00e8me sous-marin de la R\u00e9publique dominicaine.<\/p>\n<p>D\u00e9part de la marina vers 10 heures, cap sur l'est de l'\u00eele de Catalina pour faire de la plong\u00e9e avec masque et tuba dans les eaux turquoise de \u201cThe Wall\u201d, qui offrent de superbes conditions de visibilit\u00e9 pour rep\u00e9rer la riche vie marine de la mer des Cara\u00efbes. Une \u00e9quipe d'aventuriers sera sur place pour vous aider \u00e0 vous \u00e9quiper en mat\u00e9riel de plong\u00e9e avec tuba.<\/p>\n<p>\u00c0 bord du bateau, nous profiterons des vues magnifiques du parc national de Cotubanama et nous nous arr\u00eaterons sur l'un de ses r\u00e9cifs coralliens pour faire de la plong\u00e9e avec masque et tuba dans ses eaux cristallines. Vous pourrez apercevoir des poissons tropicaux, des algues et de nombreuses autres esp\u00e8ces marines.<\/p>\n<p>Ensuite, vous mettrez le cap sur une plage situ\u00e9e \u00e0 l'ouest de l'\u00eele afin de trouver l'endroit id\u00e9al pour passer le reste de l'apr\u00e8s-midi. Un chef r\u00e9put\u00e9 de l'\u00eele de Catalina aura pr\u00e9par\u00e9 pour vous un incroyable festin dominicain, qui sera servi vers 13h00. Vous pourrez d\u00e9guster des portions de porc et de poulet grill\u00e9s, ainsi que d'abondantes salades, des p\u00e2tes et des fruits locaux. Les personnes b\u00e9n\u00e9ficiant du forfait VIP auront droit \u00e0 une portion de homard grill\u00e9, accompagn\u00e9e d'un verre de vin blanc froid.<\/p>\n<div class=\"toggle-content__content toggle-content__content--expanded toggle-content__content--packable\" data-v-59485d64=\"\">\n<div data-test-id=\"activity-full-description-text\" data-v-5835c99c=\"\">Le reste de l'apr\u00e8s-midi est consacr\u00e9 \u00e0 la d\u00e9couverte de l'\u00eele. Promenez-vous sur les plages de sable blanc ou d\u00e9tendez-vous sous les palmiers en \u00e9coutant les vagues se briser sur le rivage. Le bar de la plage est judicieusement plac\u00e9 pour que vous puissiez profiter de la brise fra\u00eeche de l'oc\u00e9an, tout en d\u00e9gustant une s\u00e9lection de boissons rafra\u00eechissantes, alcoolis\u00e9es ou non.<\/div>\n<\/div>\n<div class=\"toggle-content__label-placeholder\" data-v-59485d64=\"\"><\/div>","protected":false},"excerpt":{"rendered":"<div data-track=\"overview\" data-v-83a2b402=\"\">\n<section id=\"activity-overview\" class=\"activity-overview\" data-component=\"overview\" data-v-83a2b402=\"\" data-v-f3236c42=\"\">\n<p class=\"activity-overview__content\" data-test-id=\"activity-overview-content\" data-v-f3236c42=\"\">Une mer turquoise envo\u00fbtante, des plages de sable blanc chaud et des palmiers qui se balancent : bienvenue sur l'\u00eele de Catalina. D\u00e9couvrez le paradis lors de cette excursion en bateau. Faites de la plong\u00e9e avec masque et tuba dans les plus beaux \u00e9cosyst\u00e8mes sous-marins.<\/p>\n<\/section>\n<\/div>\n<div data-track=\"key-details\" data-v-83a2b402=\"\"><\/div>","protected":false},"featured_media":15773,"template":"","meta":[],"product_brand":[],"product_cat":[97],"product_tag":[101,102],"class_list":{"0":"post-15597","1":"product","2":"type-product","3":"status-publish","4":"has-post-thumbnail","6":"product_cat-dominican-republic","7":"product_tag-excursion","8":"product_tag-tour","10":"first","11":"instock","12":"shipping-taxable","13":"product-type-external"},"_links":{"self":[{"href":"https:\/\/sabanadelamartours.com\/fr\/wp-json\/wp\/v2\/product\/15597","targetHints":{"allow":["GET"]}}],"collection":[{"href":"https:\/\/sabanadelamartours.com\/fr\/wp-json\/wp\/v2\/product"}],"about":[{"href":"https:\/\/sabanadelamartours.com\/fr\/wp-json\/wp\/v2\/types\/product"}],"version-history":[{"count":1,"href":"https:\/\/sabanadelamartours.com\/fr\/wp-json\/wp\/v2\/product\/15597\/revisions"}],"predecessor-version":[{"id":18697,"href":"https:\/\/sabanadelamartours.com\/fr\/wp-json\/wp\/v2\/product\/15597\/revisions\/18697"}],"wp:featuredmedia":[{"embeddable":true,"href":"https:\/\/sabanadelamartours.com\/fr\/wp-json\/wp\/v2\/media\/15773"}],"wp:attachment":[{"href":"https:\/\/sabanadelamartours.com\/fr\/wp-json\/wp\/v2\/media?parent=15597"}],"wp:term":[{"taxonomy":"product_brand","embeddable":true,"href":"https:\/\/sabanadelamartours.com\/fr\/wp-json\/wp\/v2\/product_brand?post=15597"},{"taxonomy":"product_cat","embeddable":true,"href":"https:\/\/sabanadelamartours.com\/fr\/wp-json\/wp\/v2\/product_cat?post=15597"},{"taxonomy":"product_tag","embeddable":true,"href":"https:\/\/sabanadelamartours.com\/fr\/wp-json\/wp\/v2\/product_tag?post=15597"}],"curies":[{"name":"wp","href":"https:\/\/api.w.org\/{rel}","templated":true}]}}