{"id":15664,"date":"2025-12-18T13:15:31","date_gmt":"2025-12-18T13:15:31","guid":{"rendered":"https:\/\/sabanadelamartours.com\/?post_type=product&#038;p=15664"},"modified":"2026-02-14T02:30:36","modified_gmt":"2026-02-14T02:30:36","slug":"transfert-prive-de-laeroport-de-santo-domingo-au-centre-ville","status":"publish","type":"product","link":"https:\/\/sabanadelamartours.com\/fr\/tournee\/transfert-prive-de-laeroport-de-santo-domingo-au-centre-ville\/","title":{"rendered":"A\u00e9roport de Santo Domingo : Transfert priv\u00e9 vers\/depuis le centre ville"},"content":{"rendered":"<p>Profitez d'un transfert priv\u00e9 confortable de l'a\u00e9roport de Saint-Domingue au centre-ville de Saint-Domingue, ou vice versa. \u00c9vitez les files d'attente des taxis et d\u00e9tendez-vous dans le confort de l'air conditionn\u00e9 pendant le trajet jusqu'\u00e0 votre destination.<\/p>\n<p>Pour les transferts \u00e0 l'arriv\u00e9e, votre chauffeur vous accueillera dans le hall des arriv\u00e9es avec une plaque d'identification. Faites-vous aider pour porter vos bagages sur le chemin du v\u00e9hicule, puis installez-vous confortablement pendant le trajet jusqu'\u00e0 votre h\u00f4tel.<\/p>\n<p>Pour les transferts de d\u00e9part, rencontrez votre chauffeur \u00e0 votre h\u00e9bergement et profitez d'un transfert sans tracas \u00e0 temps pour votre vol de d\u00e9part.<\/p>\n<div class=\"toggle-content__content toggle-content__content--expanded toggle-content__content--packable\" data-v-59485d64=\"\">\n<div data-test-id=\"activity-full-description-text\" data-v-5835c99c=\"\">N'h\u00e9sitez pas \u00e0 demander \u00e0 l'avance des fixations suppl\u00e9mentaires pour les \u00e9quipements sportifs et autres, et indiquez simplement \u00e0 l'animateur si vous avez besoin de si\u00e8ges pour enfants.<\/div>\n<\/div>\n<div class=\"toggle-content__label-placeholder\" data-v-59485d64=\"\"><\/div>","protected":false},"excerpt":{"rendered":"<div data-track=\"overview\" data-v-83a2b402=\"\">\n<section id=\"activity-overview\" class=\"activity-overview\" data-component=\"overview\" data-v-83a2b402=\"\" data-v-f3236c42=\"\">\n<p class=\"activity-overview__content\" data-test-id=\"activity-overview-content\" data-v-f3236c42=\"\">R\u00e9servez un transfert priv\u00e9 depuis l'a\u00e9roport de Saint-Domingue (SDQ) vers\/depuis Saint-Domingue. Voyagez en toute s\u00e9curit\u00e9 dans un v\u00e9hicule climatis\u00e9 avec un chauffeur professionnel.<\/p>\n<\/section>\n<\/div>\n<div data-track=\"key-details\" data-v-83a2b402=\"\"><\/div>","protected":false},"featured_media":15837,"template":"","meta":[],"product_brand":[],"product_cat":[97],"product_tag":[101,102],"class_list":{"0":"post-15664","1":"product","2":"type-product","3":"status-publish","4":"has-post-thumbnail","6":"product_cat-dominican-republic","7":"product_tag-excursion","8":"product_tag-tour","10":"first","11":"instock","12":"shipping-taxable","13":"product-type-external"},"_links":{"self":[{"href":"https:\/\/sabanadelamartours.com\/fr\/wp-json\/wp\/v2\/product\/15664","targetHints":{"allow":["GET"]}}],"collection":[{"href":"https:\/\/sabanadelamartours.com\/fr\/wp-json\/wp\/v2\/product"}],"about":[{"href":"https:\/\/sabanadelamartours.com\/fr\/wp-json\/wp\/v2\/types\/product"}],"version-history":[{"count":1,"href":"https:\/\/sabanadelamartours.com\/fr\/wp-json\/wp\/v2\/product\/15664\/revisions"}],"predecessor-version":[{"id":19157,"href":"https:\/\/sabanadelamartours.com\/fr\/wp-json\/wp\/v2\/product\/15664\/revisions\/19157"}],"wp:featuredmedia":[{"embeddable":true,"href":"https:\/\/sabanadelamartours.com\/fr\/wp-json\/wp\/v2\/media\/15837"}],"wp:attachment":[{"href":"https:\/\/sabanadelamartours.com\/fr\/wp-json\/wp\/v2\/media?parent=15664"}],"wp:term":[{"taxonomy":"product_brand","embeddable":true,"href":"https:\/\/sabanadelamartours.com\/fr\/wp-json\/wp\/v2\/product_brand?post=15664"},{"taxonomy":"product_cat","embeddable":true,"href":"https:\/\/sabanadelamartours.com\/fr\/wp-json\/wp\/v2\/product_cat?post=15664"},{"taxonomy":"product_tag","embeddable":true,"href":"https:\/\/sabanadelamartours.com\/fr\/wp-json\/wp\/v2\/product_tag?post=15664"}],"curies":[{"name":"wp","href":"https:\/\/api.w.org\/{rel}","templated":true}]}}