{"id":15762,"date":"2025-12-18T13:20:15","date_gmt":"2025-12-18T13:20:15","guid":{"rendered":"https:\/\/sabanadelamartours.com\/?post_type=product&#038;p=15762"},"modified":"2026-02-14T02:35:20","modified_gmt":"2026-02-14T02:35:20","slug":"nager-avec-les-dauphins-a-locean-world-puerto-plata","status":"publish","type":"product","link":"https:\/\/sabanadelamartours.com\/fr\/tournee\/nager-avec-les-dauphins-a-locean-world-puerto-plata\/","title":{"rendered":"Nage VIP avec les dauphins \u00e0 Ocean World Puerto Plata"},"content":{"rendered":"<p>Bonjour aux amateurs d'aventures et de plaisirs aquatiques !<\/p>\n<p>Pr\u00e9parez-vous \u00e0 vivre une journ\u00e9e riche en \u00e9motions lors de notre passionnante excursion au parc aquatique Ocean World ! Lors de cette excursion unique, une exp\u00e9rience inoubliable pleine de divertissement, de nature et de d\u00e9tente vous attend.<\/p>\n<p>Nous commencerons notre voyage en nous laissant surprendre par des spectacles passionnants. Pr\u00e9parez-vous \u00e0 vous \u00e9merveiller devant l'intelligence et la gr\u00e2ce des dauphins, la gentillesse des otaries et l'\u00e9talage de couleurs et d'habilet\u00e9 des oiseaux exotiques. Ce sera un moment magique qui vous rapprochera de l'incroyable diversit\u00e9 de la vie marine.<\/p>\n<div class=\"toggle-content__content toggle-content__content--expanded toggle-content__content--packable\" data-v-59485d64=\"\">\n<div data-test-id=\"activity-full-description-text\" data-v-5835c99c=\"\">Ensuite, nous nous aventurerons dans une randonn\u00e9e fascinante \u00e0 travers la for\u00eat tropicale luxuriante. Dans ce paradis vert, vous aurez l'occasion unique d'interagir avec les oiseaux d'amour, une exp\u00e9rience qui vous remplira de joie et vous rapprochera de la beaut\u00e9 naturelle qui nous entoure. D\u00e9couvrez la faune dans son habitat naturel en observant des poissons et des iguanes dans leur milieu naturel.<\/div>\n<\/div>\n<div class=\"toggle-content__label-placeholder\" data-v-59485d64=\"\"><\/div>","protected":false},"excerpt":{"rendered":"<div data-track=\"overview\" data-v-83a2b402=\"\">\n<section id=\"activity-overview\" class=\"activity-overview\" data-component=\"overview\" data-v-83a2b402=\"\" data-v-f3236c42=\"\">\n<p class=\"activity-overview__content\" data-test-id=\"activity-overview-content\" data-v-f3236c42=\"\">Spectacle de dauphins, d'otaries et d'oiseaux, promenade dans la for\u00eat tropicale : interaction avec les oiseaux, observation de poissons et d'iguanes, plong\u00e9e en apn\u00e9e et nage avec les dauphins.<\/p>\n<\/section>\n<\/div>\n<div data-track=\"key-details\" data-v-83a2b402=\"\"><\/div>","protected":false},"featured_media":15969,"template":"","meta":[],"product_brand":[],"product_cat":[97],"product_tag":[101,102],"class_list":{"0":"post-15762","1":"product","2":"type-product","3":"status-publish","4":"has-post-thumbnail","6":"product_cat-dominican-republic","7":"product_tag-excursion","8":"product_tag-tour","10":"first","11":"instock","12":"shipping-taxable","13":"product-type-external"},"_links":{"self":[{"href":"https:\/\/sabanadelamartours.com\/fr\/wp-json\/wp\/v2\/product\/15762","targetHints":{"allow":["GET"]}}],"collection":[{"href":"https:\/\/sabanadelamartours.com\/fr\/wp-json\/wp\/v2\/product"}],"about":[{"href":"https:\/\/sabanadelamartours.com\/fr\/wp-json\/wp\/v2\/types\/product"}],"version-history":[{"count":1,"href":"https:\/\/sabanadelamartours.com\/fr\/wp-json\/wp\/v2\/product\/15762\/revisions"}],"predecessor-version":[{"id":19164,"href":"https:\/\/sabanadelamartours.com\/fr\/wp-json\/wp\/v2\/product\/15762\/revisions\/19164"}],"wp:featuredmedia":[{"embeddable":true,"href":"https:\/\/sabanadelamartours.com\/fr\/wp-json\/wp\/v2\/media\/15969"}],"wp:attachment":[{"href":"https:\/\/sabanadelamartours.com\/fr\/wp-json\/wp\/v2\/media?parent=15762"}],"wp:term":[{"taxonomy":"product_brand","embeddable":true,"href":"https:\/\/sabanadelamartours.com\/fr\/wp-json\/wp\/v2\/product_brand?post=15762"},{"taxonomy":"product_cat","embeddable":true,"href":"https:\/\/sabanadelamartours.com\/fr\/wp-json\/wp\/v2\/product_cat?post=15762"},{"taxonomy":"product_tag","embeddable":true,"href":"https:\/\/sabanadelamartours.com\/fr\/wp-json\/wp\/v2\/product_tag?post=15762"}],"curies":[{"name":"wp","href":"https:\/\/api.w.org\/{rel}","templated":true}]}}