{"id":15763,"date":"2025-12-18T13:20:15","date_gmt":"2025-12-18T13:20:15","guid":{"rendered":"https:\/\/sabanadelamartours.com\/?post_type=product&#038;p=15763"},"modified":"2025-12-18T13:29:46","modified_gmt":"2025-12-18T13:29:46","slug":"lile-de-saona-depuis-punta-cana-republique-dominicaine-reserver-maintenant","status":"publish","type":"product","link":"https:\/\/sabanadelamartours.com\/fr\/tournee\/lile-de-saona-depuis-punta-cana-republique-dominicaine-reserver-maintenant\/","title":{"rendered":"Saona Island From Punta Cana Dominican Republic Book Now"},"content":{"rendered":"<h2>Aventure sur l'\u00eele de Saona au d\u00e9part de Punta Cana, R\u00e9publique dominicaine<\/h2>\n<p>Embarquez pour une journ\u00e9e d'excursion passionnante sur l'\u00e9tonnante \u00eele de Saona, en commen\u00e7ant par une prise en charge matinale dans le hall de votre h\u00f4tel ou de votre appartement vers 7h00. En partant, vous appr\u00e9cierez le trajet pittoresque d'une heure jusqu'au port de Bayahibe \u00e0 La Romana, o\u00f9 vous embarquerez \u00e0 bord d'un catamaran spacieux pour un voyage inoubliable sur les eaux \u00e9tincelantes des Cara\u00efbes.<\/p>\n<p>Alors que le catamaran glisse sur les vagues, pr\u00e9parez-vous \u00e0 vous immerger dans l'atmosph\u00e8re vibrante. Dansez sur des airs entra\u00eenants de merengue et de bachata, sous la conduite de notre \u00e9quipage \u00e9nergique, afin de garder le moral \u00e0 l'approche de l'\u00eele enchanteresse.<\/p>\n<p>\u00c0 votre arriv\u00e9e sur l'\u00eele de Saona, vous serez accueillis par des plages de sable immacul\u00e9 et des palmiers luxuriants se balan\u00e7ant dans la brise. Participez aux activit\u00e9s et aux jeux organis\u00e9s par notre personnel amical. Lorsque la faim se fait sentir, vous pouvez vous laisser tenter par un d\u00e9licieux d\u00e9jeuner buffet compos\u00e9 de sp\u00e9cialit\u00e9s locales, servi vers 16 heures. Savourez les saveurs de la cuisine dominicaine traditionnelle tout en profitant de la vue imprenable sur l'\u00eele.<\/p>\n<p>Apr\u00e8s le d\u00e9jeuner, pr\u00e9parez-vous \u00e0 un retour exaltant sur un bateau rapide. Au cours de cette \u00e9tape, nous ferons un arr\u00eat sp\u00e9cial \u00e0 une piscine naturelle \u00e0 couper le souffle, o\u00f9 vous pourrez patauger dans les eaux turquoise peu profondes et prendre des photos inoubliables en compagnie de sympathiques \u00e9toiles de mer.<\/p>\n<p>Enfin, alors que votre journ\u00e9e passionnante touche \u00e0 sa fin, vous retournerez sur le continent pour \u00eatre transf\u00e9r\u00e9 \u00e0 votre h\u00f4tel, rempli de souvenirs d'une journ\u00e9e bien remplie au paradis.<\/p>","protected":false},"excerpt":{"rendered":"<div data-track=\"overview\" data-v-83a2b402=\"\">\n<section id=\"activity-overview\" class=\"activity-overview\" data-component=\"overview\" data-v-83a2b402=\"\" data-v-f3236c42=\"\">\n<p class=\"activity-overview__content\" data-test-id=\"activity-overview-content\" data-v-f3236c42=\"\">Vous passerez une journ\u00e9e inoubliable et agr\u00e9able \u00e0 la plage dans ce paradis tropical.<\/p>\n<\/section>\n<\/div>\n<div data-track=\"key-details\" data-v-83a2b402=\"\"><\/div>","protected":false},"featured_media":15978,"template":"","meta":[],"product_brand":[],"product_cat":[97,98],"product_tag":[101,102],"class_list":{"0":"post-15763","1":"product","2":"type-product","3":"status-publish","4":"has-post-thumbnail","6":"product_cat-dominican-republic","7":"product_cat-saona-island","8":"product_tag-excursion","9":"product_tag-tour","11":"first","12":"instock","13":"sale","14":"shipping-taxable","15":"product-type-external"},"_links":{"self":[{"href":"https:\/\/sabanadelamartours.com\/fr\/wp-json\/wp\/v2\/product\/15763","targetHints":{"allow":["GET"]}}],"collection":[{"href":"https:\/\/sabanadelamartours.com\/fr\/wp-json\/wp\/v2\/product"}],"about":[{"href":"https:\/\/sabanadelamartours.com\/fr\/wp-json\/wp\/v2\/types\/product"}],"version-history":[{"count":0,"href":"https:\/\/sabanadelamartours.com\/fr\/wp-json\/wp\/v2\/product\/15763\/revisions"}],"wp:featuredmedia":[{"embeddable":true,"href":"https:\/\/sabanadelamartours.com\/fr\/wp-json\/wp\/v2\/media\/15978"}],"wp:attachment":[{"href":"https:\/\/sabanadelamartours.com\/fr\/wp-json\/wp\/v2\/media?parent=15763"}],"wp:term":[{"taxonomy":"product_brand","embeddable":true,"href":"https:\/\/sabanadelamartours.com\/fr\/wp-json\/wp\/v2\/product_brand?post=15763"},{"taxonomy":"product_cat","embeddable":true,"href":"https:\/\/sabanadelamartours.com\/fr\/wp-json\/wp\/v2\/product_cat?post=15763"},{"taxonomy":"product_tag","embeddable":true,"href":"https:\/\/sabanadelamartours.com\/fr\/wp-json\/wp\/v2\/product_tag?post=15763"}],"curies":[{"name":"wp","href":"https:\/\/api.w.org\/{rel}","templated":true}]}}