{"id":15835,"date":"2025-12-18T13:23:38","date_gmt":"2025-12-18T13:23:38","guid":{"rendered":"https:\/\/sabanadelamartours.com\/?post_type=product&#038;p=15835"},"modified":"2025-12-18T13:31:45","modified_gmt":"2025-12-18T13:31:45","slug":"transfert-prive-de-riu-republica-a-laeroport-de-punta-cana","status":"publish","type":"product","link":"https:\/\/sabanadelamartours.com\/fr\/tournee\/transfert-prive-de-riu-republica-a-laeroport-de-punta-cana\/","title":{"rendered":"Transfert priv\u00e9 du Riu Republica \u00e0 l'a\u00e9roport de Punta Cana"},"content":{"rendered":"<p>Punta Cana Transfer est un chef de file dans la prestation de services de transport priv\u00e9 \u00e0 Punta Cana. En tant qu'entreprise, nous avons plus de 4 ans d'exp\u00e9rience et plus de 1000 commentaires 5 \u00e9toiles sur TripAdvisor. Profitez de la facilit\u00e9 d'\u00eatre pris en charge par votre propre repr\u00e9sentant du service \u00e0 la client\u00e8le avant, pendant et apr\u00e8s votre voyage. Pas de tickets, d'attente d'emails ou de longues files d'attente, toutes les communications sont imm\u00e9diates et se font par SMS. Votre chauffeur vous attendra avec un panneau \u00e0 votre arriv\u00e9e et vous conduira directement \u00e0 votre lieu de vill\u00e9giature, sans arr\u00eat ind\u00e9sirable ni surprise. R\u00e9servez votre trajet et allez directement de l'a\u00e9roport de Punta Cana au Riu Republica ou du Riu Republica \u00e0 l'a\u00e9roport de Punta Cana pour prendre votre vol.<\/p>","protected":false},"excerpt":{"rendered":"<div data-track=\"overview\" data-v-83a2b402=\"\">\n<section id=\"activity-overview\" class=\"activity-overview\" data-component=\"overview\" data-v-83a2b402=\"\" data-v-f3236c42=\"\">\n<p class=\"activity-overview__content\" data-test-id=\"activity-overview-content\" data-v-f3236c42=\"\">Le transport sans souci, r\u00e9servez maintenant et votre chauffeur sera \u00e0 l'heure convenue dans le hall d'entr\u00e9e avec un panneau avec votre nom afin que vous puissiez rapidement identifier votre transport et partir pour l'a\u00e9roport.<\/p>\n<\/section>\n<\/div>\n<div data-track=\"key-details\" data-v-83a2b402=\"\"><\/div>","protected":false},"featured_media":16029,"template":"","meta":[],"product_brand":[],"product_cat":[97],"product_tag":[101,102],"class_list":{"0":"post-15835","1":"product","2":"type-product","3":"status-publish","4":"has-post-thumbnail","6":"product_cat-dominican-republic","7":"product_tag-excursion","8":"product_tag-tour","10":"first","11":"instock","12":"shipping-taxable","13":"product-type-external"},"_links":{"self":[{"href":"https:\/\/sabanadelamartours.com\/fr\/wp-json\/wp\/v2\/product\/15835","targetHints":{"allow":["GET"]}}],"collection":[{"href":"https:\/\/sabanadelamartours.com\/fr\/wp-json\/wp\/v2\/product"}],"about":[{"href":"https:\/\/sabanadelamartours.com\/fr\/wp-json\/wp\/v2\/types\/product"}],"version-history":[{"count":0,"href":"https:\/\/sabanadelamartours.com\/fr\/wp-json\/wp\/v2\/product\/15835\/revisions"}],"wp:featuredmedia":[{"embeddable":true,"href":"https:\/\/sabanadelamartours.com\/fr\/wp-json\/wp\/v2\/media\/16029"}],"wp:attachment":[{"href":"https:\/\/sabanadelamartours.com\/fr\/wp-json\/wp\/v2\/media?parent=15835"}],"wp:term":[{"taxonomy":"product_brand","embeddable":true,"href":"https:\/\/sabanadelamartours.com\/fr\/wp-json\/wp\/v2\/product_brand?post=15835"},{"taxonomy":"product_cat","embeddable":true,"href":"https:\/\/sabanadelamartours.com\/fr\/wp-json\/wp\/v2\/product_cat?post=15835"},{"taxonomy":"product_tag","embeddable":true,"href":"https:\/\/sabanadelamartours.com\/fr\/wp-json\/wp\/v2\/product_tag?post=15835"}],"curies":[{"name":"wp","href":"https:\/\/api.w.org\/{rel}","templated":true}]}}