{"id":15882,"date":"2025-12-18T13:25:33","date_gmt":"2025-12-18T13:25:33","guid":{"rendered":"https:\/\/sabanadelamartours.com\/?post_type=product&#038;p=15882"},"modified":"2026-02-14T02:57:36","modified_gmt":"2026-02-14T02:57:36","slug":"transfert-de-laeroport-la-romana-a-lhotel-bayahibe-punta-cana","status":"publish","type":"product","link":"https:\/\/sabanadelamartours.com\/fr\/tournee\/transfert-de-laeroport-la-romana-a-lhotel-bayahibe-punta-cana\/","title":{"rendered":"Transfert de l'a\u00e9roport de La Romana \u00e0 l'h\u00f4tel Bayahibe &amp; Punta Cana"},"content":{"rendered":"<p>Profitez d'un service de transfert priv\u00e9 de l'a\u00e9roport de La Romana \u00e0 votre h\u00f4tel \u00e0 Punta Cana. Voyagez dans un v\u00e9hicule moderne et confortable et commencez vos vacances sans stress.<\/p>\n<p>Votre chauffeur vous accueille \u00e0 l'a\u00e9roport et vous aide \u00e0 porter vos bagages. Ensuite, installez-vous confortablement et d\u00e9tendez-vous pendant que vous \u00eates conduit \u00e0 votre h\u00f4tel \u00e0 Punta Cana.<\/p>\n<div class=\"toggle-content__content toggle-content__content--expanded toggle-content__content--packable\" data-v-59485d64=\"\">\n<div data-test-id=\"activity-full-description-text\" data-v-5835c99c=\"\">Voyagez dans un v\u00e9hicule moderne et confortable et commencez vos vacances sans stress. B\u00e9n\u00e9ficiez d'un service disponible 24 heures sur 24, 7 jours sur 7 et adapt\u00e9 \u00e0 vos besoins.<\/div>\n<\/div>\n<div class=\"toggle-content__label-placeholder\" data-v-59485d64=\"\"><\/div>","protected":false},"excerpt":{"rendered":"<div data-track=\"overview\" data-v-83a2b402=\"\">\n<section id=\"activity-overview\" class=\"activity-overview\" data-component=\"overview\" data-v-83a2b402=\"\" data-v-f3236c42=\"\">\n<p class=\"activity-overview__content\" data-test-id=\"activity-overview-content\" data-v-f3236c42=\"\">Profitez d'un transfert priv\u00e9 de l'a\u00e9roport de La Romana \u00e0 votre h\u00f4tel dans la ville. Voyagez dans le confort et le style \u00e0 bord d'un v\u00e9hicule moderne et climatis\u00e9.<\/p>\n<\/section>\n<\/div>\n<div data-track=\"key-details\" data-v-83a2b402=\"\"><\/div>","protected":false},"featured_media":16084,"template":"","meta":[],"product_brand":[],"product_cat":[97],"product_tag":[101,102],"class_list":{"0":"post-15882","1":"product","2":"type-product","3":"status-publish","4":"has-post-thumbnail","6":"product_cat-dominican-republic","7":"product_tag-excursion","8":"product_tag-tour","10":"first","11":"instock","12":"shipping-taxable","13":"product-type-external"},"_links":{"self":[{"href":"https:\/\/sabanadelamartours.com\/fr\/wp-json\/wp\/v2\/product\/15882","targetHints":{"allow":["GET"]}}],"collection":[{"href":"https:\/\/sabanadelamartours.com\/fr\/wp-json\/wp\/v2\/product"}],"about":[{"href":"https:\/\/sabanadelamartours.com\/fr\/wp-json\/wp\/v2\/types\/product"}],"version-history":[{"count":1,"href":"https:\/\/sabanadelamartours.com\/fr\/wp-json\/wp\/v2\/product\/15882\/revisions"}],"predecessor-version":[{"id":19176,"href":"https:\/\/sabanadelamartours.com\/fr\/wp-json\/wp\/v2\/product\/15882\/revisions\/19176"}],"wp:featuredmedia":[{"embeddable":true,"href":"https:\/\/sabanadelamartours.com\/fr\/wp-json\/wp\/v2\/media\/16084"}],"wp:attachment":[{"href":"https:\/\/sabanadelamartours.com\/fr\/wp-json\/wp\/v2\/media?parent=15882"}],"wp:term":[{"taxonomy":"product_brand","embeddable":true,"href":"https:\/\/sabanadelamartours.com\/fr\/wp-json\/wp\/v2\/product_brand?post=15882"},{"taxonomy":"product_cat","embeddable":true,"href":"https:\/\/sabanadelamartours.com\/fr\/wp-json\/wp\/v2\/product_cat?post=15882"},{"taxonomy":"product_tag","embeddable":true,"href":"https:\/\/sabanadelamartours.com\/fr\/wp-json\/wp\/v2\/product_tag?post=15882"}],"curies":[{"name":"wp","href":"https:\/\/api.w.org\/{rel}","templated":true}]}}