{"id":15897,"date":"2025-12-18T13:26:21","date_gmt":"2025-12-18T13:26:21","guid":{"rendered":"https:\/\/sabanadelamartours.com\/?post_type=product&#038;p=15897"},"modified":"2026-02-14T03:00:46","modified_gmt":"2026-02-14T03:00:46","slug":"3-en-1-los-haitises-w-montana-redonda-yanigua-waterfalls","status":"publish","type":"product","link":"https:\/\/sabanadelamartours.com\/fr\/tournee\/3-en-1-los-haitises-w-montana-redonda-yanigua-waterfalls\/","title":{"rendered":"3-en-1 : Los Haitises avec Monta\u00f1a Redonda et les chutes d'eau de Yanigua"},"content":{"rendered":"<p>Vous \u00eates \u00e0 la recherche d'une excursion inoubliable pour explorer la beaut\u00e9 naturelle de la R\u00e9publique dominicaine ? Ne cherchez pas plus loin que notre circuit trois-en-un au d\u00e9part de Punta Cana, qui vous emm\u00e8ne vers trois destinations incroyables qui vous couperont le souffle.<\/p>\n<p>La premi\u00e8re \u00e9tape de l'itin\u00e9raire est la montagne ronde (Monta\u00f1a Redonda en espagnol) : une destination incontournable en R\u00e9publique dominicaine en raison de sa beaut\u00e9 naturelle \u00e0 couper le souffle. Situ\u00e9e \u00e0 Miches, dans la province d'El Seibo, cette montagne se trouve entre les magnifiques Laguna Rinc\u00f3n et Laguna Redonda. \u00c0 une hauteur impressionnante d'environ 1 000 pieds, la Monta\u00f1a Redonda offre une magnifique vue \u00e0 360 degr\u00e9s sur les environs. De l\u00e0, vous pourrez admirer la pittoresque Bah\u00eda de Saman\u00e1, la Laguna Redonda, El Lim\u00f3n, Miches et El Seibo. N'oubliez pas de prendre une photo m\u00e9morable sur la \u00abbalan\u00e7oire la plus c\u00e9l\u00e8bre\u00bb de tout le pays.<\/p>\n<p>Ensuite, le parc national de Los Haitises, une zone vierge o\u00f9 vous d\u00e9couvrirez la beaut\u00e9 brute des paysages naturels de la R\u00e9publique dominicaine. De ses mangroves et jungles luxuriantes \u00e0 ses fascinants sites arch\u00e9ologiques cach\u00e9s dans des grottes, ce parc est une v\u00e9ritable merveille de la nature. Ouvrez l'\u0153il pour observer des esp\u00e8ces d'oiseaux rares que vous ne trouverez nulle part ailleurs dans le monde.<\/p>\n<p>Enfin, vous visiterez les chutes d'eau de Yanigua Ranch. Cette cascade spectaculaire est une \u00e9chappatoire id\u00e9ale \u00e0 l'agitation des foules touristiques de Punta Cana. Elle est envelopp\u00e9e d'une v\u00e9g\u00e9tation dense qui donne l'illusion d'\u00eatre \u00e0 des kilom\u00e8tres de la civilisation, m\u00eame si ce n'est pas le cas.<\/p>\n<p>Ne manquez pas cette incroyable excursion d'\u00e9cotourisme qui met en lumi\u00e8re les meilleures merveilles naturelles de la R\u00e9publique dominicaine. Des sites parfaitement am\u00e9nag\u00e9s comme la Round Mountain \u00e0 la nature sauvage intacte du parc national de Los Haitises, en passant par la nature contr\u00f4l\u00e9e du Yanigua Ranch, cette excursion a de quoi plaire \u00e0 tout le monde.<\/p>\n<p>Un d\u00e9jeuner typiquement dominicain est offert ainsi que le transport depuis votre h\u00f4tel. Si vous s\u00e9journez dans un Airbnb, il y aura un lieu de ramassage proche.<\/p>","protected":false},"excerpt":{"rendered":"<div data-track=\"overview\" data-v-83a2b402=\"\">\n<section id=\"activity-overview\" class=\"activity-overview\" data-component=\"overview\" data-v-83a2b402=\"\" data-v-f3236c42=\"\">\n<p class=\"activity-overview__content\" data-test-id=\"activity-overview-content\" data-v-f3236c42=\"\">Faites l'exp\u00e9rience d'une excursion \u00e9cotouristique 3 en 1 inoubliable pour visiter la montagne ronde, le parc national de Los Haitises et les cascades enchanteresses de Yanigua Ranch, qui mettent en valeur la beaut\u00e9 naturelle du pays.<\/p>\n<\/section>\n<\/div>\n<div data-track=\"key-details\" data-v-83a2b402=\"\"><\/div>","protected":false},"featured_media":16104,"template":"","meta":[],"product_brand":[],"product_cat":[97],"product_tag":[101,102],"class_list":{"0":"post-15897","1":"product","2":"type-product","3":"status-publish","4":"has-post-thumbnail","6":"product_cat-dominican-republic","7":"product_tag-excursion","8":"product_tag-tour","10":"first","11":"instock","12":"shipping-taxable","13":"product-type-external"},"_links":{"self":[{"href":"https:\/\/sabanadelamartours.com\/fr\/wp-json\/wp\/v2\/product\/15897","targetHints":{"allow":["GET"]}}],"collection":[{"href":"https:\/\/sabanadelamartours.com\/fr\/wp-json\/wp\/v2\/product"}],"about":[{"href":"https:\/\/sabanadelamartours.com\/fr\/wp-json\/wp\/v2\/types\/product"}],"version-history":[{"count":1,"href":"https:\/\/sabanadelamartours.com\/fr\/wp-json\/wp\/v2\/product\/15897\/revisions"}],"predecessor-version":[{"id":19179,"href":"https:\/\/sabanadelamartours.com\/fr\/wp-json\/wp\/v2\/product\/15897\/revisions\/19179"}],"wp:featuredmedia":[{"embeddable":true,"href":"https:\/\/sabanadelamartours.com\/fr\/wp-json\/wp\/v2\/media\/16104"}],"wp:attachment":[{"href":"https:\/\/sabanadelamartours.com\/fr\/wp-json\/wp\/v2\/media?parent=15897"}],"wp:term":[{"taxonomy":"product_brand","embeddable":true,"href":"https:\/\/sabanadelamartours.com\/fr\/wp-json\/wp\/v2\/product_brand?post=15897"},{"taxonomy":"product_cat","embeddable":true,"href":"https:\/\/sabanadelamartours.com\/fr\/wp-json\/wp\/v2\/product_cat?post=15897"},{"taxonomy":"product_tag","embeddable":true,"href":"https:\/\/sabanadelamartours.com\/fr\/wp-json\/wp\/v2\/product_tag?post=15897"}],"curies":[{"name":"wp","href":"https:\/\/api.w.org\/{rel}","templated":true}]}}